{"id":3732,"date":"2025-03-24T11:36:51","date_gmt":"2025-03-24T03:36:51","guid":{"rendered":"http:\/\/www.gowe-group.com\/?post_type=product&#038;p=3732"},"modified":"2025-08-14T10:48:18","modified_gmt":"2025-08-14T02:48:18","slug":"ringschlussgerust","status":"publish","type":"product","link":"https:\/\/www.gowe-group.com\/de\/product\/ringlock-scaffolding\/","title":{"rendered":"Ringlock -Ger\u00fcst"},"content":{"rendered":"<p>Das Ringlock -Ger\u00fcst kann in ein 48 -mm -System und ein 60 -mm -System unterteilt werden.<\/p>\n<p>&nbsp;<\/p>\n<p><img fetchpriority=\"high\" decoding=\"async\" class=\"aligncenter wp-image-3758 size-full\" src=\"http:\/\/www.gowe-group.com\/wp-content\/uploads\/2025\/03\/pankou3001.jpg\" alt=\"pankou3001\" width=\"516\" height=\"703\" srcset=\"https:\/\/www.gowe-group.com\/wp-content\/uploads\/2025\/03\/pankou3001.jpg 516w, https:\/\/www.gowe-group.com\/wp-content\/uploads\/2025\/03\/pankou3001-220x300.jpg 220w\" sizes=\"(max-width: 516px) 100vw, 516px\" \/><\/p>\n<p>&nbsp;<\/p>\n<p><strong>Ringlock Ger\u00fcstbau &amp; Zubeh\u00f6r Komponenten<\/strong><\/p>\n<table style=\"border-collapse: collapse; width: 100%;\">\n<tbody>\n<tr>\n<td style=\"width: 25%;\"><img decoding=\"async\" class=\"aligncenter wp-image-4681 size-medium\" src=\"https:\/\/www.gowe-group.com\/wp-content\/uploads\/2025\/04\/Adjustable-Base-Jack-2-300x300.jpg\" alt=\"Verstellbarer Basis-Jack-Gowe\" width=\"300\" height=\"300\" srcset=\"https:\/\/www.gowe-group.com\/wp-content\/uploads\/2025\/04\/Adjustable-Base-Jack-2-300x300.jpg 300w, https:\/\/www.gowe-group.com\/wp-content\/uploads\/2025\/04\/Adjustable-Base-Jack-2-150x150.jpg 150w, https:\/\/www.gowe-group.com\/wp-content\/uploads\/2025\/04\/Adjustable-Base-Jack-2-12x12.jpg 12w, https:\/\/www.gowe-group.com\/wp-content\/uploads\/2025\/04\/Adjustable-Base-Jack-2-100x100.jpg 100w, https:\/\/www.gowe-group.com\/wp-content\/uploads\/2025\/04\/Adjustable-Base-Jack-2.jpg 500w\" sizes=\"(max-width: 300px) 100vw, 300px\" \/><\/td>\n<td style=\"width: 25%;\"><img decoding=\"async\" class=\"wp-image-4915 size-medium aligncenter\" src=\"https:\/\/www.gowe-group.com\/wp-content\/uploads\/2025\/03\/Adjustable-U-head-1-300x300.jpg\" alt=\"Einstellbarer U-Kopf-GOWE\" width=\"300\" height=\"300\" srcset=\"https:\/\/www.gowe-group.com\/wp-content\/uploads\/2025\/03\/Adjustable-U-head-1-300x300.jpg 300w, https:\/\/www.gowe-group.com\/wp-content\/uploads\/2025\/03\/Adjustable-U-head-1-150x150.jpg 150w, https:\/\/www.gowe-group.com\/wp-content\/uploads\/2025\/03\/Adjustable-U-head-1-12x12.jpg 12w, https:\/\/www.gowe-group.com\/wp-content\/uploads\/2025\/03\/Adjustable-U-head-1-100x100.jpg 100w, https:\/\/www.gowe-group.com\/wp-content\/uploads\/2025\/03\/Adjustable-U-head-1.jpg 500w\" sizes=\"(max-width: 300px) 100vw, 300px\" \/><\/td>\n<td style=\"width: 25%;\"><img loading=\"lazy\" decoding=\"async\" class=\"size-medium wp-image-4916 aligncenter\" src=\"https:\/\/www.gowe-group.com\/wp-content\/uploads\/2025\/03\/Base-Collar-2-300x300.jpg\" alt=\"Basis Manschette-Ger\u00fcstsystem-Gowe\" width=\"300\" height=\"300\" srcset=\"https:\/\/www.gowe-group.com\/wp-content\/uploads\/2025\/03\/Base-Collar-2-300x300.jpg 300w, https:\/\/www.gowe-group.com\/wp-content\/uploads\/2025\/03\/Base-Collar-2-150x150.jpg 150w, https:\/\/www.gowe-group.com\/wp-content\/uploads\/2025\/03\/Base-Collar-2-12x12.jpg 12w, https:\/\/www.gowe-group.com\/wp-content\/uploads\/2025\/03\/Base-Collar-2-100x100.jpg 100w, https:\/\/www.gowe-group.com\/wp-content\/uploads\/2025\/03\/Base-Collar-2.jpg 500w\" sizes=\"(max-width: 300px) 100vw, 300px\" \/><\/td>\n<td style=\"width: 25%;\"><img loading=\"lazy\" decoding=\"async\" class=\"aligncenter wp-image-4917 size-medium\" src=\"https:\/\/www.gowe-group.com\/wp-content\/uploads\/2025\/03\/Horizontal-Diagonal-Brace-1-300x300.jpg\" alt=\"Diagonale Strebe - Ger\u00fcstsystem - Gowe\" width=\"300\" height=\"300\" srcset=\"https:\/\/www.gowe-group.com\/wp-content\/uploads\/2025\/03\/Horizontal-Diagonal-Brace-1-300x300.jpg 300w, https:\/\/www.gowe-group.com\/wp-content\/uploads\/2025\/03\/Horizontal-Diagonal-Brace-1-150x150.jpg 150w, https:\/\/www.gowe-group.com\/wp-content\/uploads\/2025\/03\/Horizontal-Diagonal-Brace-1-12x12.jpg 12w, https:\/\/www.gowe-group.com\/wp-content\/uploads\/2025\/03\/Horizontal-Diagonal-Brace-1-100x100.jpg 100w, https:\/\/www.gowe-group.com\/wp-content\/uploads\/2025\/03\/Horizontal-Diagonal-Brace-1.jpg 500w\" sizes=\"(max-width: 300px) 100vw, 300px\" \/><\/td>\n<\/tr>\n<tr>\n<td style=\"width: 25%; text-align: center;\"><strong>Basis-Buchse<\/strong><\/td>\n<td style=\"width: 25%; text-align: center;\"><strong>U-Kopf-Buchse<\/strong><\/td>\n<td style=\"width: 25%; text-align: center;\"><strong>Basis Kragen<\/strong><\/td>\n<td style=\"width: 25%; text-align: center;\"><strong>Diagonale Strebe<\/strong><\/td>\n<\/tr>\n<tr>\n<td style=\"width: 25%;\"><img loading=\"lazy\" decoding=\"async\" class=\"alignnone size-medium wp-image-4918\" src=\"https:\/\/www.gowe-group.com\/wp-content\/uploads\/2025\/03\/Standard-with-Spigot-2-300x300.jpg\" alt=\"Standard mit Zapfenger\u00fcstsystem - Gowe\" width=\"300\" height=\"300\" srcset=\"https:\/\/www.gowe-group.com\/wp-content\/uploads\/2025\/03\/Standard-with-Spigot-2-300x300.jpg 300w, https:\/\/www.gowe-group.com\/wp-content\/uploads\/2025\/03\/Standard-with-Spigot-2-150x150.jpg 150w, https:\/\/www.gowe-group.com\/wp-content\/uploads\/2025\/03\/Standard-with-Spigot-2-12x12.jpg 12w, https:\/\/www.gowe-group.com\/wp-content\/uploads\/2025\/03\/Standard-with-Spigot-2-100x100.jpg 100w, https:\/\/www.gowe-group.com\/wp-content\/uploads\/2025\/03\/Standard-with-Spigot-2.jpg 500w\" sizes=\"(max-width: 300px) 100vw, 300px\" \/><\/td>\n<td style=\"width: 25%;\"><img loading=\"lazy\" decoding=\"async\" class=\"aligncenter size-medium wp-image-4920\" src=\"https:\/\/www.gowe-group.com\/wp-content\/uploads\/2025\/03\/Metal-Plank-2-300x300.jpg\" alt=\"Metallplanken-Ger\u00fcstsystem-Gowe\" width=\"300\" height=\"300\" srcset=\"https:\/\/www.gowe-group.com\/wp-content\/uploads\/2025\/03\/Metal-Plank-2-300x300.jpg 300w, https:\/\/www.gowe-group.com\/wp-content\/uploads\/2025\/03\/Metal-Plank-2-150x150.jpg 150w, https:\/\/www.gowe-group.com\/wp-content\/uploads\/2025\/03\/Metal-Plank-2-12x12.jpg 12w, https:\/\/www.gowe-group.com\/wp-content\/uploads\/2025\/03\/Metal-Plank-2-100x100.jpg 100w, https:\/\/www.gowe-group.com\/wp-content\/uploads\/2025\/03\/Metal-Plank-2.jpg 500w\" sizes=\"(max-width: 300px) 100vw, 300px\" \/><\/td>\n<td style=\"width: 25%;\"><img loading=\"lazy\" decoding=\"async\" class=\"aligncenter size-medium wp-image-4921\" src=\"https:\/\/www.gowe-group.com\/wp-content\/uploads\/2025\/03\/Catwalk-2-300x300.jpg\" alt=\"Laufsteg-Stahlplanke-Bodenbelag-Gewebe\" width=\"300\" height=\"300\" srcset=\"https:\/\/www.gowe-group.com\/wp-content\/uploads\/2025\/03\/Catwalk-2-300x300.jpg 300w, https:\/\/www.gowe-group.com\/wp-content\/uploads\/2025\/03\/Catwalk-2-150x150.jpg 150w, https:\/\/www.gowe-group.com\/wp-content\/uploads\/2025\/03\/Catwalk-2-12x12.jpg 12w, https:\/\/www.gowe-group.com\/wp-content\/uploads\/2025\/03\/Catwalk-2-100x100.jpg 100w, https:\/\/www.gowe-group.com\/wp-content\/uploads\/2025\/03\/Catwalk-2.jpg 500w\" sizes=\"(max-width: 300px) 100vw, 300px\" \/><\/td>\n<td style=\"width: 25%;\"><img loading=\"lazy\" decoding=\"async\" class=\"aligncenter size-medium wp-image-4922\" src=\"https:\/\/www.gowe-group.com\/wp-content\/uploads\/2025\/03\/Monkey-Ladder-1-300x300.jpg\" alt=\"Affenleiter-Ger\u00fcstsystem-Gowe\" width=\"300\" height=\"300\" srcset=\"https:\/\/www.gowe-group.com\/wp-content\/uploads\/2025\/03\/Monkey-Ladder-1-300x300.jpg 300w, https:\/\/www.gowe-group.com\/wp-content\/uploads\/2025\/03\/Monkey-Ladder-1-150x150.jpg 150w, https:\/\/www.gowe-group.com\/wp-content\/uploads\/2025\/03\/Monkey-Ladder-1-12x12.jpg 12w, https:\/\/www.gowe-group.com\/wp-content\/uploads\/2025\/03\/Monkey-Ladder-1-100x100.jpg 100w, https:\/\/www.gowe-group.com\/wp-content\/uploads\/2025\/03\/Monkey-Ladder-1.jpg 500w\" sizes=\"(max-width: 300px) 100vw, 300px\" \/><\/td>\n<\/tr>\n<tr>\n<td style=\"width: 25%; text-align: center;\"><strong>Standard<\/strong><\/td>\n<td style=\"width: 25%; text-align: center;\"><strong>Metallplanke<\/strong><\/td>\n<td style=\"width: 25%; text-align: center;\"><strong>Laufsteg\/Stahlplanke\/Bodenbelag<\/strong><\/td>\n<td style=\"width: 25%; text-align: center;\"><strong>Leiter<\/strong><\/td>\n<\/tr>\n<tr>\n<td style=\"width: 25%; text-align: center;\"><strong><img loading=\"lazy\" decoding=\"async\" class=\"aligncenter size-medium wp-image-4923\" src=\"https:\/\/www.gowe-group.com\/wp-content\/uploads\/2025\/03\/Triangle-Bracket-1-300x300.jpg\" alt=\"Triangle Bracket - Ger\u00fcstsystem - Gowe\" width=\"300\" height=\"300\" srcset=\"https:\/\/www.gowe-group.com\/wp-content\/uploads\/2025\/03\/Triangle-Bracket-1-300x300.jpg 300w, https:\/\/www.gowe-group.com\/wp-content\/uploads\/2025\/03\/Triangle-Bracket-1-150x150.jpg 150w, https:\/\/www.gowe-group.com\/wp-content\/uploads\/2025\/03\/Triangle-Bracket-1-12x12.jpg 12w, https:\/\/www.gowe-group.com\/wp-content\/uploads\/2025\/03\/Triangle-Bracket-1-100x100.jpg 100w, https:\/\/www.gowe-group.com\/wp-content\/uploads\/2025\/03\/Triangle-Bracket-1.jpg 500w\" sizes=\"(max-width: 300px) 100vw, 300px\" \/><\/strong><\/td>\n<td style=\"width: 25%; text-align: center;\"><strong><img loading=\"lazy\" decoding=\"async\" class=\"aligncenter size-medium wp-image-4924\" src=\"https:\/\/www.gowe-group.com\/wp-content\/uploads\/2025\/03\/Rosette-1-300x300.jpg\" alt=\"Rosettenger\u00fcstsystem-GOWE\" width=\"300\" height=\"300\" srcset=\"https:\/\/www.gowe-group.com\/wp-content\/uploads\/2025\/03\/Rosette-1-300x300.jpg 300w, https:\/\/www.gowe-group.com\/wp-content\/uploads\/2025\/03\/Rosette-1-150x150.jpg 150w, https:\/\/www.gowe-group.com\/wp-content\/uploads\/2025\/03\/Rosette-1-12x12.jpg 12w, https:\/\/www.gowe-group.com\/wp-content\/uploads\/2025\/03\/Rosette-1-100x100.jpg 100w, https:\/\/www.gowe-group.com\/wp-content\/uploads\/2025\/03\/Rosette-1.jpg 500w\" sizes=\"(max-width: 300px) 100vw, 300px\" \/><\/strong><\/td>\n<td style=\"width: 25%; text-align: center;\"><strong><img loading=\"lazy\" decoding=\"async\" class=\"aligncenter size-medium wp-image-4925\" src=\"https:\/\/www.gowe-group.com\/wp-content\/uploads\/2025\/03\/Diagonal-Brace-Casting-Head-1-300x300.jpg\" alt=\"Diagonale St\u00fctze Gusskopf-SCAFFOLDING SYSTEM-GOWE\" width=\"300\" height=\"300\" srcset=\"https:\/\/www.gowe-group.com\/wp-content\/uploads\/2025\/03\/Diagonal-Brace-Casting-Head-1-300x300.jpg 300w, https:\/\/www.gowe-group.com\/wp-content\/uploads\/2025\/03\/Diagonal-Brace-Casting-Head-1-150x150.jpg 150w, https:\/\/www.gowe-group.com\/wp-content\/uploads\/2025\/03\/Diagonal-Brace-Casting-Head-1-12x12.jpg 12w, https:\/\/www.gowe-group.com\/wp-content\/uploads\/2025\/03\/Diagonal-Brace-Casting-Head-1-100x100.jpg 100w, https:\/\/www.gowe-group.com\/wp-content\/uploads\/2025\/03\/Diagonal-Brace-Casting-Head-1.jpg 500w\" sizes=\"(max-width: 300px) 100vw, 300px\" \/><\/strong><\/td>\n<td style=\"width: 25%; text-align: center;\"><strong><img loading=\"lazy\" decoding=\"async\" class=\"aligncenter size-medium wp-image-4926\" src=\"https:\/\/www.gowe-group.com\/wp-content\/uploads\/2025\/03\/Ledger-Casting-Head-5-300x300.jpg\" alt=\"Ledger Casting Head-Ger\u00fcstsystem-Gowe\" width=\"300\" height=\"300\" srcset=\"https:\/\/www.gowe-group.com\/wp-content\/uploads\/2025\/03\/Ledger-Casting-Head-5-300x300.jpg 300w, https:\/\/www.gowe-group.com\/wp-content\/uploads\/2025\/03\/Ledger-Casting-Head-5-150x150.jpg 150w, https:\/\/www.gowe-group.com\/wp-content\/uploads\/2025\/03\/Ledger-Casting-Head-5-12x12.jpg 12w, https:\/\/www.gowe-group.com\/wp-content\/uploads\/2025\/03\/Ledger-Casting-Head-5-100x100.jpg 100w, https:\/\/www.gowe-group.com\/wp-content\/uploads\/2025\/03\/Ledger-Casting-Head-5.jpg 500w\" sizes=\"(max-width: 300px) 100vw, 300px\" \/><\/strong><\/td>\n<\/tr>\n<tr>\n<td style=\"width: 25%; text-align: center;\"><strong>Dreieckige Klammer<\/strong><\/td>\n<td style=\"width: 25%; text-align: center;\"><strong>M48\/M60-Rosette<\/strong><\/td>\n<td style=\"width: 25%; text-align: center;\"><strong>Diagonaler Strebenkopf mit Stift<\/strong><\/td>\n<td style=\"width: 25%; text-align: center;\"><strong>Ledger Kopf<\/strong><\/td>\n<\/tr>\n<tr>\n<td style=\"width: 25%; text-align: center;\"><strong><img loading=\"lazy\" decoding=\"async\" class=\"aligncenter size-medium wp-image-4927\" src=\"https:\/\/www.gowe-group.com\/wp-content\/uploads\/2025\/03\/Staircase-1-300x300.jpg\" alt=\"Treppenhaus-gowe\" width=\"300\" height=\"300\" srcset=\"https:\/\/www.gowe-group.com\/wp-content\/uploads\/2025\/03\/Staircase-1-300x300.jpg 300w, https:\/\/www.gowe-group.com\/wp-content\/uploads\/2025\/03\/Staircase-1-150x150.jpg 150w, https:\/\/www.gowe-group.com\/wp-content\/uploads\/2025\/03\/Staircase-1-12x12.jpg 12w, https:\/\/www.gowe-group.com\/wp-content\/uploads\/2025\/03\/Staircase-1-100x100.jpg 100w, https:\/\/www.gowe-group.com\/wp-content\/uploads\/2025\/03\/Staircase-1.jpg 500w\" sizes=\"(max-width: 300px) 100vw, 300px\" \/><\/strong><\/td>\n<td style=\"width: 25%; text-align: center;\"><strong><img loading=\"lazy\" decoding=\"async\" class=\"aligncenter size-medium wp-image-4928\" src=\"https:\/\/www.gowe-group.com\/wp-content\/uploads\/2025\/03\/Joint-Pin-1-300x300.jpg\" alt=\"Joint Pin-gowe\" width=\"300\" height=\"300\" srcset=\"https:\/\/www.gowe-group.com\/wp-content\/uploads\/2025\/03\/Joint-Pin-1-300x300.jpg 300w, https:\/\/www.gowe-group.com\/wp-content\/uploads\/2025\/03\/Joint-Pin-1-150x150.jpg 150w, https:\/\/www.gowe-group.com\/wp-content\/uploads\/2025\/03\/Joint-Pin-1-12x12.jpg 12w, https:\/\/www.gowe-group.com\/wp-content\/uploads\/2025\/03\/Joint-Pin-1-100x100.jpg 100w, https:\/\/www.gowe-group.com\/wp-content\/uploads\/2025\/03\/Joint-Pin-1.jpg 500w\" sizes=\"(max-width: 300px) 100vw, 300px\" \/><\/strong><\/td>\n<td style=\"width: 25%; text-align: center;\"><strong>\u00a0<\/strong><\/td>\n<td style=\"width: 25%; text-align: center;\"><strong>\u00a0<\/strong><\/td>\n<\/tr>\n<tr>\n<td style=\"width: 25%; text-align: center;\"><strong>Treppe<\/strong><\/td>\n<td style=\"width: 25%; text-align: center;\"><strong>Zapfen<\/strong><\/td>\n<td style=\"width: 25%; text-align: center;\"><strong>\u00a0<\/strong><\/td>\n<td style=\"width: 25%; text-align: center;\"><strong>\u00a0<\/strong><\/td>\n<\/tr>\n<\/tbody>\n<\/table>","protected":false},"excerpt":{"rendered":"<p>Das Ringlock-Ger\u00fcst ist ein modulares Ger\u00fcstsystem, das bei Bau- und Wartungsprojekten weit verbreitet ist. Es ist bekannt f\u00fcr seine Vielseitigkeit, seine einfache Montage und seine hohe Tragf\u00e4higkeit. Gegenw\u00e4rtig ist das Produkt im Industrie- und Tiefbau weit verbreitet, z. B. bei Br\u00fccken, Tunneln, Kraftwerken, in der Petrochemie, im Schiffbau, bei Eisenbahnen, Flugh\u00e4fen, Docks usw. Ring System Scaffold kann in verschiedenen Terrains und Geb\u00e4uden eingesetzt werden. Es ist mit verschiedenen Schalungstypen (herk\u00f6mmliche Schalung, Schalungssystem oder Stahlplatten) kompatibel und erm\u00f6glicht so ein perfektes Design.<\/p>","protected":false},"featured_media":5540,"comment_status":"closed","ping_status":"closed","template":"","meta":{"_acf_changed":false},"product_brand":[],"product_cat":[131,78,54],"product_tag":[],"class_list":{"0":"post-3732","1":"product","2":"type-product","3":"status-publish","4":"has-post-thumbnail","6":"product_cat-hot-products","7":"product_cat-ringlock-scaffolding","8":"product_cat-scaffolding-series","10":"first","11":"instock","12":"shipping-taxable","13":"product-type-simple"},"acf":[],"_links":{"self":[{"href":"https:\/\/www.gowe-group.com\/de\/wp-json\/wp\/v2\/product\/3732","targetHints":{"allow":["GET"]}}],"collection":[{"href":"https:\/\/www.gowe-group.com\/de\/wp-json\/wp\/v2\/product"}],"about":[{"href":"https:\/\/www.gowe-group.com\/de\/wp-json\/wp\/v2\/types\/product"}],"replies":[{"embeddable":true,"href":"https:\/\/www.gowe-group.com\/de\/wp-json\/wp\/v2\/comments?post=3732"}],"wp:featuredmedia":[{"embeddable":true,"href":"https:\/\/www.gowe-group.com\/de\/wp-json\/wp\/v2\/media\/5540"}],"wp:attachment":[{"href":"https:\/\/www.gowe-group.com\/de\/wp-json\/wp\/v2\/media?parent=3732"}],"wp:term":[{"taxonomy":"product_brand","embeddable":true,"href":"https:\/\/www.gowe-group.com\/de\/wp-json\/wp\/v2\/product_brand?post=3732"},{"taxonomy":"product_cat","embeddable":true,"href":"https:\/\/www.gowe-group.com\/de\/wp-json\/wp\/v2\/product_cat?post=3732"},{"taxonomy":"product_tag","embeddable":true,"href":"https:\/\/www.gowe-group.com\/de\/wp-json\/wp\/v2\/product_tag?post=3732"}],"curies":[{"name":"WP","href":"https:\/\/api.w.org\/{rel}","templated":true}]}}