{"id":3786,"date":"2025-03-24T15:01:52","date_gmt":"2025-03-24T07:01:52","guid":{"rendered":"http:\/\/www.gowe-group.com\/?post_type=product&#038;p=3786"},"modified":"2025-04-27T09:54:53","modified_gmt":"2025-04-27T01:54:53","slug":"t-trager-schalung","status":"publish","type":"product","link":"https:\/\/www.gowe-group.com\/de\/product\/t-beam-formwork\/","title":{"rendered":"T Strahlschalung"},"content":{"rendered":"<p>Merkmale<\/p>\n<p>\u27a4 1. Freie Baugruppe, leicht zu anschlie\u00dfenden Installation und Abbau hoher Effizienz.<\/p>\n<p>Passen Sie nach der Verarbeitung der entsprechenden Standardabschnitte nach der Verarbeitung der entsprechenden Standardabschnitte zuerst in der Form des Produktionsworkshops nach der Verarbeitung der entsprechenden Standardabschnitte die N\u00e4hte zwischen den Abschnitten an und liefern Sie dann die Abschnitte nach der Annahme an die Abschnitte an die Abschnitte liefern Sie nach der Verarbeitung der entsprechenden Standardabschnitte.<\/p>\n<p>\u27a4 2.Das schwieriges Problem, die Erscheinungsqualit\u00e4t der Form der herk\u00f6mmlichen T -Strahlschalung zu steuern, wird \u00fcberwunden.<\/p>\n<p>Die herk\u00f6mmliche Form ist mit verschiedenen Standardabschnitten zusammengestellt, und die Abschnitte werden mit doppelseitigem Klebeband eingef\u00fcgt, um die Verbindung zwischen den Platten zu f\u00fcllen, wenn der Strahl vorgefertigt ist. Sie bildet unweigerlich ein vertikales Gelenk.<\/p>\n<p>Und nachdem die integrierte Form \u00fcber die Einf\u00fchrung des Blockabschnitts das Schwei\u00dfen nach dem Schleifen angewendet wurde, gibt es keine Verbindung.<\/p>","protected":false},"excerpt":{"rendered":"<p>Die T-Beam-Schalung besteht aus Seitenformen und Endformen, wobei die untere Form aus Beton besteht.<\/p>","protected":false},"featured_media":3787,"comment_status":"closed","ping_status":"closed","template":"","meta":{"_acf_changed":false},"product_brand":[],"product_cat":[58,77],"product_tag":[],"class_list":{"0":"post-3786","1":"product","2":"type-product","3":"status-publish","4":"has-post-thumbnail","6":"product_cat-bridge-tunnel","7":"product_cat-t-beam-formwork","9":"first","10":"instock","11":"shipping-taxable","12":"product-type-simple"},"acf":[],"_links":{"self":[{"href":"https:\/\/www.gowe-group.com\/de\/wp-json\/wp\/v2\/product\/3786","targetHints":{"allow":["GET"]}}],"collection":[{"href":"https:\/\/www.gowe-group.com\/de\/wp-json\/wp\/v2\/product"}],"about":[{"href":"https:\/\/www.gowe-group.com\/de\/wp-json\/wp\/v2\/types\/product"}],"replies":[{"embeddable":true,"href":"https:\/\/www.gowe-group.com\/de\/wp-json\/wp\/v2\/comments?post=3786"}],"wp:featuredmedia":[{"embeddable":true,"href":"https:\/\/www.gowe-group.com\/de\/wp-json\/wp\/v2\/media\/3787"}],"wp:attachment":[{"href":"https:\/\/www.gowe-group.com\/de\/wp-json\/wp\/v2\/media?parent=3786"}],"wp:term":[{"taxonomy":"product_brand","embeddable":true,"href":"https:\/\/www.gowe-group.com\/de\/wp-json\/wp\/v2\/product_brand?post=3786"},{"taxonomy":"product_cat","embeddable":true,"href":"https:\/\/www.gowe-group.com\/de\/wp-json\/wp\/v2\/product_cat?post=3786"},{"taxonomy":"product_tag","embeddable":true,"href":"https:\/\/www.gowe-group.com\/de\/wp-json\/wp\/v2\/product_tag?post=3786"}],"curies":[{"name":"WP","href":"https:\/\/api.w.org\/{rel}","templated":true}]}}