{"id":4680,"date":"2025-03-24T11:36:51","date_gmt":"2025-03-24T03:36:51","guid":{"rendered":"https:\/\/www.gowe-group.com\/product\/ringlock-scaffolding-2\/"},"modified":"2025-08-14T10:46:06","modified_gmt":"2025-08-14T02:46:06","slug":"gerustbohle","status":"publish","type":"product","link":"https:\/\/www.gowe-group.com\/de\/product\/scaffolding-plank\/","title":{"rendered":"Ger\u00fcstplanke"},"content":{"rendered":"<table style=\"width: 82.3243%; height: 575px;\">\n<tbody>\n<tr style=\"height: 23px;\">\n<td style=\"height: 23px; width: 28.5469%;\"><strong>Artikel Code<\/strong><\/td>\n<td style=\"height: 23px; width: 14.0155%;\"><strong>L\u00e4nge \uff08mm\uff09<\/strong><\/td>\n<td style=\"height: 23px; width: 17.6268%;\"><strong>Gewicht \uff08Kg)<\/strong><\/td>\n<td style=\"height: 23px; width: 20.8083%;\"><strong>Oberfl\u00e4chenbehandlung<\/strong><\/td>\n<td style=\"height: 23px; width: 18.2287%;\"><strong>Standard<\/strong><\/td>\n<\/tr>\n<tr style=\"height: 23px;\">\n<td style=\"height: 23px; width: 28.5469%;\" width=\"297\">Q195(210x45x1,5mm)<\/td>\n<td style=\"height: 23px; width: 14.0155%;\" width=\"144\">900mm<\/td>\n<td style=\"height: 23px; width: 17.6268%;\" width=\"182\">5,36 kg<\/td>\n<td style=\"height: 552px; width: 20.8083%;\" rowspan=\"24\" width=\"215\">Feuerverzinkt<br \/>\nVerzinkt<\/td>\n<td style=\"height: 552px; width: 18.2287%;\" rowspan=\"24\" width=\"188\">EN 12811-1<\/td>\n<\/tr>\n<tr style=\"height: 23px;\">\n<td style=\"height: 23px; width: 28.5469%;\" width=\"297\">Q195(210x45x1,5mm)<\/td>\n<td style=\"height: 23px; width: 14.0155%;\" width=\"144\">1200mm<\/td>\n<td style=\"height: 23px; width: 17.6268%;\" width=\"182\">5.63kg<\/td>\n<\/tr>\n<tr style=\"height: 23px;\">\n<td style=\"height: 23px; width: 28.5469%;\" width=\"297\">Q195(210x45x1,5mm)<\/td>\n<td style=\"height: 23px; width: 14.0155%;\" width=\"144\">1500mm<\/td>\n<td style=\"height: 23px; width: 17.6268%;\" width=\"182\">6.01kg<\/td>\n<\/tr>\n<tr style=\"height: 23px;\">\n<td style=\"height: 23px; width: 28.5469%;\" width=\"297\">Q195(210x45x1,5mm)<\/td>\n<td style=\"height: 23px; width: 14.0155%;\" width=\"144\">1800mm<\/td>\n<td style=\"height: 23px; width: 17.6268%;\" width=\"182\">6,48 kg<\/td>\n<\/tr>\n<tr style=\"height: 23px;\">\n<td style=\"height: 23px; width: 28.5469%;\" width=\"297\">Q195(240x45x1,5mm)<\/td>\n<td style=\"height: 23px; width: 14.0155%;\" width=\"144\">900mm<\/td>\n<td style=\"height: 23px; width: 17.6268%;\" width=\"182\">7,23 kg<\/td>\n<\/tr>\n<tr style=\"height: 23px;\">\n<td style=\"height: 23px; width: 28.5469%;\" width=\"297\">Q195(240x45x1,5mm)<\/td>\n<td style=\"height: 23px; width: 14.0155%;\" width=\"144\">1200mm<\/td>\n<td style=\"height: 23px; width: 17.6268%;\" width=\"182\">8.01kg<\/td>\n<\/tr>\n<tr style=\"height: 23px;\">\n<td style=\"height: 23px; width: 28.5469%;\" width=\"297\">Q195(240x45x1,5mm)<\/td>\n<td style=\"height: 23px; width: 14.0155%;\" width=\"144\">1500mm<\/td>\n<td style=\"height: 23px; width: 17.6268%;\" width=\"182\">8,68 kg<\/td>\n<\/tr>\n<tr style=\"height: 23px;\">\n<td style=\"height: 23px; width: 28.5469%;\" width=\"297\">Q195(240x45x1,5mm)<\/td>\n<td style=\"height: 23px; width: 14.0155%;\" width=\"144\">1800mm<\/td>\n<td style=\"height: 23px; width: 17.6268%;\" width=\"182\">6,27 kg<\/td>\n<\/tr>\n<tr style=\"height: 23px;\">\n<td style=\"height: 23px; width: 28.5469%;\" width=\"297\">Q195(250x50x1,5mm)<\/td>\n<td style=\"height: 23px; width: 14.0155%;\" width=\"144\">900mm<\/td>\n<td style=\"height: 23px; width: 17.6268%;\" width=\"182\">6,47 kg<\/td>\n<\/tr>\n<tr style=\"height: 23px;\">\n<td style=\"height: 23px; width: 28.5469%;\" width=\"297\">Q195(250x50x1,5mm)<\/td>\n<td style=\"height: 23px; width: 14.0155%;\" width=\"144\">1200mm<\/td>\n<td style=\"height: 23px; width: 17.6268%;\" width=\"182\">6,76 kg<\/td>\n<\/tr>\n<tr style=\"height: 23px;\">\n<td style=\"height: 23px; width: 28.5469%;\" width=\"297\">Q195(250x50x1,5mm)<\/td>\n<td style=\"height: 23px; width: 14.0155%;\" width=\"144\">1500mm<\/td>\n<td style=\"height: 23px; width: 17.6268%;\" width=\"182\">7,13 kg<\/td>\n<\/tr>\n<tr style=\"height: 23px;\">\n<td style=\"height: 23px; width: 28.5469%;\" width=\"297\">Q195(250x50x1,5mm)<\/td>\n<td style=\"height: 23px; width: 14.0155%;\" width=\"144\">1800mm<\/td>\n<td style=\"height: 23px; width: 17.6268%;\" width=\"182\">7,56 kg<\/td>\n<\/tr>\n<tr style=\"height: 23px;\">\n<td style=\"height: 23px; width: 28.5469%;\" width=\"297\">Q195(420x45x1,5mm)<\/td>\n<td style=\"height: 23px; width: 14.0155%;\" width=\"144\">900mm<\/td>\n<td style=\"height: 23px; width: 17.6268%;\" width=\"182\">8.04kg<\/td>\n<\/tr>\n<tr style=\"height: 23px;\">\n<td style=\"height: 23px; width: 28.5469%;\" width=\"297\">Q195(420x45x1,5mm)<\/td>\n<td style=\"height: 23px; width: 14.0155%;\" width=\"144\">1200mm<\/td>\n<td style=\"height: 23px; width: 17.6268%;\" width=\"182\">8,57 kg<\/td>\n<\/tr>\n<tr style=\"height: 23px;\">\n<td style=\"height: 23px; width: 28.5469%;\" width=\"297\">Q195(420x45x1,5mm)<\/td>\n<td style=\"height: 23px; width: 14.0155%;\" width=\"144\">1500mm<\/td>\n<td style=\"height: 23px; width: 17.6268%;\" width=\"182\">8.01kg<\/td>\n<\/tr>\n<tr style=\"height: 23px;\">\n<td style=\"height: 23px; width: 28.5469%;\" width=\"297\">Q195(420x45x1,5mm)<\/td>\n<td style=\"height: 23px; width: 14.0155%;\" width=\"144\">1800mm<\/td>\n<td style=\"height: 23px; width: 17.6268%;\" width=\"182\">8,68 kg<\/td>\n<\/tr>\n<tr style=\"height: 23px;\">\n<td style=\"height: 23px; width: 28.5469%;\" width=\"297\">Q195(480x45x1,5mm)<\/td>\n<td style=\"height: 23px; width: 14.0155%;\" width=\"144\">900mm<\/td>\n<td style=\"height: 23px; width: 17.6268%;\" width=\"182\">6,27 kg<\/td>\n<\/tr>\n<tr style=\"height: 23px;\">\n<td style=\"height: 23px; width: 28.5469%;\" width=\"297\">Q195(480x45x1,5mm)<\/td>\n<td style=\"height: 23px; width: 14.0155%;\" width=\"144\">1200mm<\/td>\n<td style=\"height: 23px; width: 17.6268%;\" width=\"182\">6,47 kg<\/td>\n<\/tr>\n<tr style=\"height: 23px;\">\n<td style=\"height: 23px; width: 28.5469%;\" width=\"297\">Q195(480x45x1,5mm)<\/td>\n<td style=\"height: 23px; width: 14.0155%;\" width=\"144\">1500mm<\/td>\n<td style=\"height: 23px; width: 17.6268%;\" width=\"182\">6,76 kg<\/td>\n<\/tr>\n<tr style=\"height: 23px;\">\n<td style=\"height: 23px; width: 28.5469%;\" width=\"297\">Q195(480x45x1,5mm)<\/td>\n<td style=\"height: 23px; width: 14.0155%;\" width=\"144\">1800mm<\/td>\n<td style=\"height: 23px; width: 17.6268%;\" width=\"182\">7,13 kg<\/td>\n<\/tr>\n<tr style=\"height: 23px;\">\n<td style=\"height: 23px; width: 28.5469%;\" width=\"297\">Q195(500x50x1,5mm)<\/td>\n<td style=\"height: 23px; width: 14.0155%;\" width=\"144\">900mm<\/td>\n<td style=\"height: 23px; width: 17.6268%;\" width=\"182\">7,56 kg<\/td>\n<\/tr>\n<tr style=\"height: 23px;\">\n<td style=\"height: 23px; width: 28.5469%;\" width=\"297\">Q195(500x50x1,5mm)<\/td>\n<td style=\"height: 23px; width: 14.0155%;\" width=\"144\">1200mm<\/td>\n<td style=\"height: 23px; width: 17.6268%;\" width=\"182\">8.04kg<\/td>\n<\/tr>\n<tr style=\"height: 23px;\">\n<td style=\"height: 23px; width: 28.5469%;\" width=\"297\">Q195(500x50x1,5mm)<\/td>\n<td style=\"height: 23px; width: 14.0155%;\" width=\"144\">1500mm<\/td>\n<td style=\"height: 23px; width: 17.6268%;\" width=\"182\">8,57 kg<\/td>\n<\/tr>\n<tr style=\"height: 23px;\">\n<td style=\"height: 23px; width: 28.5469%;\" width=\"297\">Q195(500x50x1,5mm)<\/td>\n<td style=\"height: 23px; width: 14.0155%;\" width=\"144\">1800mm<\/td>\n<td style=\"height: 23px; width: 17.6268%;\" width=\"182\">8,57 kg<\/td>\n<\/tr>\n<\/tbody>\n<\/table>","protected":false},"excerpt":{"rendered":"<p>Ger\u00fcstbohlen sind wichtige Elemente in Ger\u00fcstsystemen, die eine sichere und stabile Arbeitsplattform f\u00fcr Bauarbeiter und Materialien bieten.<\/p>","protected":false},"featured_media":4694,"comment_status":"closed","ping_status":"closed","template":"","meta":{"_acf_changed":false},"product_brand":[],"product_cat":[110,54],"product_tag":[],"class_list":{"0":"post-4680","1":"product","2":"type-product","3":"status-publish","4":"has-post-thumbnail","6":"product_cat-scaffolding-plank","7":"product_cat-scaffolding-series","9":"first","10":"instock","11":"shipping-taxable","12":"product-type-simple"},"acf":[],"_links":{"self":[{"href":"https:\/\/www.gowe-group.com\/de\/wp-json\/wp\/v2\/product\/4680","targetHints":{"allow":["GET"]}}],"collection":[{"href":"https:\/\/www.gowe-group.com\/de\/wp-json\/wp\/v2\/product"}],"about":[{"href":"https:\/\/www.gowe-group.com\/de\/wp-json\/wp\/v2\/types\/product"}],"replies":[{"embeddable":true,"href":"https:\/\/www.gowe-group.com\/de\/wp-json\/wp\/v2\/comments?post=4680"}],"wp:featuredmedia":[{"embeddable":true,"href":"https:\/\/www.gowe-group.com\/de\/wp-json\/wp\/v2\/media\/4694"}],"wp:attachment":[{"href":"https:\/\/www.gowe-group.com\/de\/wp-json\/wp\/v2\/media?parent=4680"}],"wp:term":[{"taxonomy":"product_brand","embeddable":true,"href":"https:\/\/www.gowe-group.com\/de\/wp-json\/wp\/v2\/product_brand?post=4680"},{"taxonomy":"product_cat","embeddable":true,"href":"https:\/\/www.gowe-group.com\/de\/wp-json\/wp\/v2\/product_cat?post=4680"},{"taxonomy":"product_tag","embeddable":true,"href":"https:\/\/www.gowe-group.com\/de\/wp-json\/wp\/v2\/product_tag?post=4680"}],"curies":[{"name":"WP","href":"https:\/\/api.w.org\/{rel}","templated":true}]}}