{"id":5201,"date":"2025-06-25T15:37:34","date_gmt":"2025-06-25T07:37:34","guid":{"rendered":"https:\/\/www.gowe-group.com\/?post_type=product&#038;p=5201"},"modified":"2025-07-02T10:43:39","modified_gmt":"2025-07-02T02:43:39","slug":"petrochemisches-kraftwerk-mit-gros-angelegtem-stahlbausystem","status":"publish","type":"product","link":"https:\/\/www.gowe-group.com\/de\/product\/petrochemical-power-plant-large-scale-steel-structure-system\/","title":{"rendered":"Petrochemie, Kraftwerk Gro\u00dfes Stahlbausystem"},"content":{"rendered":"<h2 style=\"text-align: center;\">Produkt-Einf\u00fchrung<\/h2>\n<h3 style=\"text-align: center;\">1. die Hebevorrichtung f\u00fcr den Plattenbalken<\/h3>\n<p><img fetchpriority=\"high\" decoding=\"async\" class=\"aligncenter size-full wp-image-5318\" src=\"https:\/\/www.gowe-group.com\/wp-content\/uploads\/2025\/06\/Lifting-structure-for-slab-girder.jpg\" alt=\"Hebevorrichtung f\u00fcr Plattenbalken\" width=\"950\" height=\"650\" srcset=\"https:\/\/www.gowe-group.com\/wp-content\/uploads\/2025\/06\/Lifting-structure-for-slab-girder.jpg 950w, https:\/\/www.gowe-group.com\/wp-content\/uploads\/2025\/06\/Lifting-structure-for-slab-girder-300x205.jpg 300w, https:\/\/www.gowe-group.com\/wp-content\/uploads\/2025\/06\/Lifting-structure-for-slab-girder-768x525.jpg 768w, https:\/\/www.gowe-group.com\/wp-content\/uploads\/2025\/06\/Lifting-structure-for-slab-girder-18x12.jpg 18w, https:\/\/www.gowe-group.com\/wp-content\/uploads\/2025\/06\/Lifting-structure-for-slab-girder-600x411.jpg 600w\" sizes=\"(max-width: 950px) 100vw, 950px\" \/><\/p>\n<h3 style=\"text-align: center;\">2. die Stahlkonstruktion f\u00fcr die petrochemische Industrie<\/h3>\n<p><img decoding=\"async\" class=\"aligncenter size-full wp-image-5319\" src=\"https:\/\/www.gowe-group.com\/wp-content\/uploads\/2025\/06\/Steel-structure-for-petrochemical-industry-2.jpg\" alt=\"Stahlkonstruktion f\u00fcr die petrochemische Industrie-2\" width=\"950\" height=\"650\" srcset=\"https:\/\/www.gowe-group.com\/wp-content\/uploads\/2025\/06\/Steel-structure-for-petrochemical-industry-2.jpg 950w, https:\/\/www.gowe-group.com\/wp-content\/uploads\/2025\/06\/Steel-structure-for-petrochemical-industry-2-300x205.jpg 300w, https:\/\/www.gowe-group.com\/wp-content\/uploads\/2025\/06\/Steel-structure-for-petrochemical-industry-2-768x525.jpg 768w, https:\/\/www.gowe-group.com\/wp-content\/uploads\/2025\/06\/Steel-structure-for-petrochemical-industry-2-18x12.jpg 18w, https:\/\/www.gowe-group.com\/wp-content\/uploads\/2025\/06\/Steel-structure-for-petrochemical-industry-2-600x411.jpg 600w\" sizes=\"(max-width: 950px) 100vw, 950px\" \/><\/p>\n<p>&nbsp;<\/p>","protected":false},"excerpt":{"rendered":"<p>Die Stahlkonstruktionssysteme f\u00fcr petrochemische Anlagen und Kraftwerke sind \u00e4u\u00dferst langlebig und k\u00f6nnen schweren Lasten und rauen industriellen Umgebungen standhalten. Ihr modularer Aufbau erm\u00f6glicht eine effiziente Montage vor Ort und verk\u00fcrzt die Bauzeit. Hochfeste Stahlwerkstoffe sorgen f\u00fcr strukturelle Stabilit\u00e4t, w\u00e4hrend korrosionsbest\u00e4ndige Beschichtungen die Lebensdauer verl\u00e4ngern. Dar\u00fcber hinaus macht die Wiederverwertbarkeit von Stahl diese Systeme langfristig nachhaltiger.<\/p>","protected":false},"featured_media":5315,"comment_status":"closed","ping_status":"closed","template":"","meta":{"_acf_changed":false},"product_brand":[],"product_cat":[140,59],"product_tag":[],"class_list":{"0":"post-5201","1":"product","2":"type-product","3":"status-publish","4":"has-post-thumbnail","6":"product_cat-petrochemicalpower-plant-large-scale-steel-structure-system","7":"product_cat-steel-structure","9":"first","10":"instock","11":"shipping-taxable","12":"product-type-simple"},"acf":[],"_links":{"self":[{"href":"https:\/\/www.gowe-group.com\/de\/wp-json\/wp\/v2\/product\/5201","targetHints":{"allow":["GET"]}}],"collection":[{"href":"https:\/\/www.gowe-group.com\/de\/wp-json\/wp\/v2\/product"}],"about":[{"href":"https:\/\/www.gowe-group.com\/de\/wp-json\/wp\/v2\/types\/product"}],"replies":[{"embeddable":true,"href":"https:\/\/www.gowe-group.com\/de\/wp-json\/wp\/v2\/comments?post=5201"}],"wp:featuredmedia":[{"embeddable":true,"href":"https:\/\/www.gowe-group.com\/de\/wp-json\/wp\/v2\/media\/5315"}],"wp:attachment":[{"href":"https:\/\/www.gowe-group.com\/de\/wp-json\/wp\/v2\/media?parent=5201"}],"wp:term":[{"taxonomy":"product_brand","embeddable":true,"href":"https:\/\/www.gowe-group.com\/de\/wp-json\/wp\/v2\/product_brand?post=5201"},{"taxonomy":"product_cat","embeddable":true,"href":"https:\/\/www.gowe-group.com\/de\/wp-json\/wp\/v2\/product_cat?post=5201"},{"taxonomy":"product_tag","embeddable":true,"href":"https:\/\/www.gowe-group.com\/de\/wp-json\/wp\/v2\/product_tag?post=5201"}],"curies":[{"name":"WP","href":"https:\/\/api.w.org\/{rel}","templated":true}]}}