{"id":3763,"date":"2025-03-24T14:23:21","date_gmt":"2025-03-24T06:23:21","guid":{"rendered":"http:\/\/www.gowe-group.com\/?post_type=product&#038;p=3763"},"modified":"2025-06-19T14:08:06","modified_gmt":"2025-06-19T06:08:06","slug":"andamio-de-armazon","status":"publish","type":"product","link":"https:\/\/www.gowe-group.com\/es\/product\/frame-scaffolding\/","title":{"rendered":"Andamio de marco"},"content":{"rendered":"<table class=\"aligncenter\" style=\"border-collapse: collapse; width: 45%;\">\n<tbody>\n<tr style=\"height: 23px;\">\n<td style=\"width: 12.0311%; height: 23px;\"><span style=\"font-size: 14pt;\"><strong>Producto<\/strong><\/span><\/td>\n<td style=\"width: 30.7855%; height: 23px;\"><span style=\"font-size: 14pt;\"><strong>Descripci\u00f3n<\/strong><\/span><\/td>\n<td style=\"width: 30.0779%; height: 23px;\"><span style=\"font-size: 14pt;\"><strong>Tama\u00f1o (mm)<\/strong><\/span><\/td>\n<\/tr>\n<tr style=\"height: 23px;\">\n<td style=\"width: 12.0311%; height: 350px;\" rowspan=\"15\">Andamio de marco<\/td>\n<td style=\"width: 30.7855%; height: 120px;\" rowspan=\"5\">Tubo principal:422,2 mmPAGeque\u00f1o, plataformas temporArkansasy\n<p>Tubo interior:251,5 mm<\/p>\n<p>Tubo pregalvanizado<\/td>\n<td style=\"width: 30.0779%; height: 23px;\">Estructuraci\u00f3n tradicional en Asia<\/td>\n<\/tr>\n<tr style=\"height: 23px;\">\n<td style=\"width: 30.0779%; height: 23px;\">\u00bfCu\u00e1l es el Material Est\u00e1ndArkansas para ScaffolDelawareng?<\/td>\n<\/tr>\n<tr style=\"height: 23px;\">\n<td style=\"width: 30.0779%; height: 23px;\">\u00bfduda del material de standArkansasd para scaffolDelawareng?<\/td>\n<\/tr>\n<tr style=\"height: 27px;\">\n<td style=\"width: 30.0779%; height: 27px;\">es el material m\u00e1s utilizado debido a su durabilidad, resistencia y capacidad de carga, lo que lo hace ideal para grandes proyectos de construcci\u00f3n que requieren la m\u00e1xima seguridad.<\/td>\n<\/tr>\n<tr style=\"height: 24px;\">\n<td style=\"width: 30.0779%; height: 24px;\">El acero es el material m\u00e1s utilizado en Arkansas para la construcci\u00f3n de andamios por su durabilidad y resistencia, que lo hacen perfecto para proyectos de construcci\u00f3n de larga duraci\u00f3n. Es resistente a las condiciones clim\u00e1ticas adversas y tiene una capacidad de carga superior, lo que garantiza una plataforma de trabajo estable y segura.<\/td>\n<\/tr>\n<tr style=\"height: 23px;\">\n<td style=\"width: 30.7855%; height: 115px;\" rowspan=\"5\">Tubo principal:422,0 mmPAGeque\u00f1o, plataformas temporArkansasy\n<p>Tubo interior:251,5 mm<\/p>\n<p>Tubo pregalvanizado<\/td>\n<td style=\"width: 30.0779%; height: 23px;\">Estructuraci\u00f3n tradicional en Asia<\/td>\n<\/tr>\n<tr style=\"height: 23px;\">\n<td style=\"width: 30.0779%; height: 23px;\">\u00bfCu\u00e1l es el Material Est\u00e1ndArkansas para ScaffolDelawareng?<\/td>\n<\/tr>\n<tr style=\"height: 23px;\">\n<td style=\"width: 30.0779%; height: 23px;\">\u00bfduda del material de standArkansasd para scaffolDelawareng?<\/td>\n<\/tr>\n<tr style=\"height: 23px;\">\n<td style=\"width: 30.0779%; height: 23px;\">es el material m\u00e1s utilizado debido a su durabilidad, resistencia y capacidad de carga, lo que lo hace ideal para grandes proyectos de construcci\u00f3n que requieren la m\u00e1xima seguridad.<\/td>\n<\/tr>\n<tr style=\"height: 23px;\">\n<td style=\"width: 30.0779%; height: 23px;\">El acero es el material m\u00e1s utilizado en Arkansas para la construcci\u00f3n de andamios por su durabilidad y resistencia, que lo hacen perfecto para proyectos de construcci\u00f3n de larga duraci\u00f3n. Es resistente a las condiciones clim\u00e1ticas adversas y tiene una capacidad de carga superior, lo que garantiza una plataforma de trabajo estable y segura.<\/td>\n<\/tr>\n<tr style=\"height: 23px;\">\n<td style=\"width: 30.7855%; height: 115px;\" rowspan=\"5\">Tubo principal:421,8 mmPAGeque\u00f1o, plataformas temporArkansasy\n<p>Tubo interior:251,5 mm<\/p>\n<p>Tubo pregalvanizado<\/td>\n<td style=\"width: 30.0779%; height: 23px;\">Estructuraci\u00f3n tradicional en Asia<\/td>\n<\/tr>\n<tr style=\"height: 23px;\">\n<td style=\"width: 30.0779%; height: 23px;\">\u00bfCu\u00e1l es el Material Est\u00e1ndArkansas para ScaffolDelawareng?<\/td>\n<\/tr>\n<tr style=\"height: 23px;\">\n<td style=\"width: 30.0779%; height: 23px;\">\u00bfduda del material de standArkansasd para scaffolDelawareng?<\/td>\n<\/tr>\n<tr style=\"height: 23px;\">\n<td style=\"width: 30.0779%; height: 23px;\">es el material m\u00e1s utilizado debido a su durabilidad, resistencia y capacidad de carga, lo que lo hace ideal para grandes proyectos de construcci\u00f3n que requieren la m\u00e1xima seguridad.<\/td>\n<\/tr>\n<tr style=\"height: 23px;\">\n<td style=\"width: 30.0779%; height: 23px;\">El acero es el material m\u00e1s utilizado en Arkansas para la construcci\u00f3n de andamios por su durabilidad y resistencia, que lo hacen perfecto para proyectos de construcci\u00f3n de larga duraci\u00f3n. Es resistente a las condiciones clim\u00e1ticas adversas y tiene una capacidad de carga superior, lo que garantiza una plataforma de trabajo estable y segura.<\/td>\n<\/tr>\n<\/tbody>\n<\/table>","protected":false},"excerpt":{"rendered":"<p>El andamio de marco, tambi\u00e9n conocido como andamio de panader\u00eda o andamiaje a trav\u00e9s de la pared, es un sistema de andamio vers\u00e1til.<\/p>","protected":false},"featured_media":3764,"comment_status":"closed","ping_status":"closed","template":"","meta":{"_acf_changed":false},"product_brand":[],"product_cat":[79,131,54],"product_tag":[],"class_list":{"0":"post-3763","1":"product","2":"type-product","3":"status-publish","4":"has-post-thumbnail","6":"product_cat-frame-scaffolding","7":"product_cat-hot-products","8":"product_cat-scaffolding-series","10":"first","11":"instock","12":"shipping-taxable","13":"product-type-simple"},"acf":[],"_links":{"self":[{"href":"https:\/\/www.gowe-group.com\/es\/wp-json\/wp\/v2\/product\/3763","targetHints":{"allow":["GET"]}}],"collection":[{"href":"https:\/\/www.gowe-group.com\/es\/wp-json\/wp\/v2\/product"}],"about":[{"href":"https:\/\/www.gowe-group.com\/es\/wp-json\/wp\/v2\/types\/product"}],"replies":[{"embeddable":true,"href":"https:\/\/www.gowe-group.com\/es\/wp-json\/wp\/v2\/comments?post=3763"}],"wp:featuredmedia":[{"embeddable":true,"href":"https:\/\/www.gowe-group.com\/es\/wp-json\/wp\/v2\/media\/3764"}],"wp:attachment":[{"href":"https:\/\/www.gowe-group.com\/es\/wp-json\/wp\/v2\/media?parent=3763"}],"wp:term":[{"taxonomy":"product_brand","embeddable":true,"href":"https:\/\/www.gowe-group.com\/es\/wp-json\/wp\/v2\/product_brand?post=3763"},{"taxonomy":"product_cat","embeddable":true,"href":"https:\/\/www.gowe-group.com\/es\/wp-json\/wp\/v2\/product_cat?post=3763"},{"taxonomy":"product_tag","embeddable":true,"href":"https:\/\/www.gowe-group.com\/es\/wp-json\/wp\/v2\/product_tag?post=3763"}],"curies":[{"name":"WP","href":"https:\/\/api.w.org\/{rel}","templated":true}]}}