{"id":3780,"date":"2025-03-24T14:53:18","date_gmt":"2025-03-24T06:53:18","guid":{"rendered":"http:\/\/www.gowe-group.com\/?post_type=product&#038;p=3780"},"modified":"2025-09-26T10:30:56","modified_gmt":"2025-09-26T02:30:56","slug":"sistema-de-encofrado-de-aluminio","status":"publish","type":"product","link":"https:\/\/www.gowe-group.com\/es\/product\/aluminium-formwork-system\/","title":{"rendered":"Sistema de formulario de aluminio"},"content":{"rendered":"<table style=\"border-collapse: collapse; width: 915.02pt;\" border=\"0\" width=\"1220\" cellspacing=\"0\" cellpadding=\"0\">\n<tbody>\n<tr style=\"height: 19.00pt;\">\n<td class=\"et2\" style=\"height: 19.00pt; width: 169.50pt;\" width=\"226\" height=\"25\"><strong>Art\u00edculo<\/strong><\/td>\n<td class=\"et2\" style=\"width: 745.50pt;\" colspan=\"2\" width=\"994\"><strong>Especificaci\u00f3n<\/strong><\/td>\n<\/tr>\n<tr style=\"height: 19.00pt;\">\n<td class=\"et3\" style=\"height: 76.00pt; width: 169.50pt;\" rowspan=\"4\" width=\"226\" height=\"101\">Aleaci\u00f3n de aluminio (6061-T6)<\/td>\n<td class=\"et3\" style=\"width: 317.25pt;\" width=\"423\">Densidad(p)<\/td>\n<td class=\"et3\" style=\"width: 428.25pt;\" width=\"571\">2700kg\/m\u00b3<\/td>\n<\/tr>\n<tr style=\"height: 19.00pt;\">\n<td class=\"et3\" style=\"width: 317.25pt;\" width=\"423\">M\u00f3dulo de elasticidad (Ea)<\/td>\n<td class=\"et3\" style=\"width: 428.25pt;\" width=\"571\">70000 Mpa<\/td>\n<\/tr>\n<tr style=\"height: 19.00pt;\">\n<td class=\"et3\" style=\"width: 317.25pt;\" width=\"423\">L\u00edmite el\u00e1stico \uff08Rm\uff09<\/td>\n<td class=\"et3\" style=\"width: 428.25pt;\" width=\"571\">260 Mpa<\/td>\n<\/tr>\n<tr style=\"height: 19.00pt;\">\n<td class=\"et3\" style=\"width: 317.25pt;\" width=\"423\">Resistencia al cizallamiento \uff08A5.65\uff09<\/td>\n<td class=\"et3\" style=\"width: 428.25pt;\" width=\"571\">8\uff5e10%<\/td>\n<\/tr>\n<tr style=\"height: 139.00pt;\">\n<td class=\"et3\" style=\"height: 348.00pt; width: 169.50pt;\" rowspan=\"12\" width=\"226\" height=\"464\">Composici\u00f3n<\/td>\n<td class=\"et3\" style=\"width: 745.50pt;\" colspan=\"2\" width=\"994\">El encofrado de estructuras verticales incluye principalmente el encofrado de muros y columnas y las juntas de esquina, etc.<br \/>\nEl encofrado de vigas de estructura horizontal incluye principalmente el intrad\u00f3s de la viga, la viga lateral, las cabezas de los puntales, la viga y la junta de esquina, etc.<br \/>\nEl encofrado de losas de estructura horizontal incluye principalmente encofrado de losas, cabezales de puntales, vigas y juntas de esquina, etc.<br \/>\nEl encofrado de las escaleras incluye principalmente pared y amp; columna, viga, losa, escalera y encofrado lateral, etc.<\/td>\n<\/tr>\n<tr style=\"height: 19.00pt;\">\n<td class=\"et3\" style=\"width: 317.25pt;\" width=\"423\">Tipo de material<\/td>\n<td class=\"et3\" style=\"width: 428.25pt;\" width=\"571\">Extrusi\u00f3n completa<\/td>\n<\/tr>\n<tr style=\"height: 19.00pt;\">\n<td class=\"et3\" style=\"width: 317.25pt;\" width=\"423\">Aleaci\u00f3n Temper<\/td>\n<td class=\"et3\" style=\"width: 428.25pt;\" width=\"571\">6061-T6<\/td>\n<\/tr>\n<tr style=\"height: 19.00pt;\">\n<td class=\"et3\" style=\"width: 317.25pt;\" width=\"423\">Tipo de soldadura principal<\/td>\n<td class=\"et3\" style=\"width: 428.25pt;\" width=\"571\">Soldadura con protecci\u00f3n de arg\u00f3n<\/td>\n<\/tr>\n<tr style=\"height: 19.00pt;\">\n<td class=\"et3\" style=\"width: 317.25pt;\" width=\"423\">Espesor del panel<\/td>\n<td class=\"et3\" style=\"width: 428.25pt;\" width=\"571\">4 mm<\/td>\n<\/tr>\n<tr style=\"height: 19.00pt;\">\n<td class=\"et3\" style=\"width: 317.25pt;\" width=\"423\">Grosor del marco<\/td>\n<td class=\"et3\" style=\"width: 428.25pt;\" width=\"571\">8 mm<\/td>\n<\/tr>\n<tr style=\"height: 19.00pt;\">\n<td class=\"et3\" style=\"width: 317.25pt;\" width=\"423\">Altura del marco<\/td>\n<td class=\"et3\" style=\"width: 428.25pt;\" width=\"571\">65 mm<\/td>\n<\/tr>\n<tr style=\"height: 19.00pt;\">\n<td class=\"et3\" style=\"width: 317.25pt;\" width=\"423\">Altura est\u00e1ndar del panel mural<\/td>\n<td class=\"et3\" style=\"width: 428.25pt;\" width=\"571\">2400\/2500\/2600\/2700mm<\/td>\n<\/tr>\n<tr style=\"height: 19.00pt;\">\n<td class=\"et3\" style=\"width: 317.25pt;\" width=\"423\">Anchura est\u00e1ndar del panel mural<\/td>\n<td class=\"et3\" style=\"width: 428.25pt;\" width=\"571\">50\/100\/150\/200\/250\/300\/350\/400\/500\/600mm<\/td>\n<\/tr>\n<tr style=\"height: 19.00pt;\">\n<td class=\"et3\" style=\"width: 317.25pt;\" width=\"423\">Tama\u00f1o est\u00e1ndar del panel<\/td>\n<td class=\"et3\" style=\"width: 428.25pt;\" width=\"571\">50\/100\/150\/200\/250\/300\/350\/400\/500\/600mm\u00d71100mm<\/td>\n<\/tr>\n<tr style=\"height: 19.00pt;\">\n<td class=\"et3\" style=\"width: 317.25pt;\" width=\"423\">Peso del panel de aluminio<\/td>\n<td class=\"et3\" style=\"width: 428.25pt;\" width=\"571\">25 kg\/m2<\/td>\n<\/tr>\n<tr style=\"height: 19.00pt;\">\n<td class=\"et3\" style=\"width: 317.25pt;\" width=\"423\">Puntal est\u00e1ndar<\/td>\n<td class=\"et3\" style=\"width: 428.25pt;\" width=\"571\">Puntal de acero ajustable, adecuado para alturas de 2000 - 3300 mm.<\/td>\n<\/tr>\n<\/tbody>\n<\/table>\n<p>&nbsp;<\/p>","protected":false},"excerpt":{"rendered":"<p>El formulario de aluminio es una nueva generaci\u00f3n de plantilla de construcci\u00f3n despu\u00e9s de la forma de madera y acero, con perfil de aleaci\u00f3n de aluminio como material principal, a trav\u00e9s de procesamiento mec\u00e1nico, soldadura y otros procesos hechos de plantillas, adecuadas para proyectos de concreto.<\/p>","protected":false},"featured_media":4765,"comment_status":"closed","ping_status":"closed","template":"","meta":{"_acf_changed":false},"product_brand":[],"product_cat":[100,99,131],"product_tag":[],"class_list":{"0":"post-3780","1":"product","2":"type-product","3":"status-publish","4":"has-post-thumbnail","6":"product_cat-aluminium-alloy-formwork-system","7":"product_cat-formwork-series","8":"product_cat-hot-products","10":"first","11":"instock","12":"shipping-taxable","13":"product-type-simple"},"acf":[],"_links":{"self":[{"href":"https:\/\/www.gowe-group.com\/es\/wp-json\/wp\/v2\/product\/3780","targetHints":{"allow":["GET"]}}],"collection":[{"href":"https:\/\/www.gowe-group.com\/es\/wp-json\/wp\/v2\/product"}],"about":[{"href":"https:\/\/www.gowe-group.com\/es\/wp-json\/wp\/v2\/types\/product"}],"replies":[{"embeddable":true,"href":"https:\/\/www.gowe-group.com\/es\/wp-json\/wp\/v2\/comments?post=3780"}],"wp:featuredmedia":[{"embeddable":true,"href":"https:\/\/www.gowe-group.com\/es\/wp-json\/wp\/v2\/media\/4765"}],"wp:attachment":[{"href":"https:\/\/www.gowe-group.com\/es\/wp-json\/wp\/v2\/media?parent=3780"}],"wp:term":[{"taxonomy":"product_brand","embeddable":true,"href":"https:\/\/www.gowe-group.com\/es\/wp-json\/wp\/v2\/product_brand?post=3780"},{"taxonomy":"product_cat","embeddable":true,"href":"https:\/\/www.gowe-group.com\/es\/wp-json\/wp\/v2\/product_cat?post=3780"},{"taxonomy":"product_tag","embeddable":true,"href":"https:\/\/www.gowe-group.com\/es\/wp-json\/wp\/v2\/product_tag?post=3780"}],"curies":[{"name":"WP","href":"https:\/\/api.w.org\/{rel}","templated":true}]}}