{"id":4528,"date":"2025-04-22T11:02:07","date_gmt":"2025-04-22T03:02:07","guid":{"rendered":"https:\/\/www.gowe-group.com\/?post_type=product&#038;p=4528"},"modified":"2025-07-02T16:35:32","modified_gmt":"2025-07-02T08:35:32","slug":"sistema-de-estructura-de-acero-para-taller","status":"publish","type":"product","link":"https:\/\/www.gowe-group.com\/es\/product\/steel-structure-system-for-workshop\/","title":{"rendered":"Sistema de estructura de acero para taller"},"content":{"rendered":"<h2 style=\"text-align: center;\">Presentaci\u00f3n del producto<\/h2>\n<h3 style=\"text-align: center;\">Taller con estructura de acero tipo p\u00f3rtico<\/h3>\n<table style=\"border-collapse: collapse; width: 100%;\">\n<tbody>\n<tr>\n<td style=\"width: 50%;\"><img fetchpriority=\"high\" decoding=\"async\" class=\"aligncenter size-full wp-image-5307\" src=\"https:\/\/www.gowe-group.com\/wp-content\/uploads\/2025\/04\/Gantry-type-steel-frame-workshop.jpg\" alt=\"Taller con estructura de acero tipo p\u00f3rtico\" width=\"950\" height=\"650\" srcset=\"https:\/\/www.gowe-group.com\/wp-content\/uploads\/2025\/04\/Gantry-type-steel-frame-workshop.jpg 950w, https:\/\/www.gowe-group.com\/wp-content\/uploads\/2025\/04\/Gantry-type-steel-frame-workshop-300x205.jpg 300w, https:\/\/www.gowe-group.com\/wp-content\/uploads\/2025\/04\/Gantry-type-steel-frame-workshop-768x525.jpg 768w, https:\/\/www.gowe-group.com\/wp-content\/uploads\/2025\/04\/Gantry-type-steel-frame-workshop-18x12.jpg 18w, https:\/\/www.gowe-group.com\/wp-content\/uploads\/2025\/04\/Gantry-type-steel-frame-workshop-600x411.jpg 600w\" sizes=\"(max-width: 950px) 100vw, 950px\" \/><\/td>\n<td style=\"width: 50%;\"><img decoding=\"async\" class=\"aligncenter size-full wp-image-5310\" src=\"https:\/\/www.gowe-group.com\/wp-content\/uploads\/2025\/04\/Gantry-type-steel-frame-workshop-2.jpg\" alt=\"Taller con estructura de acero tipo p\u00f3rtico-2\" width=\"950\" height=\"650\" srcset=\"https:\/\/www.gowe-group.com\/wp-content\/uploads\/2025\/04\/Gantry-type-steel-frame-workshop-2.jpg 950w, https:\/\/www.gowe-group.com\/wp-content\/uploads\/2025\/04\/Gantry-type-steel-frame-workshop-2-300x205.jpg 300w, https:\/\/www.gowe-group.com\/wp-content\/uploads\/2025\/04\/Gantry-type-steel-frame-workshop-2-768x525.jpg 768w, https:\/\/www.gowe-group.com\/wp-content\/uploads\/2025\/04\/Gantry-type-steel-frame-workshop-2-18x12.jpg 18w, https:\/\/www.gowe-group.com\/wp-content\/uploads\/2025\/04\/Gantry-type-steel-frame-workshop-2-600x411.jpg 600w\" sizes=\"(max-width: 950px) 100vw, 950px\" \/><\/td>\n<\/tr>\n<\/tbody>\n<\/table>\n<p>&nbsp;<\/p>\n<h3 style=\"text-align: center;\">Taller con estructura de acero multicapa<\/h3>\n<table style=\"border-collapse: collapse; width: 100%;\">\n<tbody>\n<tr>\n<td style=\"width: 50%;\"><img decoding=\"async\" class=\"aligncenter size-full wp-image-5308\" src=\"https:\/\/www.gowe-group.com\/wp-content\/uploads\/2025\/04\/Multilayer-steel-frame-workshop.jpg\" alt=\"Taller con estructura de acero multicapa\" width=\"950\" height=\"650\" srcset=\"https:\/\/www.gowe-group.com\/wp-content\/uploads\/2025\/04\/Multilayer-steel-frame-workshop.jpg 950w, https:\/\/www.gowe-group.com\/wp-content\/uploads\/2025\/04\/Multilayer-steel-frame-workshop-300x205.jpg 300w, https:\/\/www.gowe-group.com\/wp-content\/uploads\/2025\/04\/Multilayer-steel-frame-workshop-768x525.jpg 768w, https:\/\/www.gowe-group.com\/wp-content\/uploads\/2025\/04\/Multilayer-steel-frame-workshop-18x12.jpg 18w, https:\/\/www.gowe-group.com\/wp-content\/uploads\/2025\/04\/Multilayer-steel-frame-workshop-600x411.jpg 600w\" sizes=\"(max-width: 950px) 100vw, 950px\" \/><\/td>\n<td style=\"width: 50%;\"><img loading=\"lazy\" decoding=\"async\" class=\"aligncenter size-full wp-image-5311\" src=\"https:\/\/www.gowe-group.com\/wp-content\/uploads\/2025\/04\/Multilayer-steel-frame-workshop-2.jpg\" alt=\"Taller con estructura de acero multicapa-2\" width=\"950\" height=\"650\" srcset=\"https:\/\/www.gowe-group.com\/wp-content\/uploads\/2025\/04\/Multilayer-steel-frame-workshop-2.jpg 950w, https:\/\/www.gowe-group.com\/wp-content\/uploads\/2025\/04\/Multilayer-steel-frame-workshop-2-300x205.jpg 300w, https:\/\/www.gowe-group.com\/wp-content\/uploads\/2025\/04\/Multilayer-steel-frame-workshop-2-768x525.jpg 768w, https:\/\/www.gowe-group.com\/wp-content\/uploads\/2025\/04\/Multilayer-steel-frame-workshop-2-18x12.jpg 18w, https:\/\/www.gowe-group.com\/wp-content\/uploads\/2025\/04\/Multilayer-steel-frame-workshop-2-600x411.jpg 600w\" sizes=\"(max-width: 950px) 100vw, 950px\" \/><\/td>\n<\/tr>\n<\/tbody>\n<\/table>\n<p>&nbsp;<\/p>","protected":false},"excerpt":{"rendered":"<p>Las estructuras de acero son una soluci\u00f3n fiable y rentable para las necesidades de la construcci\u00f3n moderna. Conocidas por su excepcional resistencia, flexibilidad y durabilidad, nuestras estructuras de acero est\u00e1n dise\u00f1adas para cumplir las normas m\u00e1s exigentes del sector. Tanto si est\u00e1 construyendo un almac\u00e9n, una instalaci\u00f3n industrial o un espacio comercial, nuestros productos ofrecen un rendimiento superior, una instalaci\u00f3n r\u00e1pida y un valor a largo plazo.<\/p>","protected":false},"featured_media":5307,"comment_status":"closed","ping_status":"closed","template":"","meta":{"_acf_changed":false},"product_brand":[],"product_cat":[59,126],"product_tag":[],"class_list":{"0":"post-4528","1":"product","2":"type-product","3":"status-publish","4":"has-post-thumbnail","6":"product_cat-steel-structure","7":"product_cat-steel-structure-system-for-workshop","9":"first","10":"instock","11":"shipping-taxable","12":"product-type-simple"},"acf":[],"_links":{"self":[{"href":"https:\/\/www.gowe-group.com\/es\/wp-json\/wp\/v2\/product\/4528","targetHints":{"allow":["GET"]}}],"collection":[{"href":"https:\/\/www.gowe-group.com\/es\/wp-json\/wp\/v2\/product"}],"about":[{"href":"https:\/\/www.gowe-group.com\/es\/wp-json\/wp\/v2\/types\/product"}],"replies":[{"embeddable":true,"href":"https:\/\/www.gowe-group.com\/es\/wp-json\/wp\/v2\/comments?post=4528"}],"wp:featuredmedia":[{"embeddable":true,"href":"https:\/\/www.gowe-group.com\/es\/wp-json\/wp\/v2\/media\/5307"}],"wp:attachment":[{"href":"https:\/\/www.gowe-group.com\/es\/wp-json\/wp\/v2\/media?parent=4528"}],"wp:term":[{"taxonomy":"product_brand","embeddable":true,"href":"https:\/\/www.gowe-group.com\/es\/wp-json\/wp\/v2\/product_brand?post=4528"},{"taxonomy":"product_cat","embeddable":true,"href":"https:\/\/www.gowe-group.com\/es\/wp-json\/wp\/v2\/product_cat?post=4528"},{"taxonomy":"product_tag","embeddable":true,"href":"https:\/\/www.gowe-group.com\/es\/wp-json\/wp\/v2\/product_tag?post=4528"}],"curies":[{"name":"WP","href":"https:\/\/api.w.org\/{rel}","templated":true}]}}