{"id":4780,"date":"2025-04-25T16:13:34","date_gmt":"2025-04-25T08:13:34","guid":{"rendered":"https:\/\/www.gowe-group.com\/?post_type=product&#038;p=4780"},"modified":"2025-04-30T17:41:14","modified_gmt":"2025-04-30T09:41:14","slug":"viga-de-aluminio","status":"publish","type":"product","link":"https:\/\/www.gowe-group.com\/es\/product\/aluminium-beam\/","title":{"rendered":"Viga de aluminio"},"content":{"rendered":"<p><strong>Viga de aluminio -185 (Primario)<\/strong><\/p>\n<table style=\"height: 208px; width: 100%; border-style: solid;\" border=\"1\" width=\"100%\" cellspacing=\"0\" cellpadding=\"0\">\n<tbody>\n<tr style=\"height: 51px;\">\n<td style=\"height: 51px;\" align=\"center\" valign=\"middle\"><strong>Altura<\/strong><\/td>\n<td style=\"height: 51px;\" align=\"center\" valign=\"middle\"><strong>Anchura<\/strong><\/td>\n<td style=\"height: 51px;\" align=\"center\" valign=\"middle\"><strong>Espesor<\/strong><\/td>\n<td style=\"height: 51px;\" align=\"center\" valign=\"middle\"><strong>Peso\/M<\/strong><\/td>\n<td style=\"height: 51px;\" align=\"center\" valign=\"middle\"><strong>Material<\/strong><\/td>\n<td style=\"height: 51px;\" align=\"center\" valign=\"middle\"><strong>Resistencia a la tracci\u00f3n<\/strong><\/td>\n<\/tr>\n<tr style=\"height: 51px;\">\n<td style=\"height: 51px;\" align=\"center\" valign=\"middle\">185 mm<\/td>\n<td style=\"height: 51px;\" align=\"center\" valign=\"middle\">100 mm<\/td>\n<td style=\"height: 51px;\" align=\"center\" valign=\"middle\">5,1 mm<\/td>\n<td style=\"height: 51px;\" align=\"center\" valign=\"middle\">6.354kg<\/td>\n<td style=\"height: 51px;\" align=\"center\" valign=\"middle\">6351-T6<\/td>\n<td style=\"height: 51px;\" align=\"center\" valign=\"middle\">300Mpa<\/td>\n<\/tr>\n<tr style=\"height: 51px;\">\n<td style=\"height: 51px;\" align=\"center\" valign=\"middle\"><strong>Alargamiento<\/strong><\/td>\n<td style=\"height: 51px;\" align=\"center\" valign=\"middle\"><strong>L\u00edmite el\u00e1stico<\/strong><\/td>\n<td style=\"height: 51px;\" align=\"center\" valign=\"middle\"><strong>M\u00f3dulo de elasticidad<\/strong><\/td>\n<td style=\"height: 51px;\" align=\"center\" valign=\"middle\"><strong>Fuerza de inercia<\/strong><\/td>\n<td style=\"height: 51px;\" align=\"center\" valign=\"middle\"><strong>M\u00f3dulo de secci\u00f3n<\/strong><\/td>\n<td style=\"height: 51px;\" align=\"center\" valign=\"middle\"><strong>Momento de inercia<\/strong><\/td>\n<\/tr>\n<tr style=\"height: 55px;\">\n<td style=\"height: 55px;\" align=\"center\" valign=\"middle\">17.5<\/td>\n<td style=\"height: 55px;\" align=\"center\" valign=\"middle\">270Mpa<\/td>\n<td style=\"height: 55px;\" align=\"center\" valign=\"middle\">70300N\/mm<sup>2<\/sup><\/td>\n<td style=\"height: 55px;\" align=\"center\" valign=\"middle\">6035000N\/mm<sup>4<\/sup><\/td>\n<td style=\"height: 55px;\" align=\"center\" valign=\"middle\">136000mm<sup>3<\/sup><\/td>\n<td style=\"height: 55px;\" align=\"center\" valign=\"middle\">12620000mm<sup>4<\/sup><\/td>\n<\/tr>\n<\/tbody>\n<\/table>\n<p>&nbsp;<\/p>\n<p><strong>Viga de aluminio -140 (Secundaria)<\/strong><\/p>\n<table border=\"1\" width=\"100%\" cellspacing=\"0\" cellpadding=\"0\">\n<tbody>\n<tr>\n<td align=\"center\" valign=\"middle\"><strong>Altura<\/strong><\/td>\n<td align=\"center\" valign=\"middle\"><strong>Anchura<\/strong><\/td>\n<td align=\"center\" valign=\"middle\"><strong>Espesor<\/strong><\/td>\n<td align=\"center\" valign=\"middle\"><strong>Peso\/M<\/strong><\/td>\n<td align=\"center\" valign=\"middle\"><strong>Material<\/strong><\/td>\n<td align=\"center\" valign=\"middle\"><strong>Resistencia a la tracci\u00f3n<\/strong><\/td>\n<\/tr>\n<tr>\n<td align=\"center\" valign=\"middle\">140 mm<\/td>\n<td align=\"center\" valign=\"middle\">Hasta 82 mm<br \/>\nFondo 89 mm<\/td>\n<td align=\"center\" valign=\"middle\">3,1 mm<\/td>\n<td align=\"center\" valign=\"middle\">4,6 kg<\/td>\n<td align=\"center\" valign=\"middle\">6351-T6<\/td>\n<td align=\"center\" valign=\"middle\">310Mpa<\/td>\n<\/tr>\n<tr>\n<td align=\"center\" valign=\"middle\"><strong>Alargamiento<\/strong><\/td>\n<td align=\"center\" valign=\"middle\"><strong>L\u00edmite el\u00e1stico<\/strong><\/td>\n<td align=\"center\" valign=\"middle\"><strong>M\u00f3dulo de elasticidad<\/strong><\/td>\n<td align=\"center\" valign=\"middle\"><strong>Fuerza de inercia<\/strong><\/td>\n<td align=\"center\" valign=\"middle\"><strong>M\u00f3dulo de secci\u00f3n<\/strong><\/td>\n<td align=\"center\" valign=\"middle\"><strong>Momento de inercia<\/strong><\/td>\n<\/tr>\n<tr>\n<td align=\"center\" valign=\"middle\">11.5<\/td>\n<td align=\"center\" valign=\"middle\">260Mpa<\/td>\n<td align=\"center\" valign=\"middle\">70300N\/mm<sup>2<\/sup><\/td>\n<td align=\"center\" valign=\"middle\">6035000N\/mm<sup>4<\/sup><\/td>\n<td align=\"center\" valign=\"middle\">64000 mm<sup>3<\/sup><\/td>\n<td align=\"center\" valign=\"middle\">40600mm<sup>4<\/sup><\/td>\n<\/tr>\n<\/tbody>\n<\/table>\n<p>&nbsp;<\/p>","protected":false},"excerpt":{"rendered":"<p>Las vigas de aluminio (vigas en I de aleaci\u00f3n de aluminio) est\u00e1n dise\u00f1adas para proporcionar un soporte estructural fiable en proyectos de construcci\u00f3n.<\/p>","protected":false},"featured_media":4781,"comment_status":"closed","ping_status":"closed","template":"","meta":{"_acf_changed":false},"product_brand":[],"product_cat":[130,54],"product_tag":[],"class_list":{"0":"post-4780","1":"product","2":"type-product","3":"status-publish","4":"has-post-thumbnail","6":"product_cat-aluminium-beam","7":"product_cat-scaffolding-series","9":"first","10":"instock","11":"shipping-taxable","12":"product-type-simple"},"acf":[],"_links":{"self":[{"href":"https:\/\/www.gowe-group.com\/es\/wp-json\/wp\/v2\/product\/4780","targetHints":{"allow":["GET"]}}],"collection":[{"href":"https:\/\/www.gowe-group.com\/es\/wp-json\/wp\/v2\/product"}],"about":[{"href":"https:\/\/www.gowe-group.com\/es\/wp-json\/wp\/v2\/types\/product"}],"replies":[{"embeddable":true,"href":"https:\/\/www.gowe-group.com\/es\/wp-json\/wp\/v2\/comments?post=4780"}],"wp:featuredmedia":[{"embeddable":true,"href":"https:\/\/www.gowe-group.com\/es\/wp-json\/wp\/v2\/media\/4781"}],"wp:attachment":[{"href":"https:\/\/www.gowe-group.com\/es\/wp-json\/wp\/v2\/media?parent=4780"}],"wp:term":[{"taxonomy":"product_brand","embeddable":true,"href":"https:\/\/www.gowe-group.com\/es\/wp-json\/wp\/v2\/product_brand?post=4780"},{"taxonomy":"product_cat","embeddable":true,"href":"https:\/\/www.gowe-group.com\/es\/wp-json\/wp\/v2\/product_cat?post=4780"},{"taxonomy":"product_tag","embeddable":true,"href":"https:\/\/www.gowe-group.com\/es\/wp-json\/wp\/v2\/product_tag?post=4780"}],"curies":[{"name":"WP","href":"https:\/\/api.w.org\/{rel}","templated":true}]}}