{"id":5054,"date":"2025-05-23T13:49:56","date_gmt":"2025-05-23T05:49:56","guid":{"rendered":"https:\/\/www.gowe-group.com\/?post_type=product&#038;p=5054"},"modified":"2025-05-23T14:42:47","modified_gmt":"2025-05-23T06:42:47","slug":"equipos-para-tuneles","status":"publish","type":"product","link":"https:\/\/www.gowe-group.com\/es\/product\/tunnel-equipments\/","title":{"rendered":"Equipos para t\u00faneles"},"content":{"rendered":"<p>GOWE Tunnel Equipment ofrece una amplia gama de sistemas dise\u00f1ados para satisfacer las exigentes necesidades de la construcci\u00f3n de t\u00faneles moderna. Dise\u00f1ado con modularidad y adaptabilidad en mente, el equipo es adecuado para diferentes formas de t\u00fanel y m\u00e9todos de construcci\u00f3n. Nuestros sistemas mejoran la seguridad, aceleran los plazos de construcci\u00f3n y garantizan un rendimiento estructural preciso en entornos geol\u00f3gicos complejos. Desde carros de encofrado y carros de revestimiento hasta sistemas hidr\u00e1ulicos y moldes de acero, GOWE ofrece soluciones fiables y de alta eficiencia adaptadas a las necesidades de su proyecto.<\/p>\n<table style=\"border-collapse: collapse; width: 100%; height: 278px;\">\n<tbody>\n<tr style=\"height: 255px;\">\n<td style=\"width: 33.3333%; height: 255px;\">\n<p><figure id=\"attachment_5059\" aria-describedby=\"caption-attachment-5059\" style=\"width: 300px\" class=\"wp-caption aligncenter\"><img fetchpriority=\"high\" decoding=\"async\" class=\"size-medium wp-image-5059\" src=\"https:\/\/www.gowe-group.com\/wp-content\/uploads\/2025\/05\/Waterproof-Membrane-Installation-Trolley-300x177.jpg\" alt=\"Carro de instalaci\u00f3n de membranas impermeables\" width=\"300\" height=\"177\" srcset=\"https:\/\/www.gowe-group.com\/wp-content\/uploads\/2025\/05\/Waterproof-Membrane-Installation-Trolley-300x177.jpg 300w, https:\/\/www.gowe-group.com\/wp-content\/uploads\/2025\/05\/Waterproof-Membrane-Installation-Trolley-768x453.jpg 768w, https:\/\/www.gowe-group.com\/wp-content\/uploads\/2025\/05\/Waterproof-Membrane-Installation-Trolley-18x12.jpg 18w, https:\/\/www.gowe-group.com\/wp-content\/uploads\/2025\/05\/Waterproof-Membrane-Installation-Trolley-600x354.jpg 600w, https:\/\/www.gowe-group.com\/wp-content\/uploads\/2025\/05\/Waterproof-Membrane-Installation-Trolley.jpg 950w\" sizes=\"(max-width: 300px) 100vw, 300px\" \/><figcaption id=\"caption-attachment-5059\" class=\"wp-caption-text\"><strong>Carro de instalaci\u00f3n de membranas impermeables<\/strong><\/figcaption><\/figure><\/td>\n<td style=\"width: 35.2799%; height: 255px;\">\n<p><figure id=\"attachment_5060\" aria-describedby=\"caption-attachment-5060\" style=\"width: 300px\" class=\"wp-caption aligncenter\"><img decoding=\"async\" class=\"size-medium wp-image-5060\" src=\"https:\/\/www.gowe-group.com\/wp-content\/uploads\/2025\/05\/Cable-Duct-and-Drainage-Channel-Installation-Trolley-300x177.jpg\" alt=\"Carro de instalaci\u00f3n de canaletas de cables y canales de drenaje\" width=\"300\" height=\"177\" srcset=\"https:\/\/www.gowe-group.com\/wp-content\/uploads\/2025\/05\/Cable-Duct-and-Drainage-Channel-Installation-Trolley-300x177.jpg 300w, https:\/\/www.gowe-group.com\/wp-content\/uploads\/2025\/05\/Cable-Duct-and-Drainage-Channel-Installation-Trolley-768x453.jpg 768w, https:\/\/www.gowe-group.com\/wp-content\/uploads\/2025\/05\/Cable-Duct-and-Drainage-Channel-Installation-Trolley-18x12.jpg 18w, https:\/\/www.gowe-group.com\/wp-content\/uploads\/2025\/05\/Cable-Duct-and-Drainage-Channel-Installation-Trolley-600x354.jpg 600w, https:\/\/www.gowe-group.com\/wp-content\/uploads\/2025\/05\/Cable-Duct-and-Drainage-Channel-Installation-Trolley.jpg 950w\" sizes=\"(max-width: 300px) 100vw, 300px\" \/><figcaption id=\"caption-attachment-5060\" class=\"wp-caption-text\"><strong>Carro de instalaci\u00f3n de canaletas de cables y canales de drenaje<\/strong><\/figcaption><\/figure><\/td>\n<td style=\"width: 31.3867%; height: 255px;\">\n<p><figure id=\"attachment_5058\" aria-describedby=\"caption-attachment-5058\" style=\"width: 300px\" class=\"wp-caption aligncenter\"><img decoding=\"async\" class=\"size-medium wp-image-5058\" src=\"https:\/\/www.gowe-group.com\/wp-content\/uploads\/2025\/05\/GOWE-Tunnel-Equipments-Tunnel-Lining-Trolley-300x177.jpg\" alt=\"Carro para revestimiento de t\u00faneles\" width=\"300\" height=\"177\" srcset=\"https:\/\/www.gowe-group.com\/wp-content\/uploads\/2025\/05\/GOWE-Tunnel-Equipments-Tunnel-Lining-Trolley-300x177.jpg 300w, https:\/\/www.gowe-group.com\/wp-content\/uploads\/2025\/05\/GOWE-Tunnel-Equipments-Tunnel-Lining-Trolley-768x453.jpg 768w, https:\/\/www.gowe-group.com\/wp-content\/uploads\/2025\/05\/GOWE-Tunnel-Equipments-Tunnel-Lining-Trolley-18x12.jpg 18w, https:\/\/www.gowe-group.com\/wp-content\/uploads\/2025\/05\/GOWE-Tunnel-Equipments-Tunnel-Lining-Trolley-600x354.jpg 600w, https:\/\/www.gowe-group.com\/wp-content\/uploads\/2025\/05\/GOWE-Tunnel-Equipments-Tunnel-Lining-Trolley.jpg 950w\" sizes=\"(max-width: 300px) 100vw, 300px\" \/><figcaption id=\"caption-attachment-5058\" class=\"wp-caption-text\"><strong>Carro para revestimiento de t\u00faneles<\/strong><\/figcaption><\/figure><\/td>\n<\/tr>\n<tr style=\"height: 23px;\">\n<td style=\"width: 33.3333%; height: 23px;\">\n<p><figure id=\"attachment_5057\" aria-describedby=\"caption-attachment-5057\" style=\"width: 300px\" class=\"wp-caption aligncenter\"><img loading=\"lazy\" decoding=\"async\" class=\"size-medium wp-image-5057\" src=\"https:\/\/www.gowe-group.com\/wp-content\/uploads\/2025\/05\/GOWE-Tunnel-Equipments-Tunnel-invertArch-Trestle-300x177.jpg\" alt=\"T\u00fanel invertidoArco Caballete\" width=\"300\" height=\"177\" srcset=\"https:\/\/www.gowe-group.com\/wp-content\/uploads\/2025\/05\/GOWE-Tunnel-Equipments-Tunnel-invertArch-Trestle-300x177.jpg 300w, https:\/\/www.gowe-group.com\/wp-content\/uploads\/2025\/05\/GOWE-Tunnel-Equipments-Tunnel-invertArch-Trestle-768x453.jpg 768w, https:\/\/www.gowe-group.com\/wp-content\/uploads\/2025\/05\/GOWE-Tunnel-Equipments-Tunnel-invertArch-Trestle-18x12.jpg 18w, https:\/\/www.gowe-group.com\/wp-content\/uploads\/2025\/05\/GOWE-Tunnel-Equipments-Tunnel-invertArch-Trestle-600x354.jpg 600w, https:\/\/www.gowe-group.com\/wp-content\/uploads\/2025\/05\/GOWE-Tunnel-Equipments-Tunnel-invertArch-Trestle.jpg 950w\" sizes=\"(max-width: 300px) 100vw, 300px\" \/><figcaption id=\"caption-attachment-5057\" class=\"wp-caption-text\"><strong>T\u00fanel invertidoArco Caballete<\/strong><\/figcaption><\/figure><\/td>\n<td style=\"width: 35.2799%; height: 23px;\">\n<p><figure id=\"attachment_5056\" aria-describedby=\"caption-attachment-5056\" style=\"width: 300px\" class=\"wp-caption aligncenter\"><img loading=\"lazy\" decoding=\"async\" class=\"size-medium wp-image-5056\" src=\"https:\/\/www.gowe-group.com\/wp-content\/uploads\/2025\/05\/GOWE-Tunnel-Equipments-Hydraulic-Needle-Beam-Full-Circle-Trolley-300x177.jpg\" alt=\"Carro hidr\u00e1ulico de agujas de c\u00edrculo completo\" width=\"300\" height=\"177\" srcset=\"https:\/\/www.gowe-group.com\/wp-content\/uploads\/2025\/05\/GOWE-Tunnel-Equipments-Hydraulic-Needle-Beam-Full-Circle-Trolley-300x177.jpg 300w, https:\/\/www.gowe-group.com\/wp-content\/uploads\/2025\/05\/GOWE-Tunnel-Equipments-Hydraulic-Needle-Beam-Full-Circle-Trolley-768x453.jpg 768w, https:\/\/www.gowe-group.com\/wp-content\/uploads\/2025\/05\/GOWE-Tunnel-Equipments-Hydraulic-Needle-Beam-Full-Circle-Trolley-18x12.jpg 18w, https:\/\/www.gowe-group.com\/wp-content\/uploads\/2025\/05\/GOWE-Tunnel-Equipments-Hydraulic-Needle-Beam-Full-Circle-Trolley-600x354.jpg 600w, https:\/\/www.gowe-group.com\/wp-content\/uploads\/2025\/05\/GOWE-Tunnel-Equipments-Hydraulic-Needle-Beam-Full-Circle-Trolley.jpg 950w\" sizes=\"(max-width: 300px) 100vw, 300px\" \/><figcaption id=\"caption-attachment-5056\" class=\"wp-caption-text\"><strong>Carro hidr\u00e1ulico de agujas de c\u00edrculo completo<\/strong><\/figcaption><\/figure><\/td>\n<td style=\"width: 31.3867%; height: 23px;\"><\/td>\n<\/tr>\n<\/tbody>\n<\/table>","protected":false},"excerpt":{"rendered":"<p>Tunnel Equipment est\u00e1 dise\u00f1ado para ofrecer una precisi\u00f3n de encofrado, seguridad y rendimiento superiores en proyectos de construcci\u00f3n subterr\u00e1nea. El sistema es ideal para t\u00faneles ferroviarios, de metro, de desviaci\u00f3n de aguas y de autopistas, ya que proporciona un soporte s\u00f3lido durante las fases de excavaci\u00f3n y revestimiento. Los componentes, como los carros de encofrado para t\u00faneles, las plataformas m\u00f3viles y los encofrados de revestimiento personalizados, est\u00e1n dise\u00f1ados para un montaje r\u00e1pido, un mantenimiento m\u00ednimo y una larga vida \u00fatil. Con una gran capacidad de adaptaci\u00f3n a secciones transversales complejas y entornos dif\u00edciles, GOWE Tunnel Equipment garantiza una alta productividad, durabilidad estructural y el cumplimiento de las estrictas especificaciones del proyecto.<\/p>","protected":false},"featured_media":5055,"comment_status":"closed","ping_status":"closed","template":"","meta":{"_acf_changed":false},"product_brand":[],"product_cat":[58,133],"product_tag":[],"class_list":{"0":"post-5054","1":"product","2":"type-product","3":"status-publish","4":"has-post-thumbnail","6":"product_cat-bridge-tunnel","7":"product_cat-tunnel-equipments","9":"first","10":"instock","11":"shipping-taxable","12":"product-type-simple"},"acf":[],"_links":{"self":[{"href":"https:\/\/www.gowe-group.com\/es\/wp-json\/wp\/v2\/product\/5054","targetHints":{"allow":["GET"]}}],"collection":[{"href":"https:\/\/www.gowe-group.com\/es\/wp-json\/wp\/v2\/product"}],"about":[{"href":"https:\/\/www.gowe-group.com\/es\/wp-json\/wp\/v2\/types\/product"}],"replies":[{"embeddable":true,"href":"https:\/\/www.gowe-group.com\/es\/wp-json\/wp\/v2\/comments?post=5054"}],"wp:featuredmedia":[{"embeddable":true,"href":"https:\/\/www.gowe-group.com\/es\/wp-json\/wp\/v2\/media\/5055"}],"wp:attachment":[{"href":"https:\/\/www.gowe-group.com\/es\/wp-json\/wp\/v2\/media?parent=5054"}],"wp:term":[{"taxonomy":"product_brand","embeddable":true,"href":"https:\/\/www.gowe-group.com\/es\/wp-json\/wp\/v2\/product_brand?post=5054"},{"taxonomy":"product_cat","embeddable":true,"href":"https:\/\/www.gowe-group.com\/es\/wp-json\/wp\/v2\/product_cat?post=5054"},{"taxonomy":"product_tag","embeddable":true,"href":"https:\/\/www.gowe-group.com\/es\/wp-json\/wp\/v2\/product_tag?post=5054"}],"curies":[{"name":"WP","href":"https:\/\/api.w.org\/{rel}","templated":true}]}}