{"id":5072,"date":"2025-05-23T16:22:24","date_gmt":"2025-05-23T08:22:24","guid":{"rendered":"https:\/\/www.gowe-group.com\/?post_type=product&#038;p=5072"},"modified":"2025-11-06T09:42:26","modified_gmt":"2025-11-06T01:42:26","slug":"encofrado-de-vigas-de-madera","status":"publish","type":"product","link":"https:\/\/www.gowe-group.com\/es\/product\/timber-beam-formwork\/","title":{"rendered":"Encofrado de vigas de madera"},"content":{"rendered":"<p data-start=\"190\" data-end=\"728\">El sistema de encofrado de vigas de madera de GOWE es una soluci\u00f3n modular y flexible dise\u00f1ada para una amplia gama de aplicaciones de hormig\u00f3n in situ, como muros, losas, pilares y vigas. El n\u00facleo del sistema es la viga de madera H20, una viga en I de madera de alta resistencia conocida por su estructura ligera, su impresionante capacidad de carga y su larga vida \u00fatil. Combinado con paneles de madera contrachapada y accesorios de acero, este sistema de encofrado es f\u00e1cil de montar, ajustar y desmontar, lo que lo convierte en una opci\u00f3n ideal para entornos de construcci\u00f3n de ritmo r\u00e1pido.<\/p>\n<p data-start=\"730\" data-end=\"1179\">El sistema se ha dise\u00f1ado pensando en la adaptabilidad. Permite configurar libremente la separaci\u00f3n entre vigas y la disposici\u00f3n del contrachapado para adaptarse a diversas formas y tama\u00f1os de estructuras de hormig\u00f3n, incluidos dise\u00f1os irregulares o curvos. Su ligereza reduce la dependencia de las gr\u00faas y mejora la eficacia de la manipulaci\u00f3n in situ, mientras que la superficie lisa del contrachapado garantiza un excelente acabado del hormig\u00f3n, minimizando la necesidad de tratamientos superficiales adicionales tras el vertido.<\/p>\n<p data-start=\"1181\" data-end=\"1523\">El encofrado de vigas de madera GOWE tambi\u00e9n es muy econ\u00f3mico. Las vigas y paneles H20 son reutilizables durante 30-50 ciclos o m\u00e1s con un mantenimiento adecuado, lo que reduce los costes de material a largo plazo y los residuos. Adem\u00e1s, todos los componentes se fabrican con est\u00e1ndares de alta calidad, lo que garantiza su durabilidad, consistencia dimensional y seguridad en m\u00faltiples reutilizaciones.<\/p>\n<p data-start=\"1525\" data-end=\"1794\">Tanto si se utiliza en proyectos residenciales, comerciales o de infraestructuras, este sistema combina eficiencia, seguridad y sostenibilidad. Se ajusta a las exigencias de la construcci\u00f3n moderna y ofrece a los contratistas una soluci\u00f3n de encofrado fiable, personalizable y respetuosa con el medio ambiente.<\/p>\n<p data-start=\"1525\" data-end=\"1794\">","protected":false},"excerpt":{"rendered":"<p>Soluci\u00f3n vers\u00e1til de encofrado GOWE que utiliza vigas de madera H20, walers de acero y paneles de contrachapado, adecuados para losas, paredes y columnas en todo tipo de proyectos.<\/p>","protected":false},"featured_media":6083,"comment_status":"closed","ping_status":"closed","template":"","meta":{"_acf_changed":false},"product_brand":[],"product_cat":[99,101],"product_tag":[],"class_list":{"0":"post-5072","1":"product","2":"type-product","3":"status-publish","4":"has-post-thumbnail","6":"product_cat-formwork-series","7":"product_cat-timber-beamplywood-system","9":"first","10":"instock","11":"shipping-taxable","12":"product-type-simple"},"acf":[],"_links":{"self":[{"href":"https:\/\/www.gowe-group.com\/es\/wp-json\/wp\/v2\/product\/5072","targetHints":{"allow":["GET"]}}],"collection":[{"href":"https:\/\/www.gowe-group.com\/es\/wp-json\/wp\/v2\/product"}],"about":[{"href":"https:\/\/www.gowe-group.com\/es\/wp-json\/wp\/v2\/types\/product"}],"replies":[{"embeddable":true,"href":"https:\/\/www.gowe-group.com\/es\/wp-json\/wp\/v2\/comments?post=5072"}],"wp:featuredmedia":[{"embeddable":true,"href":"https:\/\/www.gowe-group.com\/es\/wp-json\/wp\/v2\/media\/6083"}],"wp:attachment":[{"href":"https:\/\/www.gowe-group.com\/es\/wp-json\/wp\/v2\/media?parent=5072"}],"wp:term":[{"taxonomy":"product_brand","embeddable":true,"href":"https:\/\/www.gowe-group.com\/es\/wp-json\/wp\/v2\/product_brand?post=5072"},{"taxonomy":"product_cat","embeddable":true,"href":"https:\/\/www.gowe-group.com\/es\/wp-json\/wp\/v2\/product_cat?post=5072"},{"taxonomy":"product_tag","embeddable":true,"href":"https:\/\/www.gowe-group.com\/es\/wp-json\/wp\/v2\/product_tag?post=5072"}],"curies":[{"name":"WP","href":"https:\/\/api.w.org\/{rel}","templated":true}]}}