{"id":3732,"date":"2025-03-24T11:36:51","date_gmt":"2025-03-24T03:36:51","guid":{"rendered":"http:\/\/www.gowe-group.com\/?post_type=product&#038;p=3732"},"modified":"2025-08-14T10:48:18","modified_gmt":"2025-08-14T02:48:18","slug":"echafaudage-a-anneaux","status":"publish","type":"product","link":"https:\/\/www.gowe-group.com\/fr\/product\/ringlock-scaffolding\/","title":{"rendered":"\u00c9chafaudage Ringlock"},"content":{"rendered":"<p>L'\u00e9chafaudage Ringlock peut \u00eatre divis\u00e9 en syst\u00e8me 48 mm et syst\u00e8me 60 mm.<\/p>\n<p>&nbsp;<\/p>\n<p><img fetchpriority=\"high\" decoding=\"async\" class=\"aligncenter wp-image-3758 size-full\" src=\"http:\/\/www.gowe-group.com\/wp-content\/uploads\/2025\/03\/pankou3001.jpg\" alt=\"pankou3001\" width=\"516\" height=\"703\" srcset=\"https:\/\/www.gowe-group.com\/wp-content\/uploads\/2025\/03\/pankou3001.jpg 516w, https:\/\/www.gowe-group.com\/wp-content\/uploads\/2025\/03\/pankou3001-220x300.jpg 220w\" sizes=\"(max-width: 516px) 100vw, 516px\" \/><\/p>\n<p>&nbsp;<\/p>\n<p><strong>Composants d'\u00e9chafaudages et d'accessoires Ringlock<\/strong><\/p>\n<table style=\"border-collapse: collapse; width: 100%;\">\n<tbody>\n<tr>\n<td style=\"width: 25%;\"><img decoding=\"async\" class=\"aligncenter wp-image-4681 size-medium\" src=\"https:\/\/www.gowe-group.com\/wp-content\/uploads\/2025\/04\/Adjustable-Base-Jack-2-300x300.jpg\" alt=\"Base r\u00e9glable-Jack-Gowe\" width=\"300\" height=\"300\" srcset=\"https:\/\/www.gowe-group.com\/wp-content\/uploads\/2025\/04\/Adjustable-Base-Jack-2-300x300.jpg 300w, https:\/\/www.gowe-group.com\/wp-content\/uploads\/2025\/04\/Adjustable-Base-Jack-2-150x150.jpg 150w, https:\/\/www.gowe-group.com\/wp-content\/uploads\/2025\/04\/Adjustable-Base-Jack-2-12x12.jpg 12w, https:\/\/www.gowe-group.com\/wp-content\/uploads\/2025\/04\/Adjustable-Base-Jack-2-100x100.jpg 100w, https:\/\/www.gowe-group.com\/wp-content\/uploads\/2025\/04\/Adjustable-Base-Jack-2.jpg 500w\" sizes=\"(max-width: 300px) 100vw, 300px\" \/><\/td>\n<td style=\"width: 25%;\"><img decoding=\"async\" class=\"wp-image-4915 size-medium aligncenter\" src=\"https:\/\/www.gowe-group.com\/wp-content\/uploads\/2025\/03\/Adjustable-U-head-1-300x300.jpg\" alt=\"T\u00eate en U r\u00e9glable-GOWE\" width=\"300\" height=\"300\" srcset=\"https:\/\/www.gowe-group.com\/wp-content\/uploads\/2025\/03\/Adjustable-U-head-1-300x300.jpg 300w, https:\/\/www.gowe-group.com\/wp-content\/uploads\/2025\/03\/Adjustable-U-head-1-150x150.jpg 150w, https:\/\/www.gowe-group.com\/wp-content\/uploads\/2025\/03\/Adjustable-U-head-1-12x12.jpg 12w, https:\/\/www.gowe-group.com\/wp-content\/uploads\/2025\/03\/Adjustable-U-head-1-100x100.jpg 100w, https:\/\/www.gowe-group.com\/wp-content\/uploads\/2025\/03\/Adjustable-U-head-1.jpg 500w\" sizes=\"(max-width: 300px) 100vw, 300px\" \/><\/td>\n<td style=\"width: 25%;\"><img loading=\"lazy\" decoding=\"async\" class=\"size-medium wp-image-4916 aligncenter\" src=\"https:\/\/www.gowe-group.com\/wp-content\/uploads\/2025\/03\/Base-Collar-2-300x300.jpg\" alt=\"Collier de base-syst\u00e8me d&#039;\u00e9chafaudage-gowe\" width=\"300\" height=\"300\" srcset=\"https:\/\/www.gowe-group.com\/wp-content\/uploads\/2025\/03\/Base-Collar-2-300x300.jpg 300w, https:\/\/www.gowe-group.com\/wp-content\/uploads\/2025\/03\/Base-Collar-2-150x150.jpg 150w, https:\/\/www.gowe-group.com\/wp-content\/uploads\/2025\/03\/Base-Collar-2-12x12.jpg 12w, https:\/\/www.gowe-group.com\/wp-content\/uploads\/2025\/03\/Base-Collar-2-100x100.jpg 100w, https:\/\/www.gowe-group.com\/wp-content\/uploads\/2025\/03\/Base-Collar-2.jpg 500w\" sizes=\"(max-width: 300px) 100vw, 300px\" \/><\/td>\n<td style=\"width: 25%;\"><img loading=\"lazy\" decoding=\"async\" class=\"aligncenter wp-image-4917 size-medium\" src=\"https:\/\/www.gowe-group.com\/wp-content\/uploads\/2025\/03\/Horizontal-Diagonal-Brace-1-300x300.jpg\" alt=\"Entretoise diagonale-Syst\u00e8me d&#039;\u00e9chafaudage-gowe\" width=\"300\" height=\"300\" srcset=\"https:\/\/www.gowe-group.com\/wp-content\/uploads\/2025\/03\/Horizontal-Diagonal-Brace-1-300x300.jpg 300w, https:\/\/www.gowe-group.com\/wp-content\/uploads\/2025\/03\/Horizontal-Diagonal-Brace-1-150x150.jpg 150w, https:\/\/www.gowe-group.com\/wp-content\/uploads\/2025\/03\/Horizontal-Diagonal-Brace-1-12x12.jpg 12w, https:\/\/www.gowe-group.com\/wp-content\/uploads\/2025\/03\/Horizontal-Diagonal-Brace-1-100x100.jpg 100w, https:\/\/www.gowe-group.com\/wp-content\/uploads\/2025\/03\/Horizontal-Diagonal-Brace-1.jpg 500w\" sizes=\"(max-width: 300px) 100vw, 300px\" \/><\/td>\n<\/tr>\n<tr>\n<td style=\"width: 25%; text-align: center;\"><strong>Prise de base<\/strong><\/td>\n<td style=\"width: 25%; text-align: center;\"><strong>Cric en U<\/strong><\/td>\n<td style=\"width: 25%; text-align: center;\"><strong>Collier de base<\/strong><\/td>\n<td style=\"width: 25%; text-align: center;\"><strong>Entretoise diagonale<\/strong><\/td>\n<\/tr>\n<tr>\n<td style=\"width: 25%;\"><img loading=\"lazy\" decoding=\"async\" class=\"alignnone size-medium wp-image-4918\" src=\"https:\/\/www.gowe-group.com\/wp-content\/uploads\/2025\/03\/Standard-with-Spigot-2-300x300.jpg\" alt=\"Standard avec Spigot-syst\u00e8me d&#039;\u00e9chafaudage-gowe\" width=\"300\" height=\"300\" srcset=\"https:\/\/www.gowe-group.com\/wp-content\/uploads\/2025\/03\/Standard-with-Spigot-2-300x300.jpg 300w, https:\/\/www.gowe-group.com\/wp-content\/uploads\/2025\/03\/Standard-with-Spigot-2-150x150.jpg 150w, https:\/\/www.gowe-group.com\/wp-content\/uploads\/2025\/03\/Standard-with-Spigot-2-12x12.jpg 12w, https:\/\/www.gowe-group.com\/wp-content\/uploads\/2025\/03\/Standard-with-Spigot-2-100x100.jpg 100w, https:\/\/www.gowe-group.com\/wp-content\/uploads\/2025\/03\/Standard-with-Spigot-2.jpg 500w\" sizes=\"(max-width: 300px) 100vw, 300px\" \/><\/td>\n<td style=\"width: 25%;\"><img loading=\"lazy\" decoding=\"async\" class=\"aligncenter size-medium wp-image-4920\" src=\"https:\/\/www.gowe-group.com\/wp-content\/uploads\/2025\/03\/Metal-Plank-2-300x300.jpg\" alt=\"Planche m\u00e9tallique-syst\u00e8me d&#039;\u00e9chafaudage-gowe\" width=\"300\" height=\"300\" srcset=\"https:\/\/www.gowe-group.com\/wp-content\/uploads\/2025\/03\/Metal-Plank-2-300x300.jpg 300w, https:\/\/www.gowe-group.com\/wp-content\/uploads\/2025\/03\/Metal-Plank-2-150x150.jpg 150w, https:\/\/www.gowe-group.com\/wp-content\/uploads\/2025\/03\/Metal-Plank-2-12x12.jpg 12w, https:\/\/www.gowe-group.com\/wp-content\/uploads\/2025\/03\/Metal-Plank-2-100x100.jpg 100w, https:\/\/www.gowe-group.com\/wp-content\/uploads\/2025\/03\/Metal-Plank-2.jpg 500w\" sizes=\"(max-width: 300px) 100vw, 300px\" \/><\/td>\n<td style=\"width: 25%;\"><img loading=\"lazy\" decoding=\"async\" class=\"aligncenter size-medium wp-image-4921\" src=\"https:\/\/www.gowe-group.com\/wp-content\/uploads\/2025\/03\/Catwalk-2-300x300.jpg\" alt=\"Passerelle - planche d&#039;acier - pont - gowe\" width=\"300\" height=\"300\" srcset=\"https:\/\/www.gowe-group.com\/wp-content\/uploads\/2025\/03\/Catwalk-2-300x300.jpg 300w, https:\/\/www.gowe-group.com\/wp-content\/uploads\/2025\/03\/Catwalk-2-150x150.jpg 150w, https:\/\/www.gowe-group.com\/wp-content\/uploads\/2025\/03\/Catwalk-2-12x12.jpg 12w, https:\/\/www.gowe-group.com\/wp-content\/uploads\/2025\/03\/Catwalk-2-100x100.jpg 100w, https:\/\/www.gowe-group.com\/wp-content\/uploads\/2025\/03\/Catwalk-2.jpg 500w\" sizes=\"(max-width: 300px) 100vw, 300px\" \/><\/td>\n<td style=\"width: 25%;\"><img loading=\"lazy\" decoding=\"async\" class=\"aligncenter size-medium wp-image-4922\" src=\"https:\/\/www.gowe-group.com\/wp-content\/uploads\/2025\/03\/Monkey-Ladder-1-300x300.jpg\" alt=\"\u00c9chelle de singe-syst\u00e8me d&#039;\u00e9chafaudage-gowe\" width=\"300\" height=\"300\" srcset=\"https:\/\/www.gowe-group.com\/wp-content\/uploads\/2025\/03\/Monkey-Ladder-1-300x300.jpg 300w, https:\/\/www.gowe-group.com\/wp-content\/uploads\/2025\/03\/Monkey-Ladder-1-150x150.jpg 150w, https:\/\/www.gowe-group.com\/wp-content\/uploads\/2025\/03\/Monkey-Ladder-1-12x12.jpg 12w, https:\/\/www.gowe-group.com\/wp-content\/uploads\/2025\/03\/Monkey-Ladder-1-100x100.jpg 100w, https:\/\/www.gowe-group.com\/wp-content\/uploads\/2025\/03\/Monkey-Ladder-1.jpg 500w\" sizes=\"(max-width: 300px) 100vw, 300px\" \/><\/td>\n<\/tr>\n<tr>\n<td style=\"width: 25%; text-align: center;\"><strong>Standard<\/strong><\/td>\n<td style=\"width: 25%; text-align: center;\"><strong>Planche m\u00e9tallique<\/strong><\/td>\n<td style=\"width: 25%; text-align: center;\"><strong>Passerelle\/planche d'acier\/plancher<\/strong><\/td>\n<td style=\"width: 25%; text-align: center;\"><strong>\u00c9chelle<\/strong><\/td>\n<\/tr>\n<tr>\n<td style=\"width: 25%; text-align: center;\"><strong><img loading=\"lazy\" decoding=\"async\" class=\"aligncenter size-medium wp-image-4923\" src=\"https:\/\/www.gowe-group.com\/wp-content\/uploads\/2025\/03\/Triangle-Bracket-1-300x300.jpg\" alt=\"Support triangulaire-syst\u00e8me d&#039;\u00e9chafaudage-gowe\" width=\"300\" height=\"300\" srcset=\"https:\/\/www.gowe-group.com\/wp-content\/uploads\/2025\/03\/Triangle-Bracket-1-300x300.jpg 300w, https:\/\/www.gowe-group.com\/wp-content\/uploads\/2025\/03\/Triangle-Bracket-1-150x150.jpg 150w, https:\/\/www.gowe-group.com\/wp-content\/uploads\/2025\/03\/Triangle-Bracket-1-12x12.jpg 12w, https:\/\/www.gowe-group.com\/wp-content\/uploads\/2025\/03\/Triangle-Bracket-1-100x100.jpg 100w, https:\/\/www.gowe-group.com\/wp-content\/uploads\/2025\/03\/Triangle-Bracket-1.jpg 500w\" sizes=\"(max-width: 300px) 100vw, 300px\" \/><\/strong><\/td>\n<td style=\"width: 25%; text-align: center;\"><strong><img loading=\"lazy\" decoding=\"async\" class=\"aligncenter size-medium wp-image-4924\" src=\"https:\/\/www.gowe-group.com\/wp-content\/uploads\/2025\/03\/Rosette-1-300x300.jpg\" alt=\"Syst\u00e8me d&#039;\u00e9chafaudage de rosettes-GOWE\" width=\"300\" height=\"300\" srcset=\"https:\/\/www.gowe-group.com\/wp-content\/uploads\/2025\/03\/Rosette-1-300x300.jpg 300w, https:\/\/www.gowe-group.com\/wp-content\/uploads\/2025\/03\/Rosette-1-150x150.jpg 150w, https:\/\/www.gowe-group.com\/wp-content\/uploads\/2025\/03\/Rosette-1-12x12.jpg 12w, https:\/\/www.gowe-group.com\/wp-content\/uploads\/2025\/03\/Rosette-1-100x100.jpg 100w, https:\/\/www.gowe-group.com\/wp-content\/uploads\/2025\/03\/Rosette-1.jpg 500w\" sizes=\"(max-width: 300px) 100vw, 300px\" \/><\/strong><\/td>\n<td style=\"width: 25%; text-align: center;\"><strong><img loading=\"lazy\" decoding=\"async\" class=\"aligncenter size-medium wp-image-4925\" src=\"https:\/\/www.gowe-group.com\/wp-content\/uploads\/2025\/03\/Diagonal-Brace-Casting-Head-1-300x300.jpg\" alt=\"T\u00eate de coul\u00e9e \u00e0 armature diagonale-Syst\u00e8me de pliage-GOWE\" width=\"300\" height=\"300\" srcset=\"https:\/\/www.gowe-group.com\/wp-content\/uploads\/2025\/03\/Diagonal-Brace-Casting-Head-1-300x300.jpg 300w, https:\/\/www.gowe-group.com\/wp-content\/uploads\/2025\/03\/Diagonal-Brace-Casting-Head-1-150x150.jpg 150w, https:\/\/www.gowe-group.com\/wp-content\/uploads\/2025\/03\/Diagonal-Brace-Casting-Head-1-12x12.jpg 12w, https:\/\/www.gowe-group.com\/wp-content\/uploads\/2025\/03\/Diagonal-Brace-Casting-Head-1-100x100.jpg 100w, https:\/\/www.gowe-group.com\/wp-content\/uploads\/2025\/03\/Diagonal-Brace-Casting-Head-1.jpg 500w\" sizes=\"(max-width: 300px) 100vw, 300px\" \/><\/strong><\/td>\n<td style=\"width: 25%; text-align: center;\"><strong><img loading=\"lazy\" decoding=\"async\" class=\"aligncenter size-medium wp-image-4926\" src=\"https:\/\/www.gowe-group.com\/wp-content\/uploads\/2025\/03\/Ledger-Casting-Head-5-300x300.jpg\" alt=\"T\u00eate de coul\u00e9e \u00e0 Ledger-syst\u00e8me d&#039;\u00e9chafaudage-gowe\" width=\"300\" height=\"300\" srcset=\"https:\/\/www.gowe-group.com\/wp-content\/uploads\/2025\/03\/Ledger-Casting-Head-5-300x300.jpg 300w, https:\/\/www.gowe-group.com\/wp-content\/uploads\/2025\/03\/Ledger-Casting-Head-5-150x150.jpg 150w, https:\/\/www.gowe-group.com\/wp-content\/uploads\/2025\/03\/Ledger-Casting-Head-5-12x12.jpg 12w, https:\/\/www.gowe-group.com\/wp-content\/uploads\/2025\/03\/Ledger-Casting-Head-5-100x100.jpg 100w, https:\/\/www.gowe-group.com\/wp-content\/uploads\/2025\/03\/Ledger-Casting-Head-5.jpg 500w\" sizes=\"(max-width: 300px) 100vw, 300px\" \/><\/strong><\/td>\n<\/tr>\n<tr>\n<td style=\"width: 25%; text-align: center;\"><strong>Support triangulaire<\/strong><\/td>\n<td style=\"width: 25%; text-align: center;\"><strong>Rosette M48\/M60<\/strong><\/td>\n<td style=\"width: 25%; text-align: center;\"><strong>T\u00eate diagonale avec goupille<\/strong><\/td>\n<td style=\"width: 25%; text-align: center;\"><strong>Responsable du grand livre<\/strong><\/td>\n<\/tr>\n<tr>\n<td style=\"width: 25%; text-align: center;\"><strong><img loading=\"lazy\" decoding=\"async\" class=\"aligncenter size-medium wp-image-4927\" src=\"https:\/\/www.gowe-group.com\/wp-content\/uploads\/2025\/03\/Staircase-1-300x300.jpg\" alt=\"Escalier-gowe\" width=\"300\" height=\"300\" srcset=\"https:\/\/www.gowe-group.com\/wp-content\/uploads\/2025\/03\/Staircase-1-300x300.jpg 300w, https:\/\/www.gowe-group.com\/wp-content\/uploads\/2025\/03\/Staircase-1-150x150.jpg 150w, https:\/\/www.gowe-group.com\/wp-content\/uploads\/2025\/03\/Staircase-1-12x12.jpg 12w, https:\/\/www.gowe-group.com\/wp-content\/uploads\/2025\/03\/Staircase-1-100x100.jpg 100w, https:\/\/www.gowe-group.com\/wp-content\/uploads\/2025\/03\/Staircase-1.jpg 500w\" sizes=\"(max-width: 300px) 100vw, 300px\" \/><\/strong><\/td>\n<td style=\"width: 25%; text-align: center;\"><strong><img loading=\"lazy\" decoding=\"async\" class=\"aligncenter size-medium wp-image-4928\" src=\"https:\/\/www.gowe-group.com\/wp-content\/uploads\/2025\/03\/Joint-Pin-1-300x300.jpg\" alt=\"Joint Pin-gowe\" width=\"300\" height=\"300\" srcset=\"https:\/\/www.gowe-group.com\/wp-content\/uploads\/2025\/03\/Joint-Pin-1-300x300.jpg 300w, https:\/\/www.gowe-group.com\/wp-content\/uploads\/2025\/03\/Joint-Pin-1-150x150.jpg 150w, https:\/\/www.gowe-group.com\/wp-content\/uploads\/2025\/03\/Joint-Pin-1-12x12.jpg 12w, https:\/\/www.gowe-group.com\/wp-content\/uploads\/2025\/03\/Joint-Pin-1-100x100.jpg 100w, https:\/\/www.gowe-group.com\/wp-content\/uploads\/2025\/03\/Joint-Pin-1.jpg 500w\" sizes=\"(max-width: 300px) 100vw, 300px\" \/><\/strong><\/td>\n<td style=\"width: 25%; text-align: center;\"><strong>\u00a0<\/strong><\/td>\n<td style=\"width: 25%; text-align: center;\"><strong>\u00a0<\/strong><\/td>\n<\/tr>\n<tr>\n<td style=\"width: 25%; text-align: center;\"><strong>Escalier<\/strong><\/td>\n<td style=\"width: 25%; text-align: center;\"><strong>Embout<\/strong><\/td>\n<td style=\"width: 25%; text-align: center;\"><strong>\u00a0<\/strong><\/td>\n<td style=\"width: 25%; text-align: center;\"><strong>\u00a0<\/strong><\/td>\n<\/tr>\n<\/tbody>\n<\/table>","protected":false},"excerpt":{"rendered":"<p>L'\u00e9chafaudage Ringlock est un syst\u00e8me d'\u00e9chafaudage modulaire largement utilis\u00e9 dans les projets de construction et de maintenance. Il est connu pour sa polyvalence, sa facilit\u00e9 d'assemblage et sa grande capacit\u00e9 de charge. \u00c0 l'heure actuelle, ce produit est largement utilis\u00e9 dans les domaines de la construction industrielle et civile, tels que les ponts, les tunnels, les centrales \u00e9lectriques, la p\u00e9trochimie, la construction navale, les chemins de fer, les a\u00e9roports, les docks, etc. L'\u00e9chafaudage Ring System peut \u00eatre utilis\u00e9 sur diff\u00e9rents terrains et dans diff\u00e9rents b\u00e2timents. Il est compatible avec diff\u00e9rents types de coffrage (coffrage traditionnel, syst\u00e8me de coffrage ou panneaux d'acier) pour une conception parfaite.<\/p>","protected":false},"featured_media":5540,"comment_status":"closed","ping_status":"closed","template":"","meta":{"_acf_changed":false},"product_brand":[],"product_cat":[131,78,54],"product_tag":[],"class_list":{"0":"post-3732","1":"product","2":"type-product","3":"status-publish","4":"has-post-thumbnail","6":"product_cat-hot-products","7":"product_cat-ringlock-scaffolding","8":"product_cat-scaffolding-series","10":"first","11":"instock","12":"shipping-taxable","13":"product-type-simple"},"acf":[],"_links":{"self":[{"href":"https:\/\/www.gowe-group.com\/fr\/wp-json\/wp\/v2\/product\/3732","targetHints":{"allow":["GET"]}}],"collection":[{"href":"https:\/\/www.gowe-group.com\/fr\/wp-json\/wp\/v2\/product"}],"about":[{"href":"https:\/\/www.gowe-group.com\/fr\/wp-json\/wp\/v2\/types\/product"}],"replies":[{"embeddable":true,"href":"https:\/\/www.gowe-group.com\/fr\/wp-json\/wp\/v2\/comments?post=3732"}],"wp:featuredmedia":[{"embeddable":true,"href":"https:\/\/www.gowe-group.com\/fr\/wp-json\/wp\/v2\/media\/5540"}],"wp:attachment":[{"href":"https:\/\/www.gowe-group.com\/fr\/wp-json\/wp\/v2\/media?parent=3732"}],"wp:term":[{"taxonomy":"product_brand","embeddable":true,"href":"https:\/\/www.gowe-group.com\/fr\/wp-json\/wp\/v2\/product_brand?post=3732"},{"taxonomy":"product_cat","embeddable":true,"href":"https:\/\/www.gowe-group.com\/fr\/wp-json\/wp\/v2\/product_cat?post=3732"},{"taxonomy":"product_tag","embeddable":true,"href":"https:\/\/www.gowe-group.com\/fr\/wp-json\/wp\/v2\/product_tag?post=3732"}],"curies":[{"name":"WP","href":"https:\/\/api.w.org\/{rel}","templated":true}]}}