{"id":4528,"date":"2025-04-22T11:02:07","date_gmt":"2025-04-22T03:02:07","guid":{"rendered":"https:\/\/www.gowe-group.com\/?post_type=product&#038;p=4528"},"modified":"2025-07-02T16:35:32","modified_gmt":"2025-07-02T08:35:32","slug":"systeme-de-structure-en-acier-pour-atelier","status":"publish","type":"product","link":"https:\/\/www.gowe-group.com\/fr\/product\/steel-structure-system-for-workshop\/","title":{"rendered":"Syst\u00e8me de structure en acier pour atelier"},"content":{"rendered":"<h2 style=\"text-align: center;\">Pr\u00e9sentation du produit<\/h2>\n<h3 style=\"text-align: center;\">Atelier \u00e0 structure m\u00e9tallique de type portique<\/h3>\n<table style=\"border-collapse: collapse; width: 100%;\">\n<tbody>\n<tr>\n<td style=\"width: 50%;\"><img fetchpriority=\"high\" decoding=\"async\" class=\"aligncenter size-full wp-image-5307\" src=\"https:\/\/www.gowe-group.com\/wp-content\/uploads\/2025\/04\/Gantry-type-steel-frame-workshop.jpg\" alt=\"Atelier \u00e0 structure m\u00e9tallique de type portique\" width=\"950\" height=\"650\" srcset=\"https:\/\/www.gowe-group.com\/wp-content\/uploads\/2025\/04\/Gantry-type-steel-frame-workshop.jpg 950w, https:\/\/www.gowe-group.com\/wp-content\/uploads\/2025\/04\/Gantry-type-steel-frame-workshop-300x205.jpg 300w, https:\/\/www.gowe-group.com\/wp-content\/uploads\/2025\/04\/Gantry-type-steel-frame-workshop-768x525.jpg 768w, https:\/\/www.gowe-group.com\/wp-content\/uploads\/2025\/04\/Gantry-type-steel-frame-workshop-18x12.jpg 18w, https:\/\/www.gowe-group.com\/wp-content\/uploads\/2025\/04\/Gantry-type-steel-frame-workshop-600x411.jpg 600w\" sizes=\"(max-width: 950px) 100vw, 950px\" \/><\/td>\n<td style=\"width: 50%;\"><img decoding=\"async\" class=\"aligncenter size-full wp-image-5310\" src=\"https:\/\/www.gowe-group.com\/wp-content\/uploads\/2025\/04\/Gantry-type-steel-frame-workshop-2.jpg\" alt=\"Atelier de type portique \u00e0 structure en acier-2\" width=\"950\" height=\"650\" srcset=\"https:\/\/www.gowe-group.com\/wp-content\/uploads\/2025\/04\/Gantry-type-steel-frame-workshop-2.jpg 950w, https:\/\/www.gowe-group.com\/wp-content\/uploads\/2025\/04\/Gantry-type-steel-frame-workshop-2-300x205.jpg 300w, https:\/\/www.gowe-group.com\/wp-content\/uploads\/2025\/04\/Gantry-type-steel-frame-workshop-2-768x525.jpg 768w, https:\/\/www.gowe-group.com\/wp-content\/uploads\/2025\/04\/Gantry-type-steel-frame-workshop-2-18x12.jpg 18w, https:\/\/www.gowe-group.com\/wp-content\/uploads\/2025\/04\/Gantry-type-steel-frame-workshop-2-600x411.jpg 600w\" sizes=\"(max-width: 950px) 100vw, 950px\" \/><\/td>\n<\/tr>\n<\/tbody>\n<\/table>\n<p>&nbsp;<\/p>\n<h3 style=\"text-align: center;\">Atelier \u00e0 ossature m\u00e9tallique multicouche<\/h3>\n<table style=\"border-collapse: collapse; width: 100%;\">\n<tbody>\n<tr>\n<td style=\"width: 50%;\"><img decoding=\"async\" class=\"aligncenter size-full wp-image-5308\" src=\"https:\/\/www.gowe-group.com\/wp-content\/uploads\/2025\/04\/Multilayer-steel-frame-workshop.jpg\" alt=\"Atelier \u00e0 ossature m\u00e9tallique multicouche\" width=\"950\" height=\"650\" srcset=\"https:\/\/www.gowe-group.com\/wp-content\/uploads\/2025\/04\/Multilayer-steel-frame-workshop.jpg 950w, https:\/\/www.gowe-group.com\/wp-content\/uploads\/2025\/04\/Multilayer-steel-frame-workshop-300x205.jpg 300w, https:\/\/www.gowe-group.com\/wp-content\/uploads\/2025\/04\/Multilayer-steel-frame-workshop-768x525.jpg 768w, https:\/\/www.gowe-group.com\/wp-content\/uploads\/2025\/04\/Multilayer-steel-frame-workshop-18x12.jpg 18w, https:\/\/www.gowe-group.com\/wp-content\/uploads\/2025\/04\/Multilayer-steel-frame-workshop-600x411.jpg 600w\" sizes=\"(max-width: 950px) 100vw, 950px\" \/><\/td>\n<td style=\"width: 50%;\"><img loading=\"lazy\" decoding=\"async\" class=\"aligncenter size-full wp-image-5311\" src=\"https:\/\/www.gowe-group.com\/wp-content\/uploads\/2025\/04\/Multilayer-steel-frame-workshop-2.jpg\" alt=\"Cadre en acier multicouche atelier-2\" width=\"950\" height=\"650\" srcset=\"https:\/\/www.gowe-group.com\/wp-content\/uploads\/2025\/04\/Multilayer-steel-frame-workshop-2.jpg 950w, https:\/\/www.gowe-group.com\/wp-content\/uploads\/2025\/04\/Multilayer-steel-frame-workshop-2-300x205.jpg 300w, https:\/\/www.gowe-group.com\/wp-content\/uploads\/2025\/04\/Multilayer-steel-frame-workshop-2-768x525.jpg 768w, https:\/\/www.gowe-group.com\/wp-content\/uploads\/2025\/04\/Multilayer-steel-frame-workshop-2-18x12.jpg 18w, https:\/\/www.gowe-group.com\/wp-content\/uploads\/2025\/04\/Multilayer-steel-frame-workshop-2-600x411.jpg 600w\" sizes=\"(max-width: 950px) 100vw, 950px\" \/><\/td>\n<\/tr>\n<\/tbody>\n<\/table>\n<p>&nbsp;<\/p>","protected":false},"excerpt":{"rendered":"<p>Les structures en acier constituent une solution fiable et rentable pour les besoins de la construction moderne. Reconnues pour leur r\u00e9sistance, leur flexibilit\u00e9 et leur durabilit\u00e9 exceptionnelles, nos structures en acier sont con\u00e7ues pour r\u00e9pondre aux normes industrielles les plus strictes. Que vous construisiez un entrep\u00f4t, une installation industrielle ou un espace commercial, nos produits offrent des performances sup\u00e9rieures, une installation rapide et une valeur \u00e0 long terme.<\/p>","protected":false},"featured_media":5307,"comment_status":"closed","ping_status":"closed","template":"","meta":{"_acf_changed":false},"product_brand":[],"product_cat":[59,126],"product_tag":[],"class_list":{"0":"post-4528","1":"product","2":"type-product","3":"status-publish","4":"has-post-thumbnail","6":"product_cat-steel-structure","7":"product_cat-steel-structure-system-for-workshop","9":"first","10":"instock","11":"shipping-taxable","12":"product-type-simple"},"acf":[],"_links":{"self":[{"href":"https:\/\/www.gowe-group.com\/fr\/wp-json\/wp\/v2\/product\/4528","targetHints":{"allow":["GET"]}}],"collection":[{"href":"https:\/\/www.gowe-group.com\/fr\/wp-json\/wp\/v2\/product"}],"about":[{"href":"https:\/\/www.gowe-group.com\/fr\/wp-json\/wp\/v2\/types\/product"}],"replies":[{"embeddable":true,"href":"https:\/\/www.gowe-group.com\/fr\/wp-json\/wp\/v2\/comments?post=4528"}],"wp:featuredmedia":[{"embeddable":true,"href":"https:\/\/www.gowe-group.com\/fr\/wp-json\/wp\/v2\/media\/5307"}],"wp:attachment":[{"href":"https:\/\/www.gowe-group.com\/fr\/wp-json\/wp\/v2\/media?parent=4528"}],"wp:term":[{"taxonomy":"product_brand","embeddable":true,"href":"https:\/\/www.gowe-group.com\/fr\/wp-json\/wp\/v2\/product_brand?post=4528"},{"taxonomy":"product_cat","embeddable":true,"href":"https:\/\/www.gowe-group.com\/fr\/wp-json\/wp\/v2\/product_cat?post=4528"},{"taxonomy":"product_tag","embeddable":true,"href":"https:\/\/www.gowe-group.com\/fr\/wp-json\/wp\/v2\/product_tag?post=4528"}],"curies":[{"name":"WP","href":"https:\/\/api.w.org\/{rel}","templated":true}]}}