{"id":4656,"date":"2025-04-22T14:16:01","date_gmt":"2025-04-22T06:16:01","guid":{"rendered":"https:\/\/www.gowe-group.com\/?post_type=product&#038;p=4656"},"modified":"2025-08-15T11:54:24","modified_gmt":"2025-08-15T03:54:24","slug":"systeme-de-structure-spatiale-a-longue-portee","status":"publish","type":"product","link":"https:\/\/www.gowe-group.com\/fr\/product\/long-span-space-structure-system\/","title":{"rendered":"Syst\u00e8me de structure spatiale \u00e0 longue port\u00e9e"},"content":{"rendered":"<h2 style=\"text-align: center;\">Pr\u00e9sentation du produit<\/h2>\n<h3 style=\"text-align: center;\">Super poutrelle en acier dans un espace complexe<\/h3>\n<h3 style=\"text-align: center;\"><img fetchpriority=\"high\" decoding=\"async\" class=\"aligncenter size-full wp-image-5320\" src=\"https:\/\/www.gowe-group.com\/wp-content\/uploads\/2025\/04\/Super-steel-truss-in-complex-space.jpg\" alt=\"Super poutrelle en acier dans un espace complexe\" width=\"950\" height=\"650\" srcset=\"https:\/\/www.gowe-group.com\/wp-content\/uploads\/2025\/04\/Super-steel-truss-in-complex-space.jpg 950w, https:\/\/www.gowe-group.com\/wp-content\/uploads\/2025\/04\/Super-steel-truss-in-complex-space-300x205.jpg 300w, https:\/\/www.gowe-group.com\/wp-content\/uploads\/2025\/04\/Super-steel-truss-in-complex-space-768x525.jpg 768w, https:\/\/www.gowe-group.com\/wp-content\/uploads\/2025\/04\/Super-steel-truss-in-complex-space-18x12.jpg 18w, https:\/\/www.gowe-group.com\/wp-content\/uploads\/2025\/04\/Super-steel-truss-in-complex-space-600x411.jpg 600w\" sizes=\"(max-width: 950px) 100vw, 950px\" \/><\/h3>\n<p>&nbsp;<\/p>\n<h3 style=\"text-align: center;\">Coquille en treillis \u00e0 paroi mince et \u00e0 simple couche<\/h3>\n<p><img decoding=\"async\" class=\"aligncenter size-full wp-image-5322\" src=\"https:\/\/www.gowe-group.com\/wp-content\/uploads\/2025\/04\/Single-layer-thin-wall-space-lattice-shell.jpg\" alt=\"Coquille en treillis \u00e0 paroi mince et \u00e0 simple couche\" width=\"950\" height=\"650\" srcset=\"https:\/\/www.gowe-group.com\/wp-content\/uploads\/2025\/04\/Single-layer-thin-wall-space-lattice-shell.jpg 950w, https:\/\/www.gowe-group.com\/wp-content\/uploads\/2025\/04\/Single-layer-thin-wall-space-lattice-shell-300x205.jpg 300w, https:\/\/www.gowe-group.com\/wp-content\/uploads\/2025\/04\/Single-layer-thin-wall-space-lattice-shell-768x525.jpg 768w, https:\/\/www.gowe-group.com\/wp-content\/uploads\/2025\/04\/Single-layer-thin-wall-space-lattice-shell-18x12.jpg 18w, https:\/\/www.gowe-group.com\/wp-content\/uploads\/2025\/04\/Single-layer-thin-wall-space-lattice-shell-600x411.jpg 600w\" sizes=\"(max-width: 950px) 100vw, 950px\" \/><\/p>\n<p>&nbsp;<\/p>\n<h3 style=\"text-align: center;\">Structure m\u00e9tallique en treillis d'acier spatial et structure en treillis d'acier<\/h3>\n<p><img decoding=\"async\" class=\"aligncenter size-full wp-image-5321\" src=\"https:\/\/www.gowe-group.com\/wp-content\/uploads\/2025\/04\/Space-steel-grid-steel-structure-plus-steel-truss-structure-2.jpg\" alt=\"Structure m\u00e9tallique en treillis d&#039;acier spatial et structure en treillis d&#039;acier\" width=\"950\" height=\"650\" srcset=\"https:\/\/www.gowe-group.com\/wp-content\/uploads\/2025\/04\/Space-steel-grid-steel-structure-plus-steel-truss-structure-2.jpg 950w, https:\/\/www.gowe-group.com\/wp-content\/uploads\/2025\/04\/Space-steel-grid-steel-structure-plus-steel-truss-structure-2-300x205.jpg 300w, https:\/\/www.gowe-group.com\/wp-content\/uploads\/2025\/04\/Space-steel-grid-steel-structure-plus-steel-truss-structure-2-768x525.jpg 768w, https:\/\/www.gowe-group.com\/wp-content\/uploads\/2025\/04\/Space-steel-grid-steel-structure-plus-steel-truss-structure-2-18x12.jpg 18w, https:\/\/www.gowe-group.com\/wp-content\/uploads\/2025\/04\/Space-steel-grid-steel-structure-plus-steel-truss-structure-2-600x411.jpg 600w\" sizes=\"(max-width: 950px) 100vw, 950px\" \/><\/p>\n<p>&nbsp;<\/p>","protected":false},"excerpt":{"rendered":"<p>Les structures en acier sont une solution fiable et rentable pour les besoins de la construction moderne. Connues pour leur r\u00e9sistance, leur flexibilit\u00e9 et leur durabilit\u00e9 exceptionnelles, nos structures en acier sont con\u00e7ues pour r\u00e9pondre aux normes les plus \u00e9lev\u00e9es de l'industrie. Nos produits fournissent des performances sup\u00e9rieures, une installation rapide et une valeur \u00e0 long terme, que vous&#8217; reconstruire un entrep\u00f4t, une installation industrielle ou un espace commercial.<\/p>","protected":false},"featured_media":5322,"comment_status":"closed","ping_status":"closed","template":"","meta":{"_acf_changed":false},"product_brand":[],"product_cat":[128,59],"product_tag":[],"class_list":{"0":"post-4656","1":"product","2":"type-product","3":"status-publish","4":"has-post-thumbnail","6":"product_cat-long-span-space-structure-system","7":"product_cat-steel-structure","9":"first","10":"instock","11":"shipping-taxable","12":"product-type-simple"},"acf":[],"_links":{"self":[{"href":"https:\/\/www.gowe-group.com\/fr\/wp-json\/wp\/v2\/product\/4656","targetHints":{"allow":["GET"]}}],"collection":[{"href":"https:\/\/www.gowe-group.com\/fr\/wp-json\/wp\/v2\/product"}],"about":[{"href":"https:\/\/www.gowe-group.com\/fr\/wp-json\/wp\/v2\/types\/product"}],"replies":[{"embeddable":true,"href":"https:\/\/www.gowe-group.com\/fr\/wp-json\/wp\/v2\/comments?post=4656"}],"wp:featuredmedia":[{"embeddable":true,"href":"https:\/\/www.gowe-group.com\/fr\/wp-json\/wp\/v2\/media\/5322"}],"wp:attachment":[{"href":"https:\/\/www.gowe-group.com\/fr\/wp-json\/wp\/v2\/media?parent=4656"}],"wp:term":[{"taxonomy":"product_brand","embeddable":true,"href":"https:\/\/www.gowe-group.com\/fr\/wp-json\/wp\/v2\/product_brand?post=4656"},{"taxonomy":"product_cat","embeddable":true,"href":"https:\/\/www.gowe-group.com\/fr\/wp-json\/wp\/v2\/product_cat?post=4656"},{"taxonomy":"product_tag","embeddable":true,"href":"https:\/\/www.gowe-group.com\/fr\/wp-json\/wp\/v2\/product_tag?post=4656"}],"curies":[{"name":"WP","href":"https:\/\/api.w.org\/{rel}","templated":true}]}}