{"id":5054,"date":"2025-05-23T13:49:56","date_gmt":"2025-05-23T05:49:56","guid":{"rendered":"https:\/\/www.gowe-group.com\/?post_type=product&#038;p=5054"},"modified":"2025-05-23T14:42:47","modified_gmt":"2025-05-23T06:42:47","slug":"equipements-pour-les-tunnels","status":"publish","type":"product","link":"https:\/\/www.gowe-group.com\/fr\/product\/tunnel-equipments\/","title":{"rendered":"\u00c9quipements pour les tunnels"},"content":{"rendered":"<p>Les \u00e9quipements pour tunnels GOWE offrent une gamme compl\u00e8te de syst\u00e8mes con\u00e7us pour r\u00e9pondre aux besoins exigeants de la construction moderne de tunnels. Con\u00e7us dans un souci de modularit\u00e9 et d'adaptabilit\u00e9, les \u00e9quipements conviennent \u00e0 diff\u00e9rentes formes de tunnels et m\u00e9thodes de construction. Nos syst\u00e8mes am\u00e9liorent la s\u00e9curit\u00e9, acc\u00e9l\u00e8rent les d\u00e9lais de construction et garantissent des performances structurelles pr\u00e9cises dans des environnements g\u00e9ologiques complexes. Des chariots de coffrage et de rev\u00eatement aux syst\u00e8mes hydrauliques et aux moules en acier, GOWE propose des solutions fiables et efficaces adapt\u00e9es aux besoins de votre projet.<\/p>\n<table style=\"border-collapse: collapse; width: 100%; height: 278px;\">\n<tbody>\n<tr style=\"height: 255px;\">\n<td style=\"width: 33.3333%; height: 255px;\">\n<p><figure id=\"attachment_5059\" aria-describedby=\"caption-attachment-5059\" style=\"width: 300px\" class=\"wp-caption aligncenter\"><img fetchpriority=\"high\" decoding=\"async\" class=\"size-medium wp-image-5059\" src=\"https:\/\/www.gowe-group.com\/wp-content\/uploads\/2025\/05\/Waterproof-Membrane-Installation-Trolley-300x177.jpg\" alt=\"Chariot de pose de membranes d&#039;\u00e9tanch\u00e9it\u00e9\" width=\"300\" height=\"177\" srcset=\"https:\/\/www.gowe-group.com\/wp-content\/uploads\/2025\/05\/Waterproof-Membrane-Installation-Trolley-300x177.jpg 300w, https:\/\/www.gowe-group.com\/wp-content\/uploads\/2025\/05\/Waterproof-Membrane-Installation-Trolley-768x453.jpg 768w, https:\/\/www.gowe-group.com\/wp-content\/uploads\/2025\/05\/Waterproof-Membrane-Installation-Trolley-18x12.jpg 18w, https:\/\/www.gowe-group.com\/wp-content\/uploads\/2025\/05\/Waterproof-Membrane-Installation-Trolley-600x354.jpg 600w, https:\/\/www.gowe-group.com\/wp-content\/uploads\/2025\/05\/Waterproof-Membrane-Installation-Trolley.jpg 950w\" sizes=\"(max-width: 300px) 100vw, 300px\" \/><figcaption id=\"caption-attachment-5059\" class=\"wp-caption-text\"><strong>Chariot de pose de membranes d'\u00e9tanch\u00e9it\u00e9<\/strong><\/figcaption><\/figure><\/td>\n<td style=\"width: 35.2799%; height: 255px;\">\n<p><figure id=\"attachment_5060\" aria-describedby=\"caption-attachment-5060\" style=\"width: 300px\" class=\"wp-caption aligncenter\"><img decoding=\"async\" class=\"size-medium wp-image-5060\" src=\"https:\/\/www.gowe-group.com\/wp-content\/uploads\/2025\/05\/Cable-Duct-and-Drainage-Channel-Installation-Trolley-300x177.jpg\" alt=\"Chariot d&#039;installation de gaines de c\u00e2bles et de caniveaux de drainage\" width=\"300\" height=\"177\" srcset=\"https:\/\/www.gowe-group.com\/wp-content\/uploads\/2025\/05\/Cable-Duct-and-Drainage-Channel-Installation-Trolley-300x177.jpg 300w, https:\/\/www.gowe-group.com\/wp-content\/uploads\/2025\/05\/Cable-Duct-and-Drainage-Channel-Installation-Trolley-768x453.jpg 768w, https:\/\/www.gowe-group.com\/wp-content\/uploads\/2025\/05\/Cable-Duct-and-Drainage-Channel-Installation-Trolley-18x12.jpg 18w, https:\/\/www.gowe-group.com\/wp-content\/uploads\/2025\/05\/Cable-Duct-and-Drainage-Channel-Installation-Trolley-600x354.jpg 600w, https:\/\/www.gowe-group.com\/wp-content\/uploads\/2025\/05\/Cable-Duct-and-Drainage-Channel-Installation-Trolley.jpg 950w\" sizes=\"(max-width: 300px) 100vw, 300px\" \/><figcaption id=\"caption-attachment-5060\" class=\"wp-caption-text\"><strong>Chariot d'installation de gaines de c\u00e2bles et de caniveaux de drainage<\/strong><\/figcaption><\/figure><\/td>\n<td style=\"width: 31.3867%; height: 255px;\">\n<p><figure id=\"attachment_5058\" aria-describedby=\"caption-attachment-5058\" style=\"width: 300px\" class=\"wp-caption aligncenter\"><img decoding=\"async\" class=\"size-medium wp-image-5058\" src=\"https:\/\/www.gowe-group.com\/wp-content\/uploads\/2025\/05\/GOWE-Tunnel-Equipments-Tunnel-Lining-Trolley-300x177.jpg\" alt=\"Chariot de rev\u00eatement de tunnel\" width=\"300\" height=\"177\" srcset=\"https:\/\/www.gowe-group.com\/wp-content\/uploads\/2025\/05\/GOWE-Tunnel-Equipments-Tunnel-Lining-Trolley-300x177.jpg 300w, https:\/\/www.gowe-group.com\/wp-content\/uploads\/2025\/05\/GOWE-Tunnel-Equipments-Tunnel-Lining-Trolley-768x453.jpg 768w, https:\/\/www.gowe-group.com\/wp-content\/uploads\/2025\/05\/GOWE-Tunnel-Equipments-Tunnel-Lining-Trolley-18x12.jpg 18w, https:\/\/www.gowe-group.com\/wp-content\/uploads\/2025\/05\/GOWE-Tunnel-Equipments-Tunnel-Lining-Trolley-600x354.jpg 600w, https:\/\/www.gowe-group.com\/wp-content\/uploads\/2025\/05\/GOWE-Tunnel-Equipments-Tunnel-Lining-Trolley.jpg 950w\" sizes=\"(max-width: 300px) 100vw, 300px\" \/><figcaption id=\"caption-attachment-5058\" class=\"wp-caption-text\"><strong>Chariot de rev\u00eatement de tunnel<\/strong><\/figcaption><\/figure><\/td>\n<\/tr>\n<tr style=\"height: 23px;\">\n<td style=\"width: 33.3333%; height: 23px;\">\n<p><figure id=\"attachment_5057\" aria-describedby=\"caption-attachment-5057\" style=\"width: 300px\" class=\"wp-caption aligncenter\"><img loading=\"lazy\" decoding=\"async\" class=\"size-medium wp-image-5057\" src=\"https:\/\/www.gowe-group.com\/wp-content\/uploads\/2025\/05\/GOWE-Tunnel-Equipments-Tunnel-invertArch-Trestle-300x177.jpg\" alt=\"Radier du tunnelArche Tr\u00e9teaux\" width=\"300\" height=\"177\" srcset=\"https:\/\/www.gowe-group.com\/wp-content\/uploads\/2025\/05\/GOWE-Tunnel-Equipments-Tunnel-invertArch-Trestle-300x177.jpg 300w, https:\/\/www.gowe-group.com\/wp-content\/uploads\/2025\/05\/GOWE-Tunnel-Equipments-Tunnel-invertArch-Trestle-768x453.jpg 768w, https:\/\/www.gowe-group.com\/wp-content\/uploads\/2025\/05\/GOWE-Tunnel-Equipments-Tunnel-invertArch-Trestle-18x12.jpg 18w, https:\/\/www.gowe-group.com\/wp-content\/uploads\/2025\/05\/GOWE-Tunnel-Equipments-Tunnel-invertArch-Trestle-600x354.jpg 600w, https:\/\/www.gowe-group.com\/wp-content\/uploads\/2025\/05\/GOWE-Tunnel-Equipments-Tunnel-invertArch-Trestle.jpg 950w\" sizes=\"(max-width: 300px) 100vw, 300px\" \/><figcaption id=\"caption-attachment-5057\" class=\"wp-caption-text\"><strong>Radier du tunnelArche Tr\u00e9teaux<\/strong><\/figcaption><\/figure><\/td>\n<td style=\"width: 35.2799%; height: 23px;\">\n<p><figure id=\"attachment_5056\" aria-describedby=\"caption-attachment-5056\" style=\"width: 300px\" class=\"wp-caption aligncenter\"><img loading=\"lazy\" decoding=\"async\" class=\"size-medium wp-image-5056\" src=\"https:\/\/www.gowe-group.com\/wp-content\/uploads\/2025\/05\/GOWE-Tunnel-Equipments-Hydraulic-Needle-Beam-Full-Circle-Trolley-300x177.jpg\" alt=\"Chariot circulaire hydraulique \u00e0 poutre \u00e0 aiguilles\" width=\"300\" height=\"177\" srcset=\"https:\/\/www.gowe-group.com\/wp-content\/uploads\/2025\/05\/GOWE-Tunnel-Equipments-Hydraulic-Needle-Beam-Full-Circle-Trolley-300x177.jpg 300w, https:\/\/www.gowe-group.com\/wp-content\/uploads\/2025\/05\/GOWE-Tunnel-Equipments-Hydraulic-Needle-Beam-Full-Circle-Trolley-768x453.jpg 768w, https:\/\/www.gowe-group.com\/wp-content\/uploads\/2025\/05\/GOWE-Tunnel-Equipments-Hydraulic-Needle-Beam-Full-Circle-Trolley-18x12.jpg 18w, https:\/\/www.gowe-group.com\/wp-content\/uploads\/2025\/05\/GOWE-Tunnel-Equipments-Hydraulic-Needle-Beam-Full-Circle-Trolley-600x354.jpg 600w, https:\/\/www.gowe-group.com\/wp-content\/uploads\/2025\/05\/GOWE-Tunnel-Equipments-Hydraulic-Needle-Beam-Full-Circle-Trolley.jpg 950w\" sizes=\"(max-width: 300px) 100vw, 300px\" \/><figcaption id=\"caption-attachment-5056\" class=\"wp-caption-text\"><strong>Chariot circulaire hydraulique \u00e0 poutre \u00e0 aiguilles<\/strong><\/figcaption><\/figure><\/td>\n<td style=\"width: 31.3867%; height: 23px;\"><\/td>\n<\/tr>\n<\/tbody>\n<\/table>","protected":false},"excerpt":{"rendered":"<p>L'\u00e9quipement pour tunnels est con\u00e7u pour offrir une pr\u00e9cision de formage, une s\u00e9curit\u00e9 et des performances sup\u00e9rieures dans les projets de construction souterraine. Le syst\u00e8me est id\u00e9al pour les tunnels ferroviaires, les tunnels de m\u00e9tro, les tunnels de d\u00e9rivation des eaux et les tunnels autoroutiers, car il offre un soutien solide tout au long des phases d'excavation et de rev\u00eatement. Les composants tels que les chariots de coffrage de tunnel, les plates-formes mobiles et les coffrages de rev\u00eatement personnalis\u00e9s sont con\u00e7us pour un assemblage rapide, une maintenance minimale et une longue dur\u00e9e de vie. Gr\u00e2ce \u00e0 sa forte adaptabilit\u00e9 aux sections transversales complexes et aux environnements difficiles, l'\u00e9quipement pour tunnels GOWE garantit une productivit\u00e9 \u00e9lev\u00e9e, une durabilit\u00e9 structurelle et la conformit\u00e9 aux sp\u00e9cifications rigoureuses des projets.<\/p>","protected":false},"featured_media":5055,"comment_status":"closed","ping_status":"closed","template":"","meta":{"_acf_changed":false},"product_brand":[],"product_cat":[58,133],"product_tag":[],"class_list":{"0":"post-5054","1":"product","2":"type-product","3":"status-publish","4":"has-post-thumbnail","6":"product_cat-bridge-tunnel","7":"product_cat-tunnel-equipments","9":"first","10":"instock","11":"shipping-taxable","12":"product-type-simple"},"acf":[],"_links":{"self":[{"href":"https:\/\/www.gowe-group.com\/fr\/wp-json\/wp\/v2\/product\/5054","targetHints":{"allow":["GET"]}}],"collection":[{"href":"https:\/\/www.gowe-group.com\/fr\/wp-json\/wp\/v2\/product"}],"about":[{"href":"https:\/\/www.gowe-group.com\/fr\/wp-json\/wp\/v2\/types\/product"}],"replies":[{"embeddable":true,"href":"https:\/\/www.gowe-group.com\/fr\/wp-json\/wp\/v2\/comments?post=5054"}],"wp:featuredmedia":[{"embeddable":true,"href":"https:\/\/www.gowe-group.com\/fr\/wp-json\/wp\/v2\/media\/5055"}],"wp:attachment":[{"href":"https:\/\/www.gowe-group.com\/fr\/wp-json\/wp\/v2\/media?parent=5054"}],"wp:term":[{"taxonomy":"product_brand","embeddable":true,"href":"https:\/\/www.gowe-group.com\/fr\/wp-json\/wp\/v2\/product_brand?post=5054"},{"taxonomy":"product_cat","embeddable":true,"href":"https:\/\/www.gowe-group.com\/fr\/wp-json\/wp\/v2\/product_cat?post=5054"},{"taxonomy":"product_tag","embeddable":true,"href":"https:\/\/www.gowe-group.com\/fr\/wp-json\/wp\/v2\/product_tag?post=5054"}],"curies":[{"name":"WP","href":"https:\/\/api.w.org\/{rel}","templated":true}]}}