{"id":5072,"date":"2025-05-23T16:22:24","date_gmt":"2025-05-23T08:22:24","guid":{"rendered":"https:\/\/www.gowe-group.com\/?post_type=product&#038;p=5072"},"modified":"2025-11-06T09:42:26","modified_gmt":"2025-11-06T01:42:26","slug":"coffrage-de-poutres-en-bois","status":"publish","type":"product","link":"https:\/\/www.gowe-group.com\/fr\/product\/timber-beam-formwork\/","title":{"rendered":"Coffrage de poutres en bois"},"content":{"rendered":"<p data-start=\"190\" data-end=\"728\">Le syst\u00e8me de coffrage Timber Beam de GOWE est une solution modulaire et flexible con\u00e7ue pour une large gamme d'applications de b\u00e9ton coul\u00e9 sur place, y compris les murs, les dalles, les colonnes et les poutres. Au c\u0153ur du syst\u00e8me se trouve la poutrelle H20 Timber Beam, une poutrelle en I en bois \u00e0 haute r\u00e9sistance connue pour sa structure l\u00e9g\u00e8re, sa capacit\u00e9 de charge impressionnante et sa longue dur\u00e9e de vie. Associ\u00e9 \u00e0 des panneaux de contreplaqu\u00e9 et \u00e0 des accessoires en acier, ce syst\u00e8me de coffrage est facile \u00e0 monter, \u00e0 ajuster et \u00e0 d\u00e9monter, ce qui en fait un choix id\u00e9al pour les environnements de construction rapides.<\/p>\n<p data-start=\"730\" data-end=\"1179\">Le syst\u00e8me est con\u00e7u dans un souci d'adaptabilit\u00e9. Il permet de configurer librement l'espacement des poutres et la disposition du contreplaqu\u00e9 pour s'adapter aux diff\u00e9rentes formes et tailles des structures en b\u00e9ton, y compris les conceptions irr\u00e9guli\u00e8res ou incurv\u00e9es. Sa l\u00e9g\u00e8ret\u00e9 r\u00e9duit la d\u00e9pendance \u00e0 l'\u00e9gard des grues et am\u00e9liore l'efficacit\u00e9 de la manutention sur le chantier, tandis que la surface lisse du contreplaqu\u00e9 garantit d'excellentes finitions du b\u00e9ton, minimisant ainsi la n\u00e9cessit\u00e9 de traitements de surface suppl\u00e9mentaires apr\u00e8s le coulage.<\/p>\n<p data-start=\"1181\" data-end=\"1523\">Le coffrage de poutres en bois de GOWE est \u00e9galement tr\u00e8s \u00e9conomique. Les poutres et les panneaux H20 sont r\u00e9utilisables pendant 30 \u00e0 50 cycles ou plus avec un entretien ad\u00e9quat, ce qui r\u00e9duit les co\u00fbts des mat\u00e9riaux et les d\u00e9chets \u00e0 long terme. En outre, tous les composants sont fabriqu\u00e9s selon des normes de haute qualit\u00e9, garantissant la durabilit\u00e9, la coh\u00e9rence dimensionnelle et la s\u00e9curit\u00e9 \u00e0 travers de multiples r\u00e9utilisations.<\/p>\n<p data-start=\"1525\" data-end=\"1794\">Qu'il soit utilis\u00e9 dans des projets r\u00e9sidentiels, commerciaux ou d'infrastructure, ce syst\u00e8me allie efficacit\u00e9, s\u00e9curit\u00e9 et durabilit\u00e9. Il s'aligne sur les exigences de la construction moderne et offre aux entrepreneurs une solution de coffrage fiable, personnalisable et respectueuse de l'environnement.<\/p>\n<p data-start=\"1525\" data-end=\"1794\">","protected":false},"excerpt":{"rendered":"<p>Solution de coffrage polyvalente GOWE utilisant des poutres en bois H20, des walers en acier et des panneaux en contreplaqu\u00e9, adapt\u00e9 pour des dalles, des murs et des colonnes dans tous les types de projets.<\/p>","protected":false},"featured_media":6083,"comment_status":"closed","ping_status":"closed","template":"","meta":{"_acf_changed":false},"product_brand":[],"product_cat":[99,101],"product_tag":[],"class_list":{"0":"post-5072","1":"product","2":"type-product","3":"status-publish","4":"has-post-thumbnail","6":"product_cat-formwork-series","7":"product_cat-timber-beamplywood-system","9":"first","10":"instock","11":"shipping-taxable","12":"product-type-simple"},"acf":[],"_links":{"self":[{"href":"https:\/\/www.gowe-group.com\/fr\/wp-json\/wp\/v2\/product\/5072","targetHints":{"allow":["GET"]}}],"collection":[{"href":"https:\/\/www.gowe-group.com\/fr\/wp-json\/wp\/v2\/product"}],"about":[{"href":"https:\/\/www.gowe-group.com\/fr\/wp-json\/wp\/v2\/types\/product"}],"replies":[{"embeddable":true,"href":"https:\/\/www.gowe-group.com\/fr\/wp-json\/wp\/v2\/comments?post=5072"}],"wp:featuredmedia":[{"embeddable":true,"href":"https:\/\/www.gowe-group.com\/fr\/wp-json\/wp\/v2\/media\/6083"}],"wp:attachment":[{"href":"https:\/\/www.gowe-group.com\/fr\/wp-json\/wp\/v2\/media?parent=5072"}],"wp:term":[{"taxonomy":"product_brand","embeddable":true,"href":"https:\/\/www.gowe-group.com\/fr\/wp-json\/wp\/v2\/product_brand?post=5072"},{"taxonomy":"product_cat","embeddable":true,"href":"https:\/\/www.gowe-group.com\/fr\/wp-json\/wp\/v2\/product_cat?post=5072"},{"taxonomy":"product_tag","embeddable":true,"href":"https:\/\/www.gowe-group.com\/fr\/wp-json\/wp\/v2\/product_tag?post=5072"}],"curies":[{"name":"WP","href":"https:\/\/api.w.org\/{rel}","templated":true}]}}