{"id":5074,"date":"2025-05-26T17:23:10","date_gmt":"2025-05-26T09:23:10","guid":{"rendered":"https:\/\/www.gowe-group.com\/?post_type=product&#038;p=5074"},"modified":"2025-05-26T17:54:59","modified_gmt":"2025-05-26T09:54:59","slug":"coffrage-de-table","status":"publish","type":"product","link":"https:\/\/www.gowe-group.com\/fr\/product\/table-formwork\/","title":{"rendered":"Coffrage de la table"},"content":{"rendered":"<p data-start=\"242\" data-end=\"649\">GOWE's <strong data-start=\"249\" data-end=\"267\">Coffrage de la table<\/strong> est une solution avanc\u00e9e et efficace con\u00e7ue pour la construction de dalles de grande surface, en particulier dans les projets de grande hauteur et de planchers r\u00e9p\u00e9titifs tels que les b\u00e2timents r\u00e9sidentiels, commerciaux et industriels. \u00c9galement connu sous le nom de <strong data-start=\"483\" data-end=\"506\">coffrage de table de dalles<\/strong>Ce syst\u00e8me permet un montage et un repositionnement rapides sans d\u00e9montage des composants individuels, ce qui am\u00e9liore consid\u00e9rablement la productivit\u00e9 sur site.<\/p>\n<p data-start=\"651\" data-end=\"1050\">Chaque unit\u00e9 de tableau comprend <strong data-start=\"679\" data-end=\"707\">poutres en bois ou en aluminium<\/strong>, <strong data-start=\"709\" data-end=\"727\">panneaux de contreplaqu\u00e9<\/strong>et <strong data-start=\"733\" data-end=\"767\">accessoires r\u00e9glables ou pieds en acier<\/strong>La table est ainsi pr\u00e9assembl\u00e9e et peut \u00eatre facilement d\u00e9plac\u00e9e \u00e0 l'aide d'une grue ou d'un chariot. Cela minimise le travail manuel et r\u00e9duit consid\u00e9rablement le temps de construction. Le syst\u00e8me est flexible et peut s'adapter \u00e0 diff\u00e9rentes hauteurs et port\u00e9es de dalles, tout en offrant d'excellents \u00e9tats de surface et une grande stabilit\u00e9 des formes.<\/p>\n<p data-start=\"1052\" data-end=\"1388\">Personnalisable en termes de taille et de disposition, le coffrage de table de GOWE est compatible avec les syst\u00e8mes de protection des ar\u00eates, les supports d'escalade et les plates-formes de s\u00e9curit\u00e9, ce qui garantit la s\u00e9curit\u00e9 des travailleurs pendant les op\u00e9rations en haute altitude. La conception robuste et le taux \u00e9lev\u00e9 de r\u00e9utilisation des composants du coffrage contribuent \u00e9galement \u00e0 la r\u00e9duction des co\u00fbts \u00e0 long terme et \u00e0 la durabilit\u00e9 environnementale.<\/p>","protected":false},"excerpt":{"rendered":"<p>Con\u00e7ue pour le coulage r\u00e9p\u00e9titif de planchers dans les immeubles de grande hauteur et les b\u00e2timents commerciaux, la table de coffrage GOWE constitue une solution s\u00fbre, rapide et rentable pour la construction de dalles. Les tables pr\u00e9-assembl\u00e9es peuvent \u00eatre rapidement d\u00e9plac\u00e9es \u00e0 l'aide d'une grue ou d'un chariot, ce qui garantit une productivit\u00e9 \u00e9lev\u00e9e avec un minimum de travail sur le chantier.<\/p>","protected":false},"featured_media":5075,"comment_status":"closed","ping_status":"closed","template":"","meta":{"_acf_changed":false},"product_brand":[],"product_cat":[99,103],"product_tag":[],"class_list":{"0":"post-5074","1":"product","2":"type-product","3":"status-publish","4":"has-post-thumbnail","6":"product_cat-formwork-series","7":"product_cat-table-formwork","9":"first","10":"instock","11":"shipping-taxable","12":"product-type-simple"},"acf":[],"_links":{"self":[{"href":"https:\/\/www.gowe-group.com\/fr\/wp-json\/wp\/v2\/product\/5074","targetHints":{"allow":["GET"]}}],"collection":[{"href":"https:\/\/www.gowe-group.com\/fr\/wp-json\/wp\/v2\/product"}],"about":[{"href":"https:\/\/www.gowe-group.com\/fr\/wp-json\/wp\/v2\/types\/product"}],"replies":[{"embeddable":true,"href":"https:\/\/www.gowe-group.com\/fr\/wp-json\/wp\/v2\/comments?post=5074"}],"wp:featuredmedia":[{"embeddable":true,"href":"https:\/\/www.gowe-group.com\/fr\/wp-json\/wp\/v2\/media\/5075"}],"wp:attachment":[{"href":"https:\/\/www.gowe-group.com\/fr\/wp-json\/wp\/v2\/media?parent=5074"}],"wp:term":[{"taxonomy":"product_brand","embeddable":true,"href":"https:\/\/www.gowe-group.com\/fr\/wp-json\/wp\/v2\/product_brand?post=5074"},{"taxonomy":"product_cat","embeddable":true,"href":"https:\/\/www.gowe-group.com\/fr\/wp-json\/wp\/v2\/product_cat?post=5074"},{"taxonomy":"product_tag","embeddable":true,"href":"https:\/\/www.gowe-group.com\/fr\/wp-json\/wp\/v2\/product_tag?post=5074"}],"curies":[{"name":"WP","href":"https:\/\/api.w.org\/{rel}","templated":true}]}}