{"id":5201,"date":"2025-06-25T15:37:34","date_gmt":"2025-06-25T07:37:34","guid":{"rendered":"https:\/\/www.gowe-group.com\/?post_type=product&#038;p=5201"},"modified":"2025-07-02T10:43:39","modified_gmt":"2025-07-02T02:43:39","slug":"systeme-de-structure-en-acier-a-grande-echelle-pour-centrale-petrochimique","status":"publish","type":"product","link":"https:\/\/www.gowe-group.com\/fr\/product\/petrochemical-power-plant-large-scale-steel-structure-system\/","title":{"rendered":"P\u00e9trochimie, centrale \u00e9lectrique Syst\u00e8me de structure en acier \u00e0 grande \u00e9chelle"},"content":{"rendered":"<h2 style=\"text-align: center;\">Pr\u00e9sentation du produit<\/h2>\n<h3 style=\"text-align: center;\">1. Structure de levage pour la poutre \u00e0 dalle<\/h3>\n<p><img fetchpriority=\"high\" decoding=\"async\" class=\"aligncenter size-full wp-image-5318\" src=\"https:\/\/www.gowe-group.com\/wp-content\/uploads\/2025\/06\/Lifting-structure-for-slab-girder.jpg\" alt=\"Structure de levage pour poutre \u00e0 dalle\" width=\"950\" height=\"650\" srcset=\"https:\/\/www.gowe-group.com\/wp-content\/uploads\/2025\/06\/Lifting-structure-for-slab-girder.jpg 950w, https:\/\/www.gowe-group.com\/wp-content\/uploads\/2025\/06\/Lifting-structure-for-slab-girder-300x205.jpg 300w, https:\/\/www.gowe-group.com\/wp-content\/uploads\/2025\/06\/Lifting-structure-for-slab-girder-768x525.jpg 768w, https:\/\/www.gowe-group.com\/wp-content\/uploads\/2025\/06\/Lifting-structure-for-slab-girder-18x12.jpg 18w, https:\/\/www.gowe-group.com\/wp-content\/uploads\/2025\/06\/Lifting-structure-for-slab-girder-600x411.jpg 600w\" sizes=\"(max-width: 950px) 100vw, 950px\" \/><\/p>\n<h3 style=\"text-align: center;\">2. structure en acier pour l'industrie p\u00e9trochimique<\/h3>\n<p><img decoding=\"async\" class=\"aligncenter size-full wp-image-5319\" src=\"https:\/\/www.gowe-group.com\/wp-content\/uploads\/2025\/06\/Steel-structure-for-petrochemical-industry-2.jpg\" alt=\"Structures en acier pour l&#039;industrie p\u00e9trochimique-2\" width=\"950\" height=\"650\" srcset=\"https:\/\/www.gowe-group.com\/wp-content\/uploads\/2025\/06\/Steel-structure-for-petrochemical-industry-2.jpg 950w, https:\/\/www.gowe-group.com\/wp-content\/uploads\/2025\/06\/Steel-structure-for-petrochemical-industry-2-300x205.jpg 300w, https:\/\/www.gowe-group.com\/wp-content\/uploads\/2025\/06\/Steel-structure-for-petrochemical-industry-2-768x525.jpg 768w, https:\/\/www.gowe-group.com\/wp-content\/uploads\/2025\/06\/Steel-structure-for-petrochemical-industry-2-18x12.jpg 18w, https:\/\/www.gowe-group.com\/wp-content\/uploads\/2025\/06\/Steel-structure-for-petrochemical-industry-2-600x411.jpg 600w\" sizes=\"(max-width: 950px) 100vw, 950px\" \/><\/p>\n<p>&nbsp;<\/p>","protected":false},"excerpt":{"rendered":"<p>Les syst\u00e8mes de structures m\u00e9talliques \u00e0 grande \u00e9chelle pour la p\u00e9trochimie et les centrales \u00e9lectriques sont tr\u00e8s durables et peuvent r\u00e9sister \u00e0 de lourdes charges et \u00e0 des environnements industriels difficiles. Leur conception modulaire permet un assemblage efficace sur site, r\u00e9duisant ainsi le temps de construction. Les mat\u00e9riaux en acier \u00e0 haute r\u00e9sistance garantissent la stabilit\u00e9 structurelle, tandis que les rev\u00eatements r\u00e9sistants \u00e0 la corrosion prolongent la dur\u00e9e de vie. En outre, la recyclabilit\u00e9 de l'acier rend ces syst\u00e8mes plus durables \u00e0 long terme.<\/p>","protected":false},"featured_media":5315,"comment_status":"closed","ping_status":"closed","template":"","meta":{"_acf_changed":false},"product_brand":[],"product_cat":[140,59],"product_tag":[],"class_list":{"0":"post-5201","1":"product","2":"type-product","3":"status-publish","4":"has-post-thumbnail","6":"product_cat-petrochemicalpower-plant-large-scale-steel-structure-system","7":"product_cat-steel-structure","9":"first","10":"instock","11":"shipping-taxable","12":"product-type-simple"},"acf":[],"_links":{"self":[{"href":"https:\/\/www.gowe-group.com\/fr\/wp-json\/wp\/v2\/product\/5201","targetHints":{"allow":["GET"]}}],"collection":[{"href":"https:\/\/www.gowe-group.com\/fr\/wp-json\/wp\/v2\/product"}],"about":[{"href":"https:\/\/www.gowe-group.com\/fr\/wp-json\/wp\/v2\/types\/product"}],"replies":[{"embeddable":true,"href":"https:\/\/www.gowe-group.com\/fr\/wp-json\/wp\/v2\/comments?post=5201"}],"wp:featuredmedia":[{"embeddable":true,"href":"https:\/\/www.gowe-group.com\/fr\/wp-json\/wp\/v2\/media\/5315"}],"wp:attachment":[{"href":"https:\/\/www.gowe-group.com\/fr\/wp-json\/wp\/v2\/media?parent=5201"}],"wp:term":[{"taxonomy":"product_brand","embeddable":true,"href":"https:\/\/www.gowe-group.com\/fr\/wp-json\/wp\/v2\/product_brand?post=5201"},{"taxonomy":"product_cat","embeddable":true,"href":"https:\/\/www.gowe-group.com\/fr\/wp-json\/wp\/v2\/product_cat?post=5201"},{"taxonomy":"product_tag","embeddable":true,"href":"https:\/\/www.gowe-group.com\/fr\/wp-json\/wp\/v2\/product_tag?post=5201"}],"curies":[{"name":"WP","href":"https:\/\/api.w.org\/{rel}","templated":true}]}}