{"id":3732,"date":"2025-03-24T11:36:51","date_gmt":"2025-03-24T03:36:51","guid":{"rendered":"http:\/\/www.gowe-group.com\/?post_type=product&#038;p=3732"},"modified":"2025-08-14T10:48:18","modified_gmt":"2025-08-14T02:48:18","slug":"andaime-de-argolas","status":"publish","type":"product","link":"https:\/\/www.gowe-group.com\/pt\/product\/ringlock-scaffolding\/","title":{"rendered":"Andaimes de toque"},"content":{"rendered":"<p>O andaime de ringlock pode ser dividido em sistema de 48 mm e sistema de 60 mm.<\/p>\n<p>&nbsp;<\/p>\n<p><img fetchpriority=\"high\" decoding=\"async\" class=\"aligncenter wp-image-3758 size-full\" src=\"http:\/\/www.gowe-group.com\/wp-content\/uploads\/2025\/03\/pankou3001.jpg\" alt=\"pankou3001\" width=\"516\" height=\"703\" srcset=\"https:\/\/www.gowe-group.com\/wp-content\/uploads\/2025\/03\/pankou3001.jpg 516w, https:\/\/www.gowe-group.com\/wp-content\/uploads\/2025\/03\/pankou3001-220x300.jpg 220w\" sizes=\"(max-width: 516px) 100vw, 516px\" \/><\/p>\n<p>&nbsp;<\/p>\n<p><strong>Componentes de andaimes e acess\u00f3rios Ringlock<\/strong><\/p>\n<table style=\"border-collapse: collapse; width: 100%;\">\n<tbody>\n<tr>\n<td style=\"width: 25%;\"><img decoding=\"async\" class=\"aligncenter wp-image-4681 size-medium\" src=\"https:\/\/www.gowe-group.com\/wp-content\/uploads\/2025\/04\/Adjustable-Base-Jack-2-300x300.jpg\" alt=\"Base ajust\u00e1vel-Jack-Gowe\" width=\"300\" height=\"300\" srcset=\"https:\/\/www.gowe-group.com\/wp-content\/uploads\/2025\/04\/Adjustable-Base-Jack-2-300x300.jpg 300w, https:\/\/www.gowe-group.com\/wp-content\/uploads\/2025\/04\/Adjustable-Base-Jack-2-150x150.jpg 150w, https:\/\/www.gowe-group.com\/wp-content\/uploads\/2025\/04\/Adjustable-Base-Jack-2-12x12.jpg 12w, https:\/\/www.gowe-group.com\/wp-content\/uploads\/2025\/04\/Adjustable-Base-Jack-2-100x100.jpg 100w, https:\/\/www.gowe-group.com\/wp-content\/uploads\/2025\/04\/Adjustable-Base-Jack-2.jpg 500w\" sizes=\"(max-width: 300px) 100vw, 300px\" \/><\/td>\n<td style=\"width: 25%;\"><img decoding=\"async\" class=\"wp-image-4915 size-medium aligncenter\" src=\"https:\/\/www.gowe-group.com\/wp-content\/uploads\/2025\/03\/Adjustable-U-head-1-300x300.jpg\" alt=\"Cabe\u00e7a em U ajust\u00e1vel-GOWE\" width=\"300\" height=\"300\" srcset=\"https:\/\/www.gowe-group.com\/wp-content\/uploads\/2025\/03\/Adjustable-U-head-1-300x300.jpg 300w, https:\/\/www.gowe-group.com\/wp-content\/uploads\/2025\/03\/Adjustable-U-head-1-150x150.jpg 150w, https:\/\/www.gowe-group.com\/wp-content\/uploads\/2025\/03\/Adjustable-U-head-1-12x12.jpg 12w, https:\/\/www.gowe-group.com\/wp-content\/uploads\/2025\/03\/Adjustable-U-head-1-100x100.jpg 100w, https:\/\/www.gowe-group.com\/wp-content\/uploads\/2025\/03\/Adjustable-U-head-1.jpg 500w\" sizes=\"(max-width: 300px) 100vw, 300px\" \/><\/td>\n<td style=\"width: 25%;\"><img loading=\"lazy\" decoding=\"async\" class=\"size-medium wp-image-4916 aligncenter\" src=\"https:\/\/www.gowe-group.com\/wp-content\/uploads\/2025\/03\/Base-Collar-2-300x300.jpg\" alt=\"Base Collar-sistema de andaimes-gowe\" width=\"300\" height=\"300\" srcset=\"https:\/\/www.gowe-group.com\/wp-content\/uploads\/2025\/03\/Base-Collar-2-300x300.jpg 300w, https:\/\/www.gowe-group.com\/wp-content\/uploads\/2025\/03\/Base-Collar-2-150x150.jpg 150w, https:\/\/www.gowe-group.com\/wp-content\/uploads\/2025\/03\/Base-Collar-2-12x12.jpg 12w, https:\/\/www.gowe-group.com\/wp-content\/uploads\/2025\/03\/Base-Collar-2-100x100.jpg 100w, https:\/\/www.gowe-group.com\/wp-content\/uploads\/2025\/03\/Base-Collar-2.jpg 500w\" sizes=\"(max-width: 300px) 100vw, 300px\" \/><\/td>\n<td style=\"width: 25%;\"><img loading=\"lazy\" decoding=\"async\" class=\"aligncenter wp-image-4917 size-medium\" src=\"https:\/\/www.gowe-group.com\/wp-content\/uploads\/2025\/03\/Horizontal-Diagonal-Brace-1-300x300.jpg\" alt=\"Cinta diagonal-Sistema de andaimes-gowe\" width=\"300\" height=\"300\" srcset=\"https:\/\/www.gowe-group.com\/wp-content\/uploads\/2025\/03\/Horizontal-Diagonal-Brace-1-300x300.jpg 300w, https:\/\/www.gowe-group.com\/wp-content\/uploads\/2025\/03\/Horizontal-Diagonal-Brace-1-150x150.jpg 150w, https:\/\/www.gowe-group.com\/wp-content\/uploads\/2025\/03\/Horizontal-Diagonal-Brace-1-12x12.jpg 12w, https:\/\/www.gowe-group.com\/wp-content\/uploads\/2025\/03\/Horizontal-Diagonal-Brace-1-100x100.jpg 100w, https:\/\/www.gowe-group.com\/wp-content\/uploads\/2025\/03\/Horizontal-Diagonal-Brace-1.jpg 500w\" sizes=\"(max-width: 300px) 100vw, 300px\" \/><\/td>\n<\/tr>\n<tr>\n<td style=\"width: 25%; text-align: center;\"><strong>Base Jack<\/strong><\/td>\n<td style=\"width: 25%; text-align: center;\"><strong>Macaco de cabe\u00e7a em U<\/strong><\/td>\n<td style=\"width: 25%; text-align: center;\"><strong>Colar de base<\/strong><\/td>\n<td style=\"width: 25%; text-align: center;\"><strong>Bra\u00e7adeira diagonal<\/strong><\/td>\n<\/tr>\n<tr>\n<td style=\"width: 25%;\"><img loading=\"lazy\" decoding=\"async\" class=\"alignnone size-medium wp-image-4918\" src=\"https:\/\/www.gowe-group.com\/wp-content\/uploads\/2025\/03\/Standard-with-Spigot-2-300x300.jpg\" alt=\"De s\u00e9rie com o sistema de espig\u00e3o-escafandro-gowe\" width=\"300\" height=\"300\" srcset=\"https:\/\/www.gowe-group.com\/wp-content\/uploads\/2025\/03\/Standard-with-Spigot-2-300x300.jpg 300w, https:\/\/www.gowe-group.com\/wp-content\/uploads\/2025\/03\/Standard-with-Spigot-2-150x150.jpg 150w, https:\/\/www.gowe-group.com\/wp-content\/uploads\/2025\/03\/Standard-with-Spigot-2-12x12.jpg 12w, https:\/\/www.gowe-group.com\/wp-content\/uploads\/2025\/03\/Standard-with-Spigot-2-100x100.jpg 100w, https:\/\/www.gowe-group.com\/wp-content\/uploads\/2025\/03\/Standard-with-Spigot-2.jpg 500w\" sizes=\"(max-width: 300px) 100vw, 300px\" \/><\/td>\n<td style=\"width: 25%;\"><img loading=\"lazy\" decoding=\"async\" class=\"aligncenter size-medium wp-image-4920\" src=\"https:\/\/www.gowe-group.com\/wp-content\/uploads\/2025\/03\/Metal-Plank-2-300x300.jpg\" alt=\"Prancha met\u00e1lica-sistema de andaimes-gowe\" width=\"300\" height=\"300\" srcset=\"https:\/\/www.gowe-group.com\/wp-content\/uploads\/2025\/03\/Metal-Plank-2-300x300.jpg 300w, https:\/\/www.gowe-group.com\/wp-content\/uploads\/2025\/03\/Metal-Plank-2-150x150.jpg 150w, https:\/\/www.gowe-group.com\/wp-content\/uploads\/2025\/03\/Metal-Plank-2-12x12.jpg 12w, https:\/\/www.gowe-group.com\/wp-content\/uploads\/2025\/03\/Metal-Plank-2-100x100.jpg 100w, https:\/\/www.gowe-group.com\/wp-content\/uploads\/2025\/03\/Metal-Plank-2.jpg 500w\" sizes=\"(max-width: 300px) 100vw, 300px\" \/><\/td>\n<td style=\"width: 25%;\"><img loading=\"lazy\" decoding=\"async\" class=\"aligncenter size-medium wp-image-4921\" src=\"https:\/\/www.gowe-group.com\/wp-content\/uploads\/2025\/03\/Catwalk-2-300x300.jpg\" alt=\"Passarela-placa de a\u00e7o-deck-gowe\" width=\"300\" height=\"300\" srcset=\"https:\/\/www.gowe-group.com\/wp-content\/uploads\/2025\/03\/Catwalk-2-300x300.jpg 300w, https:\/\/www.gowe-group.com\/wp-content\/uploads\/2025\/03\/Catwalk-2-150x150.jpg 150w, https:\/\/www.gowe-group.com\/wp-content\/uploads\/2025\/03\/Catwalk-2-12x12.jpg 12w, https:\/\/www.gowe-group.com\/wp-content\/uploads\/2025\/03\/Catwalk-2-100x100.jpg 100w, https:\/\/www.gowe-group.com\/wp-content\/uploads\/2025\/03\/Catwalk-2.jpg 500w\" sizes=\"(max-width: 300px) 100vw, 300px\" \/><\/td>\n<td style=\"width: 25%;\"><img loading=\"lazy\" decoding=\"async\" class=\"aligncenter size-medium wp-image-4922\" src=\"https:\/\/www.gowe-group.com\/wp-content\/uploads\/2025\/03\/Monkey-Ladder-1-300x300.jpg\" alt=\"Escada de macaco-sistema de andaimes-gowe\" width=\"300\" height=\"300\" srcset=\"https:\/\/www.gowe-group.com\/wp-content\/uploads\/2025\/03\/Monkey-Ladder-1-300x300.jpg 300w, https:\/\/www.gowe-group.com\/wp-content\/uploads\/2025\/03\/Monkey-Ladder-1-150x150.jpg 150w, https:\/\/www.gowe-group.com\/wp-content\/uploads\/2025\/03\/Monkey-Ladder-1-12x12.jpg 12w, https:\/\/www.gowe-group.com\/wp-content\/uploads\/2025\/03\/Monkey-Ladder-1-100x100.jpg 100w, https:\/\/www.gowe-group.com\/wp-content\/uploads\/2025\/03\/Monkey-Ladder-1.jpg 500w\" sizes=\"(max-width: 300px) 100vw, 300px\" \/><\/td>\n<\/tr>\n<tr>\n<td style=\"width: 25%; text-align: center;\"><strong>Padr\u00e3o<\/strong><\/td>\n<td style=\"width: 25%; text-align: center;\"><strong>Prancha met\u00e1lica<\/strong><\/td>\n<td style=\"width: 25%; text-align: center;\"><strong>Passadi\u00e7o\/Prancha de a\u00e7o\/Deck<\/strong><\/td>\n<td style=\"width: 25%; text-align: center;\"><strong>Escada<\/strong><\/td>\n<\/tr>\n<tr>\n<td style=\"width: 25%; text-align: center;\"><strong><img loading=\"lazy\" decoding=\"async\" class=\"aligncenter size-medium wp-image-4923\" src=\"https:\/\/www.gowe-group.com\/wp-content\/uploads\/2025\/03\/Triangle-Bracket-1-300x300.jpg\" alt=\"Suporte triangular-sistema de andaimes-gowe\" width=\"300\" height=\"300\" srcset=\"https:\/\/www.gowe-group.com\/wp-content\/uploads\/2025\/03\/Triangle-Bracket-1-300x300.jpg 300w, https:\/\/www.gowe-group.com\/wp-content\/uploads\/2025\/03\/Triangle-Bracket-1-150x150.jpg 150w, https:\/\/www.gowe-group.com\/wp-content\/uploads\/2025\/03\/Triangle-Bracket-1-12x12.jpg 12w, https:\/\/www.gowe-group.com\/wp-content\/uploads\/2025\/03\/Triangle-Bracket-1-100x100.jpg 100w, https:\/\/www.gowe-group.com\/wp-content\/uploads\/2025\/03\/Triangle-Bracket-1.jpg 500w\" sizes=\"(max-width: 300px) 100vw, 300px\" \/><\/strong><\/td>\n<td style=\"width: 25%; text-align: center;\"><strong><img loading=\"lazy\" decoding=\"async\" class=\"aligncenter size-medium wp-image-4924\" src=\"https:\/\/www.gowe-group.com\/wp-content\/uploads\/2025\/03\/Rosette-1-300x300.jpg\" alt=\"Sistema de andaimes para rosetas-GOWE\" width=\"300\" height=\"300\" srcset=\"https:\/\/www.gowe-group.com\/wp-content\/uploads\/2025\/03\/Rosette-1-300x300.jpg 300w, https:\/\/www.gowe-group.com\/wp-content\/uploads\/2025\/03\/Rosette-1-150x150.jpg 150w, https:\/\/www.gowe-group.com\/wp-content\/uploads\/2025\/03\/Rosette-1-12x12.jpg 12w, https:\/\/www.gowe-group.com\/wp-content\/uploads\/2025\/03\/Rosette-1-100x100.jpg 100w, https:\/\/www.gowe-group.com\/wp-content\/uploads\/2025\/03\/Rosette-1.jpg 500w\" sizes=\"(max-width: 300px) 100vw, 300px\" \/><\/strong><\/td>\n<td style=\"width: 25%; text-align: center;\"><strong><img loading=\"lazy\" decoding=\"async\" class=\"aligncenter size-medium wp-image-4925\" src=\"https:\/\/www.gowe-group.com\/wp-content\/uploads\/2025\/03\/Diagonal-Brace-Casting-Head-1-300x300.jpg\" alt=\"Cabe\u00e7a de fundi\u00e7\u00e3o de cinta diagonal-SISTEMA DE ENCAIXE-GOWE\" width=\"300\" height=\"300\" srcset=\"https:\/\/www.gowe-group.com\/wp-content\/uploads\/2025\/03\/Diagonal-Brace-Casting-Head-1-300x300.jpg 300w, https:\/\/www.gowe-group.com\/wp-content\/uploads\/2025\/03\/Diagonal-Brace-Casting-Head-1-150x150.jpg 150w, https:\/\/www.gowe-group.com\/wp-content\/uploads\/2025\/03\/Diagonal-Brace-Casting-Head-1-12x12.jpg 12w, https:\/\/www.gowe-group.com\/wp-content\/uploads\/2025\/03\/Diagonal-Brace-Casting-Head-1-100x100.jpg 100w, https:\/\/www.gowe-group.com\/wp-content\/uploads\/2025\/03\/Diagonal-Brace-Casting-Head-1.jpg 500w\" sizes=\"(max-width: 300px) 100vw, 300px\" \/><\/strong><\/td>\n<td style=\"width: 25%; text-align: center;\"><strong><img loading=\"lazy\" decoding=\"async\" class=\"aligncenter size-medium wp-image-4926\" src=\"https:\/\/www.gowe-group.com\/wp-content\/uploads\/2025\/03\/Ledger-Casting-Head-5-300x300.jpg\" alt=\"Cabe\u00e7a de fundi\u00e7\u00e3o de l\u00e2minas-sistema de andaimes-gowe\" width=\"300\" height=\"300\" srcset=\"https:\/\/www.gowe-group.com\/wp-content\/uploads\/2025\/03\/Ledger-Casting-Head-5-300x300.jpg 300w, https:\/\/www.gowe-group.com\/wp-content\/uploads\/2025\/03\/Ledger-Casting-Head-5-150x150.jpg 150w, https:\/\/www.gowe-group.com\/wp-content\/uploads\/2025\/03\/Ledger-Casting-Head-5-12x12.jpg 12w, https:\/\/www.gowe-group.com\/wp-content\/uploads\/2025\/03\/Ledger-Casting-Head-5-100x100.jpg 100w, https:\/\/www.gowe-group.com\/wp-content\/uploads\/2025\/03\/Ledger-Casting-Head-5.jpg 500w\" sizes=\"(max-width: 300px) 100vw, 300px\" \/><\/strong><\/td>\n<\/tr>\n<tr>\n<td style=\"width: 25%; text-align: center;\"><strong>Suporte triangular<\/strong><\/td>\n<td style=\"width: 25%; text-align: center;\"><strong>Roseta M48\/M60<\/strong><\/td>\n<td style=\"width: 25%; text-align: center;\"><strong>Cabe\u00e7a de cinta diagonal com pino<\/strong><\/td>\n<td style=\"width: 25%; text-align: center;\"><strong>Cabe\u00e7a de registo<\/strong><\/td>\n<\/tr>\n<tr>\n<td style=\"width: 25%; text-align: center;\"><strong><img loading=\"lazy\" decoding=\"async\" class=\"aligncenter size-medium wp-image-4927\" src=\"https:\/\/www.gowe-group.com\/wp-content\/uploads\/2025\/03\/Staircase-1-300x300.jpg\" alt=\"Escada-gaveta\" width=\"300\" height=\"300\" srcset=\"https:\/\/www.gowe-group.com\/wp-content\/uploads\/2025\/03\/Staircase-1-300x300.jpg 300w, https:\/\/www.gowe-group.com\/wp-content\/uploads\/2025\/03\/Staircase-1-150x150.jpg 150w, https:\/\/www.gowe-group.com\/wp-content\/uploads\/2025\/03\/Staircase-1-12x12.jpg 12w, https:\/\/www.gowe-group.com\/wp-content\/uploads\/2025\/03\/Staircase-1-100x100.jpg 100w, https:\/\/www.gowe-group.com\/wp-content\/uploads\/2025\/03\/Staircase-1.jpg 500w\" sizes=\"(max-width: 300px) 100vw, 300px\" \/><\/strong><\/td>\n<td style=\"width: 25%; text-align: center;\"><strong><img loading=\"lazy\" decoding=\"async\" class=\"aligncenter size-medium wp-image-4928\" src=\"https:\/\/www.gowe-group.com\/wp-content\/uploads\/2025\/03\/Joint-Pin-1-300x300.jpg\" alt=\"Junta Pin-gowe\" width=\"300\" height=\"300\" srcset=\"https:\/\/www.gowe-group.com\/wp-content\/uploads\/2025\/03\/Joint-Pin-1-300x300.jpg 300w, https:\/\/www.gowe-group.com\/wp-content\/uploads\/2025\/03\/Joint-Pin-1-150x150.jpg 150w, https:\/\/www.gowe-group.com\/wp-content\/uploads\/2025\/03\/Joint-Pin-1-12x12.jpg 12w, https:\/\/www.gowe-group.com\/wp-content\/uploads\/2025\/03\/Joint-Pin-1-100x100.jpg 100w, https:\/\/www.gowe-group.com\/wp-content\/uploads\/2025\/03\/Joint-Pin-1.jpg 500w\" sizes=\"(max-width: 300px) 100vw, 300px\" \/><\/strong><\/td>\n<td style=\"width: 25%; text-align: center;\"><strong>\u00a0<\/strong><\/td>\n<td style=\"width: 25%; text-align: center;\"><strong>\u00a0<\/strong><\/td>\n<\/tr>\n<tr>\n<td style=\"width: 25%; text-align: center;\"><strong>Escada<\/strong><\/td>\n<td style=\"width: 25%; text-align: center;\"><strong>Torneira<\/strong><\/td>\n<td style=\"width: 25%; text-align: center;\"><strong>\u00a0<\/strong><\/td>\n<td style=\"width: 25%; text-align: center;\"><strong>\u00a0<\/strong><\/td>\n<\/tr>\n<\/tbody>\n<\/table>","protected":false},"excerpt":{"rendered":"<p>O andaime Ringlock \u00e9 um sistema de andaime modular muito utilizado em projectos de constru\u00e7\u00e3o e manuten\u00e7\u00e3o. \u00c9 conhecido pela sua versatilidade, facilidade de montagem e elevada capacidade de carga. Atualmente, o produto \u00e9 amplamente utilizado em \u00e1reas de engenharia de constru\u00e7\u00e3o industrial e civil, tais como pontes, t\u00faneis, centrais el\u00e9ctricas, petroqu\u00edmicas, constru\u00e7\u00e3o naval, caminhos-de-ferro, aeroportos, docas, etc. O andaime Ring System pode ser utilizado em diferentes terrenos e edif\u00edcios. \u00c9 compat\u00edvel com v\u00e1rios tipos de cofragem (cofragem tradicional, sistema de cofragem ou pain\u00e9is de a\u00e7o) para uma conce\u00e7\u00e3o perfeita.<\/p>","protected":false},"featured_media":5540,"comment_status":"closed","ping_status":"closed","template":"","meta":{"_acf_changed":false},"product_brand":[],"product_cat":[131,78,54],"product_tag":[],"class_list":{"0":"post-3732","1":"product","2":"type-product","3":"status-publish","4":"has-post-thumbnail","6":"product_cat-hot-products","7":"product_cat-ringlock-scaffolding","8":"product_cat-scaffolding-series","10":"first","11":"instock","12":"shipping-taxable","13":"product-type-simple"},"acf":[],"_links":{"self":[{"href":"https:\/\/www.gowe-group.com\/pt\/wp-json\/wp\/v2\/product\/3732","targetHints":{"allow":["GET"]}}],"collection":[{"href":"https:\/\/www.gowe-group.com\/pt\/wp-json\/wp\/v2\/product"}],"about":[{"href":"https:\/\/www.gowe-group.com\/pt\/wp-json\/wp\/v2\/types\/product"}],"replies":[{"embeddable":true,"href":"https:\/\/www.gowe-group.com\/pt\/wp-json\/wp\/v2\/comments?post=3732"}],"wp:featuredmedia":[{"embeddable":true,"href":"https:\/\/www.gowe-group.com\/pt\/wp-json\/wp\/v2\/media\/5540"}],"wp:attachment":[{"href":"https:\/\/www.gowe-group.com\/pt\/wp-json\/wp\/v2\/media?parent=3732"}],"wp:term":[{"taxonomy":"product_brand","embeddable":true,"href":"https:\/\/www.gowe-group.com\/pt\/wp-json\/wp\/v2\/product_brand?post=3732"},{"taxonomy":"product_cat","embeddable":true,"href":"https:\/\/www.gowe-group.com\/pt\/wp-json\/wp\/v2\/product_cat?post=3732"},{"taxonomy":"product_tag","embeddable":true,"href":"https:\/\/www.gowe-group.com\/pt\/wp-json\/wp\/v2\/product_tag?post=3732"}],"curies":[{"name":"wp","href":"https:\/\/api.w.org\/{rel}","templated":true}]}}