{"id":4656,"date":"2025-04-22T14:16:01","date_gmt":"2025-04-22T06:16:01","guid":{"rendered":"https:\/\/www.gowe-group.com\/?post_type=product&#038;p=4656"},"modified":"2025-08-15T11:54:24","modified_gmt":"2025-08-15T03:54:24","slug":"sistema-de-estrutura-espacial-de-longo-alcance","status":"publish","type":"product","link":"https:\/\/www.gowe-group.com\/pt\/product\/long-span-space-structure-system\/","title":{"rendered":"Sistema de estrutura espacial de longo alcance"},"content":{"rendered":"<h2 style=\"text-align: center;\">Introdu\u00e7\u00e3o ao produto<\/h2>\n<h3 style=\"text-align: center;\">Super treli\u00e7a de a\u00e7o em espa\u00e7o complexo<\/h3>\n<h3 style=\"text-align: center;\"><img fetchpriority=\"high\" decoding=\"async\" class=\"aligncenter size-full wp-image-5320\" src=\"https:\/\/www.gowe-group.com\/wp-content\/uploads\/2025\/04\/Super-steel-truss-in-complex-space.jpg\" alt=\"Super treli\u00e7a de a\u00e7o em espa\u00e7o complexo\" width=\"950\" height=\"650\" srcset=\"https:\/\/www.gowe-group.com\/wp-content\/uploads\/2025\/04\/Super-steel-truss-in-complex-space.jpg 950w, https:\/\/www.gowe-group.com\/wp-content\/uploads\/2025\/04\/Super-steel-truss-in-complex-space-300x205.jpg 300w, https:\/\/www.gowe-group.com\/wp-content\/uploads\/2025\/04\/Super-steel-truss-in-complex-space-768x525.jpg 768w, https:\/\/www.gowe-group.com\/wp-content\/uploads\/2025\/04\/Super-steel-truss-in-complex-space-18x12.jpg 18w, https:\/\/www.gowe-group.com\/wp-content\/uploads\/2025\/04\/Super-steel-truss-in-complex-space-600x411.jpg 600w\" sizes=\"(max-width: 950px) 100vw, 950px\" \/><\/h3>\n<p>&nbsp;<\/p>\n<h3 style=\"text-align: center;\">Casca de rede espacial de parede fina de camada \u00fanica<\/h3>\n<p><img decoding=\"async\" class=\"aligncenter size-full wp-image-5322\" src=\"https:\/\/www.gowe-group.com\/wp-content\/uploads\/2025\/04\/Single-layer-thin-wall-space-lattice-shell.jpg\" alt=\"Casca de rede espacial de parede fina de camada \u00fanica\" width=\"950\" height=\"650\" srcset=\"https:\/\/www.gowe-group.com\/wp-content\/uploads\/2025\/04\/Single-layer-thin-wall-space-lattice-shell.jpg 950w, https:\/\/www.gowe-group.com\/wp-content\/uploads\/2025\/04\/Single-layer-thin-wall-space-lattice-shell-300x205.jpg 300w, https:\/\/www.gowe-group.com\/wp-content\/uploads\/2025\/04\/Single-layer-thin-wall-space-lattice-shell-768x525.jpg 768w, https:\/\/www.gowe-group.com\/wp-content\/uploads\/2025\/04\/Single-layer-thin-wall-space-lattice-shell-18x12.jpg 18w, https:\/\/www.gowe-group.com\/wp-content\/uploads\/2025\/04\/Single-layer-thin-wall-space-lattice-shell-600x411.jpg 600w\" sizes=\"(max-width: 950px) 100vw, 950px\" \/><\/p>\n<p>&nbsp;<\/p>\n<h3 style=\"text-align: center;\">Estrutura de a\u00e7o de grelha de a\u00e7o espacial mais estrutura de treli\u00e7a de a\u00e7o<\/h3>\n<p><img decoding=\"async\" class=\"aligncenter size-full wp-image-5321\" src=\"https:\/\/www.gowe-group.com\/wp-content\/uploads\/2025\/04\/Space-steel-grid-steel-structure-plus-steel-truss-structure-2.jpg\" alt=\"Estrutura de a\u00e7o de grelha de a\u00e7o espacial mais estrutura de treli\u00e7a de a\u00e7o\" width=\"950\" height=\"650\" srcset=\"https:\/\/www.gowe-group.com\/wp-content\/uploads\/2025\/04\/Space-steel-grid-steel-structure-plus-steel-truss-structure-2.jpg 950w, https:\/\/www.gowe-group.com\/wp-content\/uploads\/2025\/04\/Space-steel-grid-steel-structure-plus-steel-truss-structure-2-300x205.jpg 300w, https:\/\/www.gowe-group.com\/wp-content\/uploads\/2025\/04\/Space-steel-grid-steel-structure-plus-steel-truss-structure-2-768x525.jpg 768w, https:\/\/www.gowe-group.com\/wp-content\/uploads\/2025\/04\/Space-steel-grid-steel-structure-plus-steel-truss-structure-2-18x12.jpg 18w, https:\/\/www.gowe-group.com\/wp-content\/uploads\/2025\/04\/Space-steel-grid-steel-structure-plus-steel-truss-structure-2-600x411.jpg 600w\" sizes=\"(max-width: 950px) 100vw, 950px\" \/><\/p>\n<p>&nbsp;<\/p>","protected":false},"excerpt":{"rendered":"<p>Agentes Aplicares de Liberta\u00e7\u00e3o:<\/p>","protected":false},"featured_media":5322,"comment_status":"closed","ping_status":"closed","template":"","meta":{"_acf_changed":false},"product_brand":[],"product_cat":[128,59],"product_tag":[],"class_list":{"0":"post-4656","1":"product","2":"type-product","3":"status-publish","4":"has-post-thumbnail","6":"product_cat-long-span-space-structure-system","7":"product_cat-steel-structure","9":"first","10":"instock","11":"shipping-taxable","12":"product-type-simple"},"acf":[],"_links":{"self":[{"href":"https:\/\/www.gowe-group.com\/pt\/wp-json\/wp\/v2\/product\/4656","targetHints":{"allow":["GET"]}}],"collection":[{"href":"https:\/\/www.gowe-group.com\/pt\/wp-json\/wp\/v2\/product"}],"about":[{"href":"https:\/\/www.gowe-group.com\/pt\/wp-json\/wp\/v2\/types\/product"}],"replies":[{"embeddable":true,"href":"https:\/\/www.gowe-group.com\/pt\/wp-json\/wp\/v2\/comments?post=4656"}],"wp:featuredmedia":[{"embeddable":true,"href":"https:\/\/www.gowe-group.com\/pt\/wp-json\/wp\/v2\/media\/5322"}],"wp:attachment":[{"href":"https:\/\/www.gowe-group.com\/pt\/wp-json\/wp\/v2\/media?parent=4656"}],"wp:term":[{"taxonomy":"product_brand","embeddable":true,"href":"https:\/\/www.gowe-group.com\/pt\/wp-json\/wp\/v2\/product_brand?post=4656"},{"taxonomy":"product_cat","embeddable":true,"href":"https:\/\/www.gowe-group.com\/pt\/wp-json\/wp\/v2\/product_cat?post=4656"},{"taxonomy":"product_tag","embeddable":true,"href":"https:\/\/www.gowe-group.com\/pt\/wp-json\/wp\/v2\/product_tag?post=4656"}],"curies":[{"name":"wp","href":"https:\/\/api.w.org\/{rel}","templated":true}]}}