{"id":4788,"date":"2025-04-25T17:52:36","date_gmt":"2025-04-25T09:52:36","guid":{"rendered":"https:\/\/www.gowe-group.com\/?post_type=product&#038;p=4788"},"modified":"2025-08-15T11:04:41","modified_gmt":"2025-08-15T03:04:41","slug":"plataforma-de-protecao","status":"publish","type":"product","link":"https:\/\/www.gowe-group.com\/pt\/product\/protection-platform\/","title":{"rendered":"Plataforma de prote\u00e7\u00e3o"},"content":{"rendered":"<h3>O quadro prim\u00e1rio inclui os seguintes componentes:<\/h3>\n<p><strong>Normas verticais<\/strong> - Os principais postes verticais que formam a estrutura de suporte de carga.<\/p>\n<p><strong>Suportes diagonais (suportes triangulares)<\/strong> - Utilizado para aumentar a estabilidade e a rigidez do quadro.<\/p>\n<p><strong>Plataformas de trabalho (pranchas\/decks)<\/strong> - Proporcionar superf\u00edcies transit\u00e1veis para trabalhadores e materiais.<\/p>\n<p><strong>Pain\u00e9is secund\u00e1rios e Flip Boards<\/strong> - Pain\u00e9is suplementares que aumentam a flexibilidade e a adaptabilidade durante as opera\u00e7\u00f5es.<\/p>\n<p><strong>Malha de seguran\u00e7a externa<\/strong> - Instalado no lado exterior para prote\u00e7\u00e3o contra quedas e conten\u00e7\u00e3o de detritos.<\/p>\n<p><strong>Treli\u00e7as de suporte horizontal<\/strong> - Fornecer apoio estrutural ao longo da estrutura e ligar os elementos verticais.<\/p>\n<p>&nbsp;<\/p>\n<p><img fetchpriority=\"high\" decoding=\"async\" class=\"aligncenter size-full wp-image-5542\" src=\"https:\/\/www.gowe-group.com\/wp-content\/uploads\/2025\/04\/Key-Components-of-self-climbing-system-gowe.jpg\" alt=\"Componentes principais do sistema de auto-escalada-gowe\" width=\"620\" height=\"750\" srcset=\"https:\/\/www.gowe-group.com\/wp-content\/uploads\/2025\/04\/Key-Components-of-self-climbing-system-gowe.jpg 620w, https:\/\/www.gowe-group.com\/wp-content\/uploads\/2025\/04\/Key-Components-of-self-climbing-system-gowe-248x300.jpg 248w, https:\/\/www.gowe-group.com\/wp-content\/uploads\/2025\/04\/Key-Components-of-self-climbing-system-gowe-10x12.jpg 10w, https:\/\/www.gowe-group.com\/wp-content\/uploads\/2025\/04\/Key-Components-of-self-climbing-system-gowe-600x726.jpg 600w\" sizes=\"(max-width: 620px) 100vw, 620px\" \/><\/p>","protected":false},"excerpt":{"rendered":"<p>Sistema de auto-escalada (plataforma de prote\u00e7\u00e3o), feito de a\u00e7o galvanizado de mergulho quente, se aplica \u00e0 constru\u00e7\u00e3o. Os dados do sistema est\u00e3o em certa altura e ligados \u00e0 estrutura, feitos. Ele depende de seu equipamento elevante para ascender ou descer ao longo da estrutura camada por camada. Protec\u00e7\u00e3o da seguran\u00e7a, anti-inclina\u00e7\u00e3o, anti-queda e escalada sincronizada. \u00c9 constitu\u00edda por uma estrutura plataforma de estrutura de levantamento, equipamento de energia, equipamento anti-queda, etc.<\/p>","protected":false},"featured_media":4789,"comment_status":"closed","ping_status":"closed","template":"","meta":{"_acf_changed":false},"product_brand":[],"product_cat":[15,61],"product_tag":[],"class_list":{"0":"post-4788","1":"product","2":"type-product","3":"status-publish","4":"has-post-thumbnail","6":"product_cat-protection-platform","7":"product_cat-self-climbing-platform","9":"first","10":"instock","11":"shipping-taxable","12":"product-type-simple"},"acf":[],"_links":{"self":[{"href":"https:\/\/www.gowe-group.com\/pt\/wp-json\/wp\/v2\/product\/4788","targetHints":{"allow":["GET"]}}],"collection":[{"href":"https:\/\/www.gowe-group.com\/pt\/wp-json\/wp\/v2\/product"}],"about":[{"href":"https:\/\/www.gowe-group.com\/pt\/wp-json\/wp\/v2\/types\/product"}],"replies":[{"embeddable":true,"href":"https:\/\/www.gowe-group.com\/pt\/wp-json\/wp\/v2\/comments?post=4788"}],"wp:featuredmedia":[{"embeddable":true,"href":"https:\/\/www.gowe-group.com\/pt\/wp-json\/wp\/v2\/media\/4789"}],"wp:attachment":[{"href":"https:\/\/www.gowe-group.com\/pt\/wp-json\/wp\/v2\/media?parent=4788"}],"wp:term":[{"taxonomy":"product_brand","embeddable":true,"href":"https:\/\/www.gowe-group.com\/pt\/wp-json\/wp\/v2\/product_brand?post=4788"},{"taxonomy":"product_cat","embeddable":true,"href":"https:\/\/www.gowe-group.com\/pt\/wp-json\/wp\/v2\/product_cat?post=4788"},{"taxonomy":"product_tag","embeddable":true,"href":"https:\/\/www.gowe-group.com\/pt\/wp-json\/wp\/v2\/product_tag?post=4788"}],"curies":[{"name":"wp","href":"https:\/\/api.w.org\/{rel}","templated":true}]}}