{"id":5201,"date":"2025-06-25T15:37:34","date_gmt":"2025-06-25T07:37:34","guid":{"rendered":"https:\/\/www.gowe-group.com\/?post_type=product&#038;p=5201"},"modified":"2025-07-02T10:43:39","modified_gmt":"2025-07-02T02:43:39","slug":"central-electrica-petroquimica-sistema-de-estrutura-de-aco-de-grande-escala","status":"publish","type":"product","link":"https:\/\/www.gowe-group.com\/pt\/product\/petrochemical-power-plant-large-scale-steel-structure-system\/","title":{"rendered":"Sistema de estrutura de a\u00e7o de grande escala para centrais el\u00e9ctricas e petroqu\u00edmicas"},"content":{"rendered":"<h2 style=\"text-align: center;\">Introdu\u00e7\u00e3o ao produto<\/h2>\n<h3 style=\"text-align: center;\">1. estrutura de eleva\u00e7\u00e3o para viga de laje<\/h3>\n<p><img fetchpriority=\"high\" decoding=\"async\" class=\"aligncenter size-full wp-image-5318\" src=\"https:\/\/www.gowe-group.com\/wp-content\/uploads\/2025\/06\/Lifting-structure-for-slab-girder.jpg\" alt=\"Estrutura de eleva\u00e7\u00e3o para viga de laje\" width=\"950\" height=\"650\" srcset=\"https:\/\/www.gowe-group.com\/wp-content\/uploads\/2025\/06\/Lifting-structure-for-slab-girder.jpg 950w, https:\/\/www.gowe-group.com\/wp-content\/uploads\/2025\/06\/Lifting-structure-for-slab-girder-300x205.jpg 300w, https:\/\/www.gowe-group.com\/wp-content\/uploads\/2025\/06\/Lifting-structure-for-slab-girder-768x525.jpg 768w, https:\/\/www.gowe-group.com\/wp-content\/uploads\/2025\/06\/Lifting-structure-for-slab-girder-18x12.jpg 18w, https:\/\/www.gowe-group.com\/wp-content\/uploads\/2025\/06\/Lifting-structure-for-slab-girder-600x411.jpg 600w\" sizes=\"(max-width: 950px) 100vw, 950px\" \/><\/p>\n<h3 style=\"text-align: center;\">2. estrutura de a\u00e7o para a ind\u00fastria petroqu\u00edmica<\/h3>\n<p><img decoding=\"async\" class=\"aligncenter size-full wp-image-5319\" src=\"https:\/\/www.gowe-group.com\/wp-content\/uploads\/2025\/06\/Steel-structure-for-petrochemical-industry-2.jpg\" alt=\"Estrutura de a\u00e7o para a ind\u00fastria petroqu\u00edmica-2\" width=\"950\" height=\"650\" srcset=\"https:\/\/www.gowe-group.com\/wp-content\/uploads\/2025\/06\/Steel-structure-for-petrochemical-industry-2.jpg 950w, https:\/\/www.gowe-group.com\/wp-content\/uploads\/2025\/06\/Steel-structure-for-petrochemical-industry-2-300x205.jpg 300w, https:\/\/www.gowe-group.com\/wp-content\/uploads\/2025\/06\/Steel-structure-for-petrochemical-industry-2-768x525.jpg 768w, https:\/\/www.gowe-group.com\/wp-content\/uploads\/2025\/06\/Steel-structure-for-petrochemical-industry-2-18x12.jpg 18w, https:\/\/www.gowe-group.com\/wp-content\/uploads\/2025\/06\/Steel-structure-for-petrochemical-industry-2-600x411.jpg 600w\" sizes=\"(max-width: 950px) 100vw, 950px\" \/><\/p>\n<p>&nbsp;<\/p>","protected":false},"excerpt":{"rendered":"<p>Os sistemas de estrutura em a\u00e7o de grande escala para centrais el\u00e9ctricas e petroqu\u00edmicas s\u00e3o altamente dur\u00e1veis e podem suportar cargas pesadas e ambientes industriais adversos. A sua conce\u00e7\u00e3o modular permite uma montagem eficiente no local, reduzindo o tempo de constru\u00e7\u00e3o. Os materiais de a\u00e7o de elevada resist\u00eancia asseguram a estabilidade estrutural, enquanto os revestimentos resistentes \u00e0 corros\u00e3o prolongam a vida \u00fatil. Al\u00e9m disso, a possibilidade de reciclagem do a\u00e7o torna estes sistemas mais sustent\u00e1veis a longo prazo<\/p>","protected":false},"featured_media":5315,"comment_status":"closed","ping_status":"closed","template":"","meta":{"_acf_changed":false},"product_brand":[],"product_cat":[140,59],"product_tag":[],"class_list":{"0":"post-5201","1":"product","2":"type-product","3":"status-publish","4":"has-post-thumbnail","6":"product_cat-petrochemicalpower-plant-large-scale-steel-structure-system","7":"product_cat-steel-structure","9":"first","10":"instock","11":"shipping-taxable","12":"product-type-simple"},"acf":[],"_links":{"self":[{"href":"https:\/\/www.gowe-group.com\/pt\/wp-json\/wp\/v2\/product\/5201","targetHints":{"allow":["GET"]}}],"collection":[{"href":"https:\/\/www.gowe-group.com\/pt\/wp-json\/wp\/v2\/product"}],"about":[{"href":"https:\/\/www.gowe-group.com\/pt\/wp-json\/wp\/v2\/types\/product"}],"replies":[{"embeddable":true,"href":"https:\/\/www.gowe-group.com\/pt\/wp-json\/wp\/v2\/comments?post=5201"}],"wp:featuredmedia":[{"embeddable":true,"href":"https:\/\/www.gowe-group.com\/pt\/wp-json\/wp\/v2\/media\/5315"}],"wp:attachment":[{"href":"https:\/\/www.gowe-group.com\/pt\/wp-json\/wp\/v2\/media?parent=5201"}],"wp:term":[{"taxonomy":"product_brand","embeddable":true,"href":"https:\/\/www.gowe-group.com\/pt\/wp-json\/wp\/v2\/product_brand?post=5201"},{"taxonomy":"product_cat","embeddable":true,"href":"https:\/\/www.gowe-group.com\/pt\/wp-json\/wp\/v2\/product_cat?post=5201"},{"taxonomy":"product_tag","embeddable":true,"href":"https:\/\/www.gowe-group.com\/pt\/wp-json\/wp\/v2\/product_tag?post=5201"}],"curies":[{"name":"wp","href":"https:\/\/api.w.org\/{rel}","templated":true}]}}